{"id":3,"date":"2021-04-26T19:36:41","date_gmt":"2021-04-26T19:36:41","guid":{"rendered":"https:\/\/www.elementdebase.com\/?page_id=3"},"modified":"2022-05-21T12:44:05","modified_gmt":"2022-05-21T12:44:05","slug":"politique-de-confidentialite","status":"publish","type":"page","link":"https:\/\/edbtestingwebsite.com\/en\/privacy-policy\/","title":{"rendered":"Privacy Policy"},"content":{"rendered":"\n<p>last updated : march 1st 2016<\/p>\n\n\n\n<p>element de base inc., (\u201celement de base\u201d) value the privacy of its customers, employees and suppliers.<br>element de base\u2019s collection, use and disclosure of personal information will comply with this privacy<br>policy.<\/p>\n\n\n\n<p>the element de base privacy policy governs all collection, use and disclosure of personal information by<br>element de base. the element de base privacy policy does not apply to information that is exempted from<br>the definition of \u201cpersonal information\u201d in applicable privacy statutes.<\/p>\n\n\n\n<p>this privacy policy (this \u201d policy\u201d) describes the personal information we may collect from you, the<br>purposes for which we collect it, how we use it and when we may share it with third parties. this policy also<br>describes the choices you can make about how we collect, use and disclose your information. element de<br>base will not collect, use or disclose your personal information other than in compliance with this policy. \u200b<br>\u200b<br>by using the www.elementdebase.com website and\/or making online purchases of products, you agree to<br>the terms and conditions of element de base\u2019s policy. if our policy changes in the future, we will notify our<br>customers and website users of any such changes by posting an updated policy on our website. \u200b<br>\u200b<br>following the posting of such changes, your continued use of the www.elementdebase.com website will<br>constitute your acceptance of these changes and you will be bound by such changes. if you do not<br>continue to use the www.elementdebase.com website following a change to our policy but take no other<br>action with respect to your personal information, our use of that information will remain subject to our policy<br>as it was in effect prior to the change. you are responsible for regularly reviewing this policy and any<br>changes thereto.<\/p>\n\n\n\n<p>privacy enquiries should be directed to element de base customer service team, who can be reached at<br>1-844-738-6484 or at&nbsp;<a href=\"mailto:support@elementdebase.com\">support@elementdebase.com<\/a>, or at 534 mccaffrey, saint-laurent, quebec, canada h4t&nbsp;1n1<\/p>\n\n\n\n<p>our privacy policy:<\/p>\n\n\n\n<p>collection of personal information<br>usage of personal information<br>other use of personal information<br>disclosure of personal information<br>agents and third party transfers<br>individual access to and correction of personal information<br>withdrawal of consent<br>record and security<\/p>\n\n\n\n<p>collection of personal information:<\/p>\n\n\n\n<p>we may collect personal information, such as your name, email address, postal address, phone number, or<br>credit card number, from you when you save or otherwise provide your personal information to us, such as<br>by setting up a user account and password, logging in as a registered user of www.elementdebase.com,<br>searching for a product, making an order for a product, providing information in your account (and you<br>might have more than one, if you\u2019ve used more than one e-mail address when shopping with us), interacting<br>with us by phone, e-mail, or through our websites, mobile optimized websites, mobile applications or<br>otherwise or if you complete an entry form to participate in a contest, promotion or survey, whether online<br>or at one of our retail stores. as a result of these actions, you might supply us with personal information,<br>such as your name, e-mail and postal addresses, phone number(s), credit card information, names of people<br>to whom purchases have been shipped, including address and telephone numbers, product interest<br>information and financial information and in certain circumstances, your opinions and individual<br>preferences. when you visit our website, we may also gather certain information automatically and store it<br>in log files. this information may include without limitation browser information, internet service provider<br>(isp), operating system, internet protocol (ip) addresses or other device identifiers, location and date\/time<br>stamp.<\/p>\n\n\n\n<p>use of personal information<\/p>\n\n\n\n<p>element de base may use personal information to:<\/p>\n\n\n\n<ul><li>identify customers to establish and maintain a relationship with them<\/li><li>communicate with you (via e-mail, post or otherwise) and provide you with promotional materials<br>and additional information regarding our products, services, surveys, contests, promotions and<br>special offers<\/li><li>provide customers with ongoing service, to process orders, to ensure proper delivery and to better<br>assist customers when they visit or call us<\/li><li>process your order and to answer questions about the status of your order<\/li><li>improve our product and service offerings<\/li><li>provide element de base customers with information about other element de base products and<br>services that may be of interest to them<\/li><li>protect against error and fraud<\/li><li>comply with legal and audit requirements<\/li><\/ul>\n\n\n\n<p>element de base may also use personal information to create statistics about our company. these statistics<br>do not contain any information that could personally identify any individual customer, employee or supplier.<\/p>\n\n\n\n<p>other use of personal information<br>in the event that all or part of element de base\u2019s assets were sold or financed, or if element de base were to<br>merge with another company, personal information in the possession of element de base could be disclosed<br>to the lender, buyer or merger partner, provided such personal information were to be used in strict<br>compliance with the element de base privacy policy.<br>element de base may also disclose your personal information in response to a search warrant or other<br>legally valid inquiry or order, or to an investigative body in the case of a breach of an agreement or<br>contravention of law, or as otherwise required by law. we may also disclose personal information to assist<br>us in collecting any debt owed by you.<br>disclosure of personal information<\/p>\n\n\n\n<p>element de base will not trade, rent or sell your personal information to any third party unless we tell you<br>about it and obtain your consent.<\/p>\n\n\n\n<p>agents and third party transfers<\/p>\n\n\n\n<p>some products and services that are provided through element de base (such as credit cards, extended<br>warranties, delivery and installation and repair services) may be provided by third parties in cooperation<br>with element de base. in order to provide you with the products or services that you request from us, we<br>may have to transfer information about you to these third parties.<br>in addition, using certain third party products to purchase products or services from element de base (such<br>as a credit cards) may require us to provide your personal information to third parties in order to process the<br>transaction.<\/p>\n\n\n\n<p>individual access to and correction of their personal information<\/p>\n\n\n\n<p>an individual request\u2019s request for access to their personal information in the possession of element de<br>base should be directed to our team at customer service by phone at 1-844-738-6484, or by email at<br>support@elementdebase.com, ou by mail to 534 mccaffrey, saint-laurent, quebec, canada, h4t 1n1. in<br>order to verify that the information is being release to the proper person, individuals may be asked to<br>provide suitable identification or to otherwise identify themselves.<\/p>\n\n\n\n<p>an individual may update or correct any of their personal information that element de base has in its<br>possession by contacting our customer service by phone at 1-844-738-6484, or by email at<br>support@elementdebase.com, ou by mail to 534 mccaffrey, saint-laurent, quebec, canada, h4t 1n1. in<br>order to verify that the information is being release to the proper person, individuals may be asked to<br>provide suitable identification or to otherwise identify themselves.<\/p>\n\n\n\n<p>withdrawal of consent<\/p>\n\n\n\n<p>individuals may withdraw their consent to element de base\u2019s use or disclosure of their personal information<br>by contacting the customer service phone at 1-844-738-6484, or by email at support@elementdebase.com,<br>ou by mail to 534 mccaffrey, saint-laurent, quebec, canada, h4t 1n1. in order to verify that the<br>information is being release to the proper person, individuals may be asked to provide suitable identification<br>or to otherwise identify themselves.<br>in some circumstances, the withdrawal of consent to certain uses or disclosures of personal information may<br>mean that element de base is no longer able to provide certain products or services to the individual or may<br>be unable to process returns, exchanges or refunds. if this is the case, element de base will inform you when<br>you contact us to withdraw your consent and give you the choice.<\/p>\n\n\n\n<p>record retention<\/p>\n\n\n\n<p>element de base will only retain personal information for as long as it is necessary to process related<br>transactions, maintain appropriate financial and audit records and protect element de base\u2019s legitimate<br>commercial interests.<\/p>\n\n\n\n<p>english language \u200b<br>you expressly agree that this policy and all ancillary documents be drafted solely in english;<br>vous consentez express\u00e9ment \u00e0 ce que ces politiques de confidentialit\u00e9 et tous les documents y<br>aff\u00e9rents soient r\u00e9dig\u00e9s en anglais seulement. \u200b<\/p>\n","protected":false},"excerpt":{"rendered":"<p>last updated : march 1st 2016 element de base inc., (\u201celement de base\u201d) value the privacy of its customers, employees and suppliers.element de base\u2019s collection, use and disclosure of personal information will comply with this privacypolicy. the element de base privacy policy governs all collection, use and disclosure of personal information byelement de base. the [&hellip;]<\/p>\n","protected":false},"author":1,"featured_media":0,"parent":0,"menu_order":19,"comment_status":"closed","ping_status":"open","template":"","meta":[],"translation":{"provider":"WPGlobus","version":"2.10.6","language":"en","enabled_languages":["fr","en"],"languages":{"fr":{"title":true,"content":true,"excerpt":false},"en":{"title":true,"content":false,"excerpt":false}}},"acf":[],"yoast_head":"<!-- This site is optimized with the Yoast SEO plugin v19.10 - https:\/\/yoast.com\/wordpress\/plugins\/seo\/ -->\n<title>Privacy Policy  - edb<\/title>\n<meta name=\"robots\" content=\"noindex, follow, max-snippet:-1, max-image-preview:large, max-video-preview:-1\" \/>\n<meta property=\"og:locale\" content=\"en_US\" \/>\n<meta property=\"og:type\" content=\"article\" \/>\n<meta property=\"og:title\" content=\"Privacy Policy  - edb\" \/>\n<meta property=\"og:url\" content=\"https:\/\/edbtestingwebsite.com\/en\/privacy-policy\/\" \/>\n<meta property=\"og:site_name\" content=\"edb\" \/>\n<meta property=\"article:modified_time\" content=\"2022-05-21T12:44:05+00:00\" \/>\n<meta name=\"twitter:card\" content=\"summary_large_image\" \/>\n<script type=\"application\/ld+json\" class=\"yoast-schema-graph\">{\"@context\":\"https:\/\/schema.org\",\"@graph\":[{\"@type\":\"WebPage\",\"@id\":\"https:\/\/edbtestingwebsite.com\/en\/privacy-policy\/\",\"url\":\"https:\/\/edbtestingwebsite.com\/en\/privacy-policy\/\",\"name\":\"Privacy Policy - edb\",\"isPartOf\":{\"@id\":\"https:\/\/edbtestingwebsite.com\/#website\"},\"datePublished\":\"2021-04-26T19:36:41+00:00\",\"dateModified\":\"2022-05-21T12:44:05+00:00\",\"breadcrumb\":{\"@id\":\"https:\/\/edbtestingwebsite.com\/en\/privacy-policy\/#breadcrumb\"},\"inLanguage\":\"en-US\",\"potentialAction\":[{\"@type\":\"ReadAction\",\"target\":[\"https:\/\/edbtestingwebsite.com\/en\/privacy-policy\/\"]}]},{\"@type\":\"BreadcrumbList\",\"@id\":\"https:\/\/edbtestingwebsite.com\/en\/privacy-policy\/#breadcrumb\",\"itemListElement\":[{\"@type\":\"ListItem\",\"position\":1,\"name\":\"Accueil\",\"item\":\"https:\/\/edbtestingwebsite.com\/\"},{\"@type\":\"ListItem\",\"position\":2,\"name\":\"Privacy Policy\"}]},{\"@type\":\"WebSite\",\"@id\":\"https:\/\/edbtestingwebsite.com\/#website\",\"url\":\"https:\/\/edbtestingwebsite.com\/\",\"name\":\"edb\",\"description\":\"\u00e9l\u00e9ment de base\",\"publisher\":{\"@id\":\"https:\/\/edbtestingwebsite.com\/#organization\"},\"potentialAction\":[{\"@type\":\"SearchAction\",\"target\":{\"@type\":\"EntryPoint\",\"urlTemplate\":\"https:\/\/edbtestingwebsite.com\/?s={search_term_string}\"},\"query-input\":\"required name=search_term_string\"}],\"inLanguage\":\"en-US\"},{\"@type\":\"Organization\",\"@id\":\"https:\/\/edbtestingwebsite.com\/#organization\",\"name\":\"\u00e9l\u00e9ment de base\",\"url\":\"https:\/\/edbtestingwebsite.com\/\",\"logo\":{\"@type\":\"ImageObject\",\"inLanguage\":\"en-US\",\"@id\":\"https:\/\/edbtestingwebsite.com\/#\/schema\/logo\/image\/\",\"url\":\"https:\/\/edbtestingwebsite.com\/wp-content\/uploads\/2022\/10\/unnamed.png\",\"contentUrl\":\"https:\/\/edbtestingwebsite.com\/wp-content\/uploads\/2022\/10\/unnamed.png\",\"width\":372,\"height\":368,\"caption\":\"\u00e9l\u00e9ment de base\"},\"image\":{\"@id\":\"https:\/\/edbtestingwebsite.com\/#\/schema\/logo\/image\/\"},\"sameAs\":[\"https:\/\/www.instagram.com\/elementdebase\"]}]}<\/script>\n<!-- \/ Yoast SEO plugin. -->","yoast_head_json":{"title":"Privacy Policy  - edb","robots":{"index":"noindex","follow":"follow","max-snippet":"max-snippet:-1","max-image-preview":"max-image-preview:large","max-video-preview":"max-video-preview:-1"},"og_locale":"en_US","og_type":"article","og_title":"Privacy Policy  - edb","og_url":"https:\/\/edbtestingwebsite.com\/en\/privacy-policy\/","og_site_name":"edb","article_modified_time":"2022-05-21T12:44:05+00:00","twitter_card":"summary_large_image","schema":{"@context":"https:\/\/schema.org","@graph":[{"@type":"WebPage","@id":"https:\/\/edbtestingwebsite.com\/en\/privacy-policy\/","url":"https:\/\/edbtestingwebsite.com\/en\/privacy-policy\/","name":"Privacy Policy - edb","isPartOf":{"@id":"https:\/\/edbtestingwebsite.com\/#website"},"datePublished":"2021-04-26T19:36:41+00:00","dateModified":"2022-05-21T12:44:05+00:00","breadcrumb":{"@id":"https:\/\/edbtestingwebsite.com\/en\/privacy-policy\/#breadcrumb"},"inLanguage":"en-US","potentialAction":[{"@type":"ReadAction","target":["https:\/\/edbtestingwebsite.com\/en\/privacy-policy\/"]}]},{"@type":"BreadcrumbList","@id":"https:\/\/edbtestingwebsite.com\/en\/privacy-policy\/#breadcrumb","itemListElement":[{"@type":"ListItem","position":1,"name":"Accueil","item":"https:\/\/edbtestingwebsite.com\/"},{"@type":"ListItem","position":2,"name":"Privacy Policy"}]},{"@type":"WebSite","@id":"https:\/\/edbtestingwebsite.com\/#website","url":"https:\/\/edbtestingwebsite.com\/","name":"edb","description":"\u00e9l\u00e9ment de base","publisher":{"@id":"https:\/\/edbtestingwebsite.com\/#organization"},"potentialAction":[{"@type":"SearchAction","target":{"@type":"EntryPoint","urlTemplate":"https:\/\/edbtestingwebsite.com\/?s={search_term_string}"},"query-input":"required name=search_term_string"}],"inLanguage":"en-US"},{"@type":"Organization","@id":"https:\/\/edbtestingwebsite.com\/#organization","name":"\u00e9l\u00e9ment de base","url":"https:\/\/edbtestingwebsite.com\/","logo":{"@type":"ImageObject","inLanguage":"en-US","@id":"https:\/\/edbtestingwebsite.com\/#\/schema\/logo\/image\/","url":"https:\/\/edbtestingwebsite.com\/wp-content\/uploads\/2022\/10\/unnamed.png","contentUrl":"https:\/\/edbtestingwebsite.com\/wp-content\/uploads\/2022\/10\/unnamed.png","width":372,"height":368,"caption":"\u00e9l\u00e9ment de base"},"image":{"@id":"https:\/\/edbtestingwebsite.com\/#\/schema\/logo\/image\/"},"sameAs":["https:\/\/www.instagram.com\/elementdebase"]}]}},"_links":{"self":[{"href":"https:\/\/edbtestingwebsite.com\/en\/wp-json\/wp\/v2\/pages\/3"}],"collection":[{"href":"https:\/\/edbtestingwebsite.com\/en\/wp-json\/wp\/v2\/pages"}],"about":[{"href":"https:\/\/edbtestingwebsite.com\/en\/wp-json\/wp\/v2\/types\/page"}],"author":[{"embeddable":true,"href":"https:\/\/edbtestingwebsite.com\/en\/wp-json\/wp\/v2\/users\/1"}],"replies":[{"embeddable":true,"href":"https:\/\/edbtestingwebsite.com\/en\/wp-json\/wp\/v2\/comments?post=3"}],"version-history":[{"count":0,"href":"https:\/\/edbtestingwebsite.com\/en\/wp-json\/wp\/v2\/pages\/3\/revisions"}],"wp:attachment":[{"href":"https:\/\/edbtestingwebsite.com\/en\/wp-json\/wp\/v2\/media?parent=3"}],"curies":[{"name":"wp","href":"https:\/\/api.w.org\/{rel}","templated":true}]}}