{"id":7354,"date":"2021-11-30T18:41:36","date_gmt":"2021-11-30T18:41:36","guid":{"rendered":"https:\/\/www.elementdebase.com\/?page_id=7354"},"modified":"2022-10-18T18:06:13","modified_gmt":"2022-10-18T23:06:13","slug":"termes-dusage","status":"publish","type":"page","link":"https:\/\/edbtestingwebsite.com\/en\/terms-of-use\/","title":{"rendered":"Terms of use"},"content":{"rendered":"\n<p>last updated march 1 2016<\/p>\n\n\n\n<p>welcome to element de base. the services on this site are offered by element de base inc. (\u201celement de<br>base\u201d). when you use element de base (\u201cwww.elementdebase.com\u201d , \u201celement de base\u201d, \u201cwe\u201d, \u201cour\u201d,<br>\u201cus\u201d) you understand that you are subject to the following conditions. if you visit or shop at<br>elementdebase.com, you accept and agree to abide by these conditions. please read them carefully. before<br>placing an order, if you have any questions relating to these terms and condistions, please email our<br>customer service at support@elementdebase.com<br>\u200b<br>use of this website \u200b<br>this website is owned by element de base inc. (hereinafter \u201c element de base\u201d), and is operated for your<br>personal non-commercial use and information. your use of this website is subject to the following terms and<br>all applicable laws. by accessing and browsing this website, you accept, without limitation or qualification,<br>these terms. if you do not agree with any of the terms, please do not use this website. you are responsible to<br>ensure that your access to this website and material available on or through it are legal in each jurisdiction in<br>or through which you access or view the site or such material. \u200b<br>\u200b<br>privacy \u200b<br>our privacy practices are explained in our privacy policy, which also governs your visit to this website. your<br>continued use of this website implies that you acknowledge that you have read our privacy policy and agree<br>to be bound by and accept its terms and conditions. you consent to the use of your personal information by<br>element de base in accordance with the terms of and for the purposes set forth in our privacy policy, as<br>same may be amended from time to time. \u200b<br>\u200b<br>other policies and agreements \u200b<br>when you purchase products from element de base using the www.elementdebase.com website, your<br>purchase is subject to separate terms and conditions of sale applicable to the website.<br>\u200b<br>your account \u200b<br>if you use this site, you are responsible for maintaining the confidentiality of your account and password<br>and for restricting access to your computer, and you agree to accept responsibility for all activities that<br>occur under your account or password.<br>\u200b<br>product information \u200b<br>the products available for sale by element de base are available only in canada<br>and this site is directed only at canadian customers and prospective customers.<br>element de base attempts to be as accurate as possible in describing all products available for sale by<br>element de base. however, element de base does not warrant that product descriptions or other content of<br>this site are accurate, complete, reliable, current or error-free. \u200b<br>\u200b<br>price and availability information provided on this website is subject to change<br>without notice. all prices quoted are in canadian dollars. \u200b<br>\u200b<br>this website and its contents are not to be construed as an offer to sell any<br>product or service. \u200b<br>\u200b<br>exclusion of warranties \u200b<br>element de base makes no representation or warranty regarding the functionality, the good working order or<br>condition of this website, its suitability for use, or that its use will be uninterrupted or error-free. element de<br>base does not represent, warrant or undertake that any errors on or relating to this website will be corrected,<br>or that any server from which the website is operated is or will be free from viruses or other harmful<br>components. all material or information on this website is provided to you \u201cas is\u201d,<br>\u201cwith all faults\u201d and without warranties of any kind whether express or<br>implied. element de base disclaims all warranties or conditions, written or oral,<br>statutory, express or implied, including without limitation, warranties or<br>conditions of merchantability, quality, durability, suitability or fitness for a<br>particular purpose. \u200b<br>\u200b<br>limitation of liability \u200b<br>element de base will not be liable for any damages, either direct or indirect,<br>incidental, special or consequential, for use of or inability to use material,<br>products or services of any kind, delay of or partial delivery, termination of<br>rights or loss of profits, data, business or goodwill, whether on a contractual,<br>tort or extracontractual basis, or to provide indemnification or any other<br>remedy to you or any third party. your sole and exclusive remedy is to discontinue using and<br>accessing this website. because certain federal or provincial laws do not allow the exclusion or limitation of<br>certain damages, these exclusions may not apply to you. \u200b<br>\u200b<br>copyrights and trademarks \u200b<br>material on this website, including but not limited to texts, images, illustrations, software, audio clips and<br>video clips, is owned or otherwise provided by element de base, and element de base does not represent or<br>warrant that such material does not infringe the rights of any other person or entity. the material on this<br>website is protected in canada and in other jurisdictions by the copyright act and by virtue of the<br>applicable international treaties. consequently, the material on this website may not be copied, reproduced,<br>republished, downloaded, posted, transmitted, distributed or modified, in whole or in part in any form<br>whatsoever, including but not limited to text, audio or video, without the prior written consent of element de<br>base. trademarks, logos and service marks (collectively, \u201cmarks\u201d) displayed on this website are registered<br>or unregistered marks of element de base or others, are the property of their respective owners, and may<br>not be used without written permission of the owner of such marks. nothing in this website is to be<br>interpreted as conferring a right to use the marks or the material protected by the copyright act. \u200b<br>\u200b<br>notwithstanding the foregoing, element de base authorizes you to make one electronic or paper copy of the<br>information posted on any page of this site provided that the copy is used solely for non-commercial,<br>personal purposes and, in each and every case, provided that any such copy remains protected by all<br>copyright, trademarks, service marks and other proprietary notices and legends contained on such website.<br>confidentiality of the information transmitted \u200b<br>you acknowledge that information or material which you provide electronically through your access to or<br>usage of this website is not confidential or proprietary, except as may be required under applicable law or<br>pursuant to element de base\u2019s privacy policy, and acknowledge that unprotected e-mail communication over<br>the internet is subject to possible interception, alteration or loss. you represent and warrant that the<br>information or material which you provide electronically to element de base by accessing or using this<br>website does not infringe the rights of any other person or entity. you consent to element de base using<br>that information or material, in whole or in part by any means whatsoever, including reproducing,<br>retransmitting or publishing this information or material or ideas, concepts or other information contained<br>therein for the commercial purposes of element de base or the disclosure of your identity, in accordance<br>with the element de base privacy policy.\u200b<br>\u200b<br>electronic communications \u200b<br>when you visit this website or send e-mails to us, you are communicating with us electronically. you<br>consent to receive communications from us electronically. we will communicate with you by e-mail or by<br>posting notices on this website. you agree that all agreements, notices, disclosures and other<br>communications that we provide to you electronically satisfy any legal requirement that such<br>communications be in writing. \u200b<br>\u200b\u200b<br>links \u200b<br>links and references to other websites are provided to you as a convenience only. element de base has not<br>reviewed and does not expressly or implicitly endorse other websites or any information or material, or the<br>accessibility thereof, via such links, and does not assume any responsibility for any such other websites,<br>information or material posted thereon, or products or services offered thereon. \u200b<br>\u200b<br>viruses, etc \u200b<br>element de base does not represent or warrant that the information or material, including the downloadable<br>software, accessed from or through this website will be uninterrupted or free of errors, defects, viruses or<br>other harmful components, or that any such problems which are discovered will be corrected. \u200b<br>\u200b<br>damage to others \u200b<br>you agree not to introduce into or through this website any information or materials which may be harmful<br>to others. among other things, you agree not to include, knowingly or otherwise, any error or defect in<br>material or information which may, among other things, be a libel, slander, defamation or obscenity, or<br>promote hatred or otherwise give rise to a criminal offence or civil liability on the part of any person or<br>entity. \u200b<br>\u200b<br>reserve of rights \u200b<br>all rights not expressly granted in these terms are reserved to element de base. nothing contained in these<br>terms shall be construed as conferring by implication, estoppel or otherwise any license or right under any<br>copyright, patent, trademark or other intellectual property right of element de base or any other person or<br>entity. \u200b<br>\u200b<br>governing law \u200b<br>this site is controlled and operated by element de base from montreal, quebec, canada and these terms,<br>this website, any use of this website and any transaction conducted on or from it shall be governed by the<br>laws of the province of quebec and the laws of canada applicable therein without reference to principles of<br>conflict of laws. \u200b<br>\u200b<br>changes to terms \/ severability<br>element de base may modify, alter or otherwise update the terms applicable to this website from time to<br>time. we will notify you of any such modifications to this website by posting notice of such changes on this<br>website. following the posting of such changes, your continued use of this site will constitute your<br>acceptance of these terms and other policies, as modified. you will be bound by such changes. if any one of<br>these conditions shall be deemed invalid, void, or for any reason unenforceable, such condition shall be<br>deemed severable and shall not affect the validity and enforceability of any remaining condition. \u200b<br>\u200b<br>jurisdiction \u200b<br>this website is controlled and operated by element de base from montreal, quebec, canada. element de<br>base makes no representation that materials on the website are appropriate or available for use in other<br>locations. those who choose to access this website from other locations do so on their own initiative and<br>are responsible for compliance with local laws, if and to the extent local laws are applicable. \u200b<br>\u200b<br>cookies \u200b<br>we may use \u201ccookies\u201d to track your preferences and activities on the www.elementdebase.com website.<br>cookies are small data files transferred to your computer\u2019s hard-drive by a website. they keep a record of<br>your preferences making your subsequent visits to the site more efficient. cookies may store a variety of<br>information, including, the number of times that you access a site, your registration information and the<br>number of times that you view a particular page or other item on the site. the use of cookies is a common<br>practice adopted by most major sites to better serve their clients. most browsers are designed to accept<br>cookies, but they can be easily modified to block cookies; see your browser\u2019s help files for details on how to<br>block cookies, how to know when you have received cookies and how to disable cookies completely. you<br>can also opt-out by using the following link: networkadvertising.org\/choices\/. you should note, however,<br>that without cookies, some of the website\u2019s functions will not be available, and the user will lose some of the<br>benefits of the site. \u200b<\/p>\n\n\n\n<p>no waiver \u200b<br>the failure of element de base to enforce any provisions of these terms or to respond to a<br>breach by you or any third party of these terms shall not in any way waive the right of element<br>de base to subsequently enforce any of the terms and conditions contained herein or to act with<br>respect to similar breaches. \u200b<br>\u200b<br>entire agreement \u200b<br>these terms, together with all other agreements, terms or conditions incorporated or referred to<br>herein constitute the entire agreement between you and element de base with respect to the use<br>of this website and any transaction conducted on or from this website and its contents, and<br>supersede any prior understandings or agreements (whether electronic, oral or written)<br>regarding the subject matter hereof, and may not be amended or modified except in writing, or<br>by element de base making such amendments or modifications available to it pursuant to the<br>terms hereof. \u200b<br>\u200b<br>termination \u200b<br>element de base reserves the right, at its sole discretion, to terminate your access to all or any<br>part of this site, with or without notice. \u200b<br>\u200b<br>headings \u200b<br>the headings used herein are inserted for convenience of reference only and do not affect the<br>construction or interpretation of the terms and conditions herein. \u200b<br>\u200b<br>english language \u200b<br>you expressly agree that these terms and all ancillary documents be drafted solely in english;<br>vous consentez express\u00e9ment \u00e0 ce que ces conditions d\u2019utilisation et tous les documents y<br>aff\u00e9rents soient r\u00e9dig\u00e9s en anglais seulement. \u200b<\/p>\n","protected":false},"excerpt":{"rendered":"<p>last updated march 1 2016 welcome to element de base. the services on this site are offered by element de base inc. (\u201celement debase\u201d). when you use element de base (\u201cwww.elementdebase.com\u201d , \u201celement de base\u201d, \u201cwe\u201d, \u201cour\u201d,\u201cus\u201d) you understand that you are subject to the following conditions. if you visit or shop atelementdebase.com, you accept [&hellip;]<\/p>\n","protected":false},"author":1,"featured_media":0,"parent":0,"menu_order":2,"comment_status":"closed","ping_status":"closed","template":"","meta":[],"translation":{"provider":"WPGlobus","version":"2.10.6","language":"en","enabled_languages":["fr","en"],"languages":{"fr":{"title":true,"content":true,"excerpt":false},"en":{"title":true,"content":true,"excerpt":false}}},"acf":[],"yoast_head":"<!-- This site is optimized with the Yoast SEO plugin v19.10 - https:\/\/yoast.com\/wordpress\/plugins\/seo\/ -->\n<title>Terms of use - edb<\/title>\n<meta name=\"robots\" content=\"noindex, follow, max-snippet:-1, max-image-preview:large, max-video-preview:-1\" \/>\n<meta property=\"og:locale\" content=\"en_US\" \/>\n<meta property=\"og:type\" content=\"article\" \/>\n<meta property=\"og:title\" content=\"Terms of use - edb\" \/>\n<meta property=\"og:url\" content=\"https:\/\/edbtestingwebsite.com\/en\/terms-of-use\/\" \/>\n<meta property=\"og:site_name\" content=\"edb\" \/>\n<meta property=\"article:modified_time\" content=\"2022-10-18T23:06:13+00:00\" \/>\n<meta name=\"twitter:card\" content=\"summary_large_image\" \/>\n<meta name=\"twitter:label1\" content=\"Est. reading time\" \/>\n\t<meta name=\"twitter:data1\" content=\"10 minutes\" \/>\n<script type=\"application\/ld+json\" class=\"yoast-schema-graph\">{\"@context\":\"https:\/\/schema.org\",\"@graph\":[{\"@type\":\"WebPage\",\"@id\":\"https:\/\/edbtestingwebsite.com\/en\/terms-of-use\/\",\"url\":\"https:\/\/edbtestingwebsite.com\/en\/terms-of-use\/\",\"name\":\"Terms of use - edb\",\"isPartOf\":{\"@id\":\"https:\/\/edbtestingwebsite.com\/#website\"},\"datePublished\":\"2021-11-30T18:41:36+00:00\",\"dateModified\":\"2022-10-18T23:06:13+00:00\",\"breadcrumb\":{\"@id\":\"https:\/\/edbtestingwebsite.com\/en\/terms-of-use\/#breadcrumb\"},\"inLanguage\":\"en-US\",\"potentialAction\":[{\"@type\":\"ReadAction\",\"target\":[\"https:\/\/edbtestingwebsite.com\/en\/terms-of-use\/\"]}]},{\"@type\":\"BreadcrumbList\",\"@id\":\"https:\/\/edbtestingwebsite.com\/en\/terms-of-use\/#breadcrumb\",\"itemListElement\":[{\"@type\":\"ListItem\",\"position\":1,\"name\":\"Accueil\",\"item\":\"https:\/\/edbtestingwebsite.com\/\"},{\"@type\":\"ListItem\",\"position\":2,\"name\":\"Terms of use\"}]},{\"@type\":\"WebSite\",\"@id\":\"https:\/\/edbtestingwebsite.com\/#website\",\"url\":\"https:\/\/edbtestingwebsite.com\/\",\"name\":\"edb\",\"description\":\"\u00e9l\u00e9ment de base\",\"publisher\":{\"@id\":\"https:\/\/edbtestingwebsite.com\/#organization\"},\"potentialAction\":[{\"@type\":\"SearchAction\",\"target\":{\"@type\":\"EntryPoint\",\"urlTemplate\":\"https:\/\/edbtestingwebsite.com\/?s={search_term_string}\"},\"query-input\":\"required name=search_term_string\"}],\"inLanguage\":\"en-US\"},{\"@type\":\"Organization\",\"@id\":\"https:\/\/edbtestingwebsite.com\/#organization\",\"name\":\"\u00e9l\u00e9ment de base\",\"url\":\"https:\/\/edbtestingwebsite.com\/\",\"logo\":{\"@type\":\"ImageObject\",\"inLanguage\":\"en-US\",\"@id\":\"https:\/\/edbtestingwebsite.com\/#\/schema\/logo\/image\/\",\"url\":\"https:\/\/edbtestingwebsite.com\/wp-content\/uploads\/2022\/10\/unnamed.png\",\"contentUrl\":\"https:\/\/edbtestingwebsite.com\/wp-content\/uploads\/2022\/10\/unnamed.png\",\"width\":372,\"height\":368,\"caption\":\"\u00e9l\u00e9ment de base\"},\"image\":{\"@id\":\"https:\/\/edbtestingwebsite.com\/#\/schema\/logo\/image\/\"},\"sameAs\":[\"https:\/\/www.instagram.com\/elementdebase\"]}]}<\/script>\n<!-- \/ Yoast SEO plugin. -->","yoast_head_json":{"title":"Terms of use - edb","robots":{"index":"noindex","follow":"follow","max-snippet":"max-snippet:-1","max-image-preview":"max-image-preview:large","max-video-preview":"max-video-preview:-1"},"og_locale":"en_US","og_type":"article","og_title":"Terms of use - edb","og_url":"https:\/\/edbtestingwebsite.com\/en\/terms-of-use\/","og_site_name":"edb","article_modified_time":"2022-10-18T23:06:13+00:00","twitter_card":"summary_large_image","twitter_misc":{"Est. reading time":"10 minutes"},"schema":{"@context":"https:\/\/schema.org","@graph":[{"@type":"WebPage","@id":"https:\/\/edbtestingwebsite.com\/en\/terms-of-use\/","url":"https:\/\/edbtestingwebsite.com\/en\/terms-of-use\/","name":"Terms of use - edb","isPartOf":{"@id":"https:\/\/edbtestingwebsite.com\/#website"},"datePublished":"2021-11-30T18:41:36+00:00","dateModified":"2022-10-18T23:06:13+00:00","breadcrumb":{"@id":"https:\/\/edbtestingwebsite.com\/en\/terms-of-use\/#breadcrumb"},"inLanguage":"en-US","potentialAction":[{"@type":"ReadAction","target":["https:\/\/edbtestingwebsite.com\/en\/terms-of-use\/"]}]},{"@type":"BreadcrumbList","@id":"https:\/\/edbtestingwebsite.com\/en\/terms-of-use\/#breadcrumb","itemListElement":[{"@type":"ListItem","position":1,"name":"Accueil","item":"https:\/\/edbtestingwebsite.com\/"},{"@type":"ListItem","position":2,"name":"Terms of use"}]},{"@type":"WebSite","@id":"https:\/\/edbtestingwebsite.com\/#website","url":"https:\/\/edbtestingwebsite.com\/","name":"edb","description":"\u00e9l\u00e9ment de base","publisher":{"@id":"https:\/\/edbtestingwebsite.com\/#organization"},"potentialAction":[{"@type":"SearchAction","target":{"@type":"EntryPoint","urlTemplate":"https:\/\/edbtestingwebsite.com\/?s={search_term_string}"},"query-input":"required name=search_term_string"}],"inLanguage":"en-US"},{"@type":"Organization","@id":"https:\/\/edbtestingwebsite.com\/#organization","name":"\u00e9l\u00e9ment de base","url":"https:\/\/edbtestingwebsite.com\/","logo":{"@type":"ImageObject","inLanguage":"en-US","@id":"https:\/\/edbtestingwebsite.com\/#\/schema\/logo\/image\/","url":"https:\/\/edbtestingwebsite.com\/wp-content\/uploads\/2022\/10\/unnamed.png","contentUrl":"https:\/\/edbtestingwebsite.com\/wp-content\/uploads\/2022\/10\/unnamed.png","width":372,"height":368,"caption":"\u00e9l\u00e9ment de base"},"image":{"@id":"https:\/\/edbtestingwebsite.com\/#\/schema\/logo\/image\/"},"sameAs":["https:\/\/www.instagram.com\/elementdebase"]}]}},"_links":{"self":[{"href":"https:\/\/edbtestingwebsite.com\/en\/wp-json\/wp\/v2\/pages\/7354"}],"collection":[{"href":"https:\/\/edbtestingwebsite.com\/en\/wp-json\/wp\/v2\/pages"}],"about":[{"href":"https:\/\/edbtestingwebsite.com\/en\/wp-json\/wp\/v2\/types\/page"}],"author":[{"embeddable":true,"href":"https:\/\/edbtestingwebsite.com\/en\/wp-json\/wp\/v2\/users\/1"}],"replies":[{"embeddable":true,"href":"https:\/\/edbtestingwebsite.com\/en\/wp-json\/wp\/v2\/comments?post=7354"}],"version-history":[{"count":0,"href":"https:\/\/edbtestingwebsite.com\/en\/wp-json\/wp\/v2\/pages\/7354\/revisions"}],"wp:attachment":[{"href":"https:\/\/edbtestingwebsite.com\/en\/wp-json\/wp\/v2\/media?parent=7354"}],"curies":[{"name":"wp","href":"https:\/\/api.w.org\/{rel}","templated":true}]}}