{"id":10695,"date":"2021-12-02T01:07:36","date_gmt":"2021-12-02T06:07:36","guid":{"rendered":"https:\/\/www.elementdebase.com\/Non%20cat\u00e9goris\u00e9\/insider-white\/"},"modified":"2022-11-02T13:52:38","modified_gmt":"2022-11-02T18:52:38","slug":"insider-white-15-x-45-marbre-blanc","status":"publish","type":"product","link":"https:\/\/edbtestingwebsite.com\/en\/products\/insider-white-15-x-45-white-marble\/","title":{"rendered":"insider white 15 x 45 white marble"},"content":{"rendered":"","protected":false},"excerpt":{"rendered":"<p>_ $595 member price. transform it the way you want. for this collection of coffee tables and consoles made entirely in montreal, we have chosen freedom as a creative guideline in order to design tables that offer infinite possibilities of style. by creating a simple structure made of iron angles, we have designed a product that can accommodate any table top. for those who have specific desires, it is possible to buy only the structure. it will be up to you to decide what to insert in the frame. for the size of the cut, please see below. at edb our goal is to design systems that offer a singularity that is as personalized as possible.<\/p>\n","protected":false},"featured_media":10696,"template":"","meta":[],"product_cat":[40],"product_tag":[],"translation":{"provider":"WPGlobus","version":"2.10.6","language":"en","enabled_languages":["fr","en"],"languages":{"fr":{"title":true,"content":false,"excerpt":true},"en":{"title":true,"content":false,"excerpt":true}}},"acf":[],"yoast_head":"<!-- This site is optimized with the Yoast SEO plugin v19.10 - https:\/\/yoast.com\/wordpress\/plugins\/seo\/ -->\n<title>insider white 15 x 45 white marble - edb<\/title>\n<meta name=\"description\" content=\"_ $595 member price. transform it the way you want. for this collection of coffee tables and consoles made entirely in montreal, we have chosen freedom as a creative guideline in order to design tables that offer infinite possibilities of style. by creating a simple structure made of iron angles, we have designed a product that can accommodate any table top. for those who have specific desires, it is possible to buy only the structure. it will be up to you to decide what to insert in the frame. for the size of the cut, please see below. at edb our goal is to design systems that offer a singularity that is as personalized as possible.\" \/>\n<meta name=\"robots\" content=\"noindex, follow, max-snippet:-1, max-image-preview:large, max-video-preview:-1\" \/>\n<meta property=\"og:locale\" content=\"en_US\" \/>\n<meta property=\"og:type\" content=\"article\" \/>\n<meta property=\"og:title\" content=\"insider white 15 x 45 white marble - edb\" \/>\n<meta property=\"og:description\" content=\"_ $595 member price. transform it the way you want. for this collection of coffee tables and consoles made entirely in montreal, we have chosen freedom as a creative guideline in order to design tables that offer infinite possibilities of style. by creating a simple structure made of iron angles, we have designed a product that can accommodate any table top. for those who have specific desires, it is possible to buy only the structure. it will be up to you to decide what to insert in the frame. for the size of the cut, please see below. at edb our goal is to design systems that offer a singularity that is as personalized as possible.\" \/>\n<meta property=\"og:url\" content=\"https:\/\/edbtestingwebsite.com\/produits\/insider-white-15-x-45-marbre-blanc\/\" \/>\n<meta property=\"og:site_name\" content=\"edb\" \/>\n<meta property=\"article:modified_time\" content=\"2022-11-02T18:52:38+00:00\" \/>\n<meta property=\"og:image\" content=\"https:\/\/edbtestingwebsite.com\/wp-content\/uploads\/2021\/12\/bb7cca42-a80c-11e6-97b5-c7229bf3a7f2.jpg\" \/>\n\t<meta property=\"og:image:width\" content=\"1500\" \/>\n\t<meta property=\"og:image:height\" content=\"920\" \/>\n\t<meta property=\"og:image:type\" content=\"image\/jpeg\" \/>\n<meta name=\"twitter:card\" content=\"summary_large_image\" \/>\n<script type=\"application\/ld+json\" class=\"yoast-schema-graph\">{\"@context\":\"https:\/\/schema.org\",\"@graph\":[{\"@type\":\"WebPage\",\"@id\":\"https:\/\/edbtestingwebsite.com\/produits\/insider-white-15-x-45-marbre-blanc\/\",\"url\":\"https:\/\/edbtestingwebsite.com\/produits\/insider-white-15-x-45-marbre-blanc\/\",\"name\":\"insider white 15 x 45 white marble - edb\",\"isPartOf\":{\"@id\":\"https:\/\/edbtestingwebsite.com\/#website\"},\"datePublished\":\"2021-12-02T06:07:36+00:00\",\"dateModified\":\"2022-11-02T18:52:38+00:00\",\"description\":\"_ $595 prix membre. transformez-la comme bon vous semble. pour cette collection de tables \u00e0 caf\u00e9 et consoles fabriqu\u00e9es enti\u00e8rement \u00e0 montr\u00e9al, nous avons choisi la libert\u00e9 comme consigne de cr\u00e9ation afin de concevoir des tables qui offrent des possibilit\u00e9s infinies de styles. en cr\u00e9ant une simple structure compos\u00e9e de fer angles, nous avons con\u00e7u un produit qui peut accueillir n\u2019importe quel dessus de table.pour ceux et celles qui ont des envies sp\u00e9cifiques, il est possible d\u2019acheter uniquement la structure. ce sera ainsi \u00e0 vous de d\u00e9cider quoi ins\u00e9rer dans le cadre. pour la taille de coupe, veuillez voir plus bas.\u00e0 edb notre but est de concevoir des syst\u00e8mes qui offrent une singularit\u00e9 qui soit des plus personnalis\u00e9e possible.\",\"breadcrumb\":{\"@id\":\"https:\/\/edbtestingwebsite.com\/produits\/insider-white-15-x-45-marbre-blanc\/#breadcrumb\"},\"inLanguage\":\"en-US\",\"potentialAction\":[{\"@type\":\"ReadAction\",\"target\":[\"https:\/\/edbtestingwebsite.com\/produits\/insider-white-15-x-45-marbre-blanc\/\"]}]},{\"@type\":\"BreadcrumbList\",\"@id\":\"https:\/\/edbtestingwebsite.com\/produits\/insider-white-15-x-45-marbre-blanc\/#breadcrumb\",\"itemListElement\":[{\"@type\":\"ListItem\",\"position\":1,\"name\":\"Accueil\",\"item\":\"https:\/\/edbtestingwebsite.com\/\"},{\"@type\":\"ListItem\",\"position\":2,\"name\":\"Products\",\"item\":\"https:\/\/edbtestingwebsite.com\/en\/products\/\"},{\"@type\":\"ListItem\",\"position\":3,\"name\":\"insider white 15 x 45 white marble\"}]},{\"@type\":\"WebSite\",\"@id\":\"https:\/\/edbtestingwebsite.com\/#website\",\"url\":\"https:\/\/edbtestingwebsite.com\/\",\"name\":\"edb\",\"description\":\"\u00e9l\u00e9ment de base\",\"publisher\":{\"@id\":\"https:\/\/edbtestingwebsite.com\/#organization\"},\"potentialAction\":[{\"@type\":\"SearchAction\",\"target\":{\"@type\":\"EntryPoint\",\"urlTemplate\":\"https:\/\/edbtestingwebsite.com\/?s={search_term_string}\"},\"query-input\":\"required name=search_term_string\"}],\"inLanguage\":\"en-US\"},{\"@type\":\"Organization\",\"@id\":\"https:\/\/edbtestingwebsite.com\/#organization\",\"name\":\"\u00e9l\u00e9ment de base\",\"url\":\"https:\/\/edbtestingwebsite.com\/\",\"logo\":{\"@type\":\"ImageObject\",\"inLanguage\":\"en-US\",\"@id\":\"https:\/\/edbtestingwebsite.com\/#\/schema\/logo\/image\/\",\"url\":\"https:\/\/edbtestingwebsite.com\/wp-content\/uploads\/2022\/10\/unnamed.png\",\"contentUrl\":\"https:\/\/edbtestingwebsite.com\/wp-content\/uploads\/2022\/10\/unnamed.png\",\"width\":372,\"height\":368,\"caption\":\"\u00e9l\u00e9ment de base\"},\"image\":{\"@id\":\"https:\/\/edbtestingwebsite.com\/#\/schema\/logo\/image\/\"},\"sameAs\":[\"https:\/\/www.instagram.com\/elementdebase\"]}]}<\/script>\n<!-- \/ Yoast SEO plugin. -->","yoast_head_json":{"title":"insider white 15 x 45 white marble - edb","description":"_ $595 member price. transform it the way you want. for this collection of coffee tables and consoles made entirely in montreal, we have chosen freedom as a creative guideline in order to design tables that offer infinite possibilities of style. by creating a simple structure made of iron angles, we have designed a product that can accommodate any table top. for those who have specific desires, it is possible to buy only the structure. it will be up to you to decide what to insert in the frame. for the size of the cut, please see below. at edb our goal is to design systems that offer a singularity that is as personalized as possible.","robots":{"index":"noindex","follow":"follow","max-snippet":"max-snippet:-1","max-image-preview":"max-image-preview:large","max-video-preview":"max-video-preview:-1"},"og_locale":"en_US","og_type":"article","og_title":"insider white 15 x 45 white marble - edb","og_description":"_ $595 member price. transform it the way you want. for this collection of coffee tables and consoles made entirely in montreal, we have chosen freedom as a creative guideline in order to design tables that offer infinite possibilities of style. by creating a simple structure made of iron angles, we have designed a product that can accommodate any table top. for those who have specific desires, it is possible to buy only the structure. it will be up to you to decide what to insert in the frame. for the size of the cut, please see below. at edb our goal is to design systems that offer a singularity that is as personalized as possible.","og_url":"https:\/\/edbtestingwebsite.com\/produits\/insider-white-15-x-45-marbre-blanc\/","og_site_name":"edb","article_modified_time":"2022-11-02T18:52:38+00:00","og_image":[{"width":1500,"height":920,"url":"https:\/\/edbtestingwebsite.com\/wp-content\/uploads\/2021\/12\/bb7cca42-a80c-11e6-97b5-c7229bf3a7f2.jpg","type":"image\/jpeg"}],"twitter_card":"summary_large_image","schema":{"@context":"https:\/\/schema.org","@graph":[{"@type":"WebPage","@id":"https:\/\/edbtestingwebsite.com\/produits\/insider-white-15-x-45-marbre-blanc\/","url":"https:\/\/edbtestingwebsite.com\/produits\/insider-white-15-x-45-marbre-blanc\/","name":"insider white 15 x 45 white marble - edb","isPartOf":{"@id":"https:\/\/edbtestingwebsite.com\/#website"},"datePublished":"2021-12-02T06:07:36+00:00","dateModified":"2022-11-02T18:52:38+00:00","description":"_ $595 prix membre. transformez-la comme bon vous semble. pour cette collection de tables \u00e0 caf\u00e9 et consoles fabriqu\u00e9es enti\u00e8rement \u00e0 montr\u00e9al, nous avons choisi la libert\u00e9 comme consigne de cr\u00e9ation afin de concevoir des tables qui offrent des possibilit\u00e9s infinies de styles. en cr\u00e9ant une simple structure compos\u00e9e de fer angles, nous avons con\u00e7u un produit qui peut accueillir n\u2019importe quel dessus de table.pour ceux et celles qui ont des envies sp\u00e9cifiques, il est possible d\u2019acheter uniquement la structure. ce sera ainsi \u00e0 vous de d\u00e9cider quoi ins\u00e9rer dans le cadre. pour la taille de coupe, veuillez voir plus bas.\u00e0 edb notre but est de concevoir des syst\u00e8mes qui offrent une singularit\u00e9 qui soit des plus personnalis\u00e9e possible.","breadcrumb":{"@id":"https:\/\/edbtestingwebsite.com\/produits\/insider-white-15-x-45-marbre-blanc\/#breadcrumb"},"inLanguage":"en-US","potentialAction":[{"@type":"ReadAction","target":["https:\/\/edbtestingwebsite.com\/produits\/insider-white-15-x-45-marbre-blanc\/"]}]},{"@type":"BreadcrumbList","@id":"https:\/\/edbtestingwebsite.com\/produits\/insider-white-15-x-45-marbre-blanc\/#breadcrumb","itemListElement":[{"@type":"ListItem","position":1,"name":"Accueil","item":"https:\/\/edbtestingwebsite.com\/"},{"@type":"ListItem","position":2,"name":"Products","item":"https:\/\/edbtestingwebsite.com\/en\/products\/"},{"@type":"ListItem","position":3,"name":"insider white 15 x 45 white marble"}]},{"@type":"WebSite","@id":"https:\/\/edbtestingwebsite.com\/#website","url":"https:\/\/edbtestingwebsite.com\/","name":"edb","description":"\u00e9l\u00e9ment de base","publisher":{"@id":"https:\/\/edbtestingwebsite.com\/#organization"},"potentialAction":[{"@type":"SearchAction","target":{"@type":"EntryPoint","urlTemplate":"https:\/\/edbtestingwebsite.com\/?s={search_term_string}"},"query-input":"required name=search_term_string"}],"inLanguage":"en-US"},{"@type":"Organization","@id":"https:\/\/edbtestingwebsite.com\/#organization","name":"\u00e9l\u00e9ment de base","url":"https:\/\/edbtestingwebsite.com\/","logo":{"@type":"ImageObject","inLanguage":"en-US","@id":"https:\/\/edbtestingwebsite.com\/#\/schema\/logo\/image\/","url":"https:\/\/edbtestingwebsite.com\/wp-content\/uploads\/2022\/10\/unnamed.png","contentUrl":"https:\/\/edbtestingwebsite.com\/wp-content\/uploads\/2022\/10\/unnamed.png","width":372,"height":368,"caption":"\u00e9l\u00e9ment de base"},"image":{"@id":"https:\/\/edbtestingwebsite.com\/#\/schema\/logo\/image\/"},"sameAs":["https:\/\/www.instagram.com\/elementdebase"]}]}},"_links":{"self":[{"href":"https:\/\/edbtestingwebsite.com\/en\/wp-json\/wp\/v2\/product\/10695"}],"collection":[{"href":"https:\/\/edbtestingwebsite.com\/en\/wp-json\/wp\/v2\/product"}],"about":[{"href":"https:\/\/edbtestingwebsite.com\/en\/wp-json\/wp\/v2\/types\/product"}],"wp:featuredmedia":[{"embeddable":true,"href":"https:\/\/edbtestingwebsite.com\/en\/wp-json\/wp\/v2\/media\/10696"}],"wp:attachment":[{"href":"https:\/\/edbtestingwebsite.com\/en\/wp-json\/wp\/v2\/media?parent=10695"}],"wp:term":[{"taxonomy":"product_cat","embeddable":true,"href":"https:\/\/edbtestingwebsite.com\/en\/wp-json\/wp\/v2\/product_cat?post=10695"},{"taxonomy":"product_tag","embeddable":true,"href":"https:\/\/edbtestingwebsite.com\/en\/wp-json\/wp\/v2\/product_tag?post=10695"}],"curies":[{"name":"wp","href":"https:\/\/api.w.org\/{rel}","templated":true}]}}