{"id":10933,"date":"2021-12-02T01:11:58","date_gmt":"2021-12-02T06:11:58","guid":{"rendered":"https:\/\/www.elementdebase.com\/Non%20cat\u00e9goris\u00e9\/pivot\/"},"modified":"2022-11-02T14:44:10","modified_gmt":"2022-11-02T19:44:10","slug":"pivot","status":"publish","type":"product","link":"https:\/\/edbtestingwebsite.com\/en\/products\/pivot\/","title":{"rendered":"PIVOT NATURAL"},"content":{"rendered":"","protected":false},"excerpt":{"rendered":"<p>_ $645 member price.\u00a0\u00a0raw honesty. made in fiber glass, the pivot side table walks the thin line between sculpture and furniture. each table is handmade and the finish is left as natural as possible. there are no two identical tables as the result of this process. offered in natural or black fiber glass, and produced in a very limited quantity, this is our experimental approach to design, inspired by the wabi-sabi philosophy. curves, irregular shapes and a strong graphic profile give character to the pivot table. designed for art lovers!<\/p>\n","protected":false},"featured_media":10934,"template":"","meta":[],"product_cat":[40],"product_tag":[],"translation":{"provider":"WPGlobus","version":"2.10.6","language":"en","enabled_languages":["fr","en"],"languages":{"fr":{"title":true,"content":false,"excerpt":true},"en":{"title":true,"content":false,"excerpt":true}}},"acf":[],"yoast_head":"<!-- This site is optimized with the Yoast SEO plugin v19.10 - https:\/\/yoast.com\/wordpress\/plugins\/seo\/ -->\n<title>PIVOT NATURAL - edb<\/title>\n<meta name=\"description\" content=\"_ $645 member price. raw honesty. made in fiber glass, the pivot side table walks the thin line between sculpture and furniture. each table is handmade and the finish is left as natural as possible. there are no two identical tables as the result of this process. offered in natural or black fiber glass, and produced in a very limited quantity, this is our experimental approach to design, inspired by the wabi-sabi philosophy. curves, irregular shapes and a strong graphic profile give character to the pivot table. designed for art lovers!\" \/>\n<meta name=\"robots\" content=\"noindex, follow, max-snippet:-1, max-image-preview:large, max-video-preview:-1\" \/>\n<meta property=\"og:locale\" content=\"en_US\" \/>\n<meta property=\"og:type\" content=\"article\" \/>\n<meta property=\"og:title\" content=\"PIVOT NATURAL - edb\" \/>\n<meta property=\"og:description\" content=\"_ $645 member price. raw honesty. made in fiber glass, the pivot side table walks the thin line between sculpture and furniture. each table is handmade and the finish is left as natural as possible. there are no two identical tables as the result of this process. offered in natural or black fiber glass, and produced in a very limited quantity, this is our experimental approach to design, inspired by the wabi-sabi philosophy. curves, irregular shapes and a strong graphic profile give character to the pivot table. designed for art lovers!\" \/>\n<meta property=\"og:url\" content=\"https:\/\/edbtestingwebsite.com\/produits\/pivot\/\" \/>\n<meta property=\"og:site_name\" content=\"edb\" \/>\n<meta property=\"article:modified_time\" content=\"2022-11-02T19:44:10+00:00\" \/>\n<meta property=\"og:image\" content=\"https:\/\/edbtestingwebsite.com\/wp-content\/uploads\/2021\/12\/Pivot-1500x920_0003_listing-beige.jpg\" \/>\n\t<meta property=\"og:image:width\" content=\"1500\" \/>\n\t<meta property=\"og:image:height\" content=\"920\" \/>\n\t<meta property=\"og:image:type\" content=\"image\/jpeg\" \/>\n<meta name=\"twitter:card\" content=\"summary_large_image\" \/>\n<script type=\"application\/ld+json\" class=\"yoast-schema-graph\">{\"@context\":\"https:\/\/schema.org\",\"@graph\":[{\"@type\":\"WebPage\",\"@id\":\"https:\/\/edbtestingwebsite.com\/produits\/pivot\/\",\"url\":\"https:\/\/edbtestingwebsite.com\/produits\/pivot\/\",\"name\":\"PIVOT NATURAL - edb\",\"isPartOf\":{\"@id\":\"https:\/\/edbtestingwebsite.com\/#website\"},\"datePublished\":\"2021-12-02T06:11:58+00:00\",\"dateModified\":\"2022-11-02T19:44:10+00:00\",\"description\":\"_ $645 prix membre. d\u00e9licatesse brute. \u00e0 mi-chemin entre la sculpture et le mobilier, la table pivot se veut une pi\u00e8ce graphique et exp\u00e9rimentale. produite en fibre de verre \u00e0 la main, chaque table poss\u00e8de son propre fini qu\u2019on laisse enti\u00e8rement au naturel. imperfections, marques, et irr\u00e9gularit\u00e9s sont accept\u00e9es avec plaisir. c\u2019est le but du processus: reproduire la m\u00eame table unique \u00e0 chaque fois. disponible en fibre de verre naturelle ou noire, et produite en une toute petite s\u00e9rie, cette table s\u2019inspire de la philosophie du wabi-sabi. con\u00e7ue pour les amateurs d\u2019arts!\",\"breadcrumb\":{\"@id\":\"https:\/\/edbtestingwebsite.com\/produits\/pivot\/#breadcrumb\"},\"inLanguage\":\"en-US\",\"potentialAction\":[{\"@type\":\"ReadAction\",\"target\":[\"https:\/\/edbtestingwebsite.com\/produits\/pivot\/\"]}]},{\"@type\":\"BreadcrumbList\",\"@id\":\"https:\/\/edbtestingwebsite.com\/produits\/pivot\/#breadcrumb\",\"itemListElement\":[{\"@type\":\"ListItem\",\"position\":1,\"name\":\"Accueil\",\"item\":\"https:\/\/edbtestingwebsite.com\/\"},{\"@type\":\"ListItem\",\"position\":2,\"name\":\"Products\",\"item\":\"https:\/\/edbtestingwebsite.com\/en\/products\/\"},{\"@type\":\"ListItem\",\"position\":3,\"name\":\"PIVOT NATURAL\"}]},{\"@type\":\"WebSite\",\"@id\":\"https:\/\/edbtestingwebsite.com\/#website\",\"url\":\"https:\/\/edbtestingwebsite.com\/\",\"name\":\"edb\",\"description\":\"\u00e9l\u00e9ment de base\",\"publisher\":{\"@id\":\"https:\/\/edbtestingwebsite.com\/#organization\"},\"potentialAction\":[{\"@type\":\"SearchAction\",\"target\":{\"@type\":\"EntryPoint\",\"urlTemplate\":\"https:\/\/edbtestingwebsite.com\/?s={search_term_string}\"},\"query-input\":\"required name=search_term_string\"}],\"inLanguage\":\"en-US\"},{\"@type\":\"Organization\",\"@id\":\"https:\/\/edbtestingwebsite.com\/#organization\",\"name\":\"\u00e9l\u00e9ment de base\",\"url\":\"https:\/\/edbtestingwebsite.com\/\",\"logo\":{\"@type\":\"ImageObject\",\"inLanguage\":\"en-US\",\"@id\":\"https:\/\/edbtestingwebsite.com\/#\/schema\/logo\/image\/\",\"url\":\"https:\/\/edbtestingwebsite.com\/wp-content\/uploads\/2022\/10\/unnamed.png\",\"contentUrl\":\"https:\/\/edbtestingwebsite.com\/wp-content\/uploads\/2022\/10\/unnamed.png\",\"width\":372,\"height\":368,\"caption\":\"\u00e9l\u00e9ment de base\"},\"image\":{\"@id\":\"https:\/\/edbtestingwebsite.com\/#\/schema\/logo\/image\/\"},\"sameAs\":[\"https:\/\/www.instagram.com\/elementdebase\"]}]}<\/script>\n<!-- \/ Yoast SEO plugin. -->","yoast_head_json":{"title":"PIVOT NATURAL - edb","description":"_ $645 member price. raw honesty. made in fiber glass, the pivot side table walks the thin line between sculpture and furniture. each table is handmade and the finish is left as natural as possible. there are no two identical tables as the result of this process. offered in natural or black fiber glass, and produced in a very limited quantity, this is our experimental approach to design, inspired by the wabi-sabi philosophy. curves, irregular shapes and a strong graphic profile give character to the pivot table. designed for art lovers!","robots":{"index":"noindex","follow":"follow","max-snippet":"max-snippet:-1","max-image-preview":"max-image-preview:large","max-video-preview":"max-video-preview:-1"},"og_locale":"en_US","og_type":"article","og_title":"PIVOT NATURAL - edb","og_description":"_ $645 member price. raw honesty. made in fiber glass, the pivot side table walks the thin line between sculpture and furniture. each table is handmade and the finish is left as natural as possible. there are no two identical tables as the result of this process. offered in natural or black fiber glass, and produced in a very limited quantity, this is our experimental approach to design, inspired by the wabi-sabi philosophy. curves, irregular shapes and a strong graphic profile give character to the pivot table. designed for art lovers!","og_url":"https:\/\/edbtestingwebsite.com\/produits\/pivot\/","og_site_name":"edb","article_modified_time":"2022-11-02T19:44:10+00:00","og_image":[{"width":1500,"height":920,"url":"https:\/\/edbtestingwebsite.com\/wp-content\/uploads\/2021\/12\/Pivot-1500x920_0003_listing-beige.jpg","type":"image\/jpeg"}],"twitter_card":"summary_large_image","schema":{"@context":"https:\/\/schema.org","@graph":[{"@type":"WebPage","@id":"https:\/\/edbtestingwebsite.com\/produits\/pivot\/","url":"https:\/\/edbtestingwebsite.com\/produits\/pivot\/","name":"PIVOT NATURAL - edb","isPartOf":{"@id":"https:\/\/edbtestingwebsite.com\/#website"},"datePublished":"2021-12-02T06:11:58+00:00","dateModified":"2022-11-02T19:44:10+00:00","description":"_ $645 prix membre. d\u00e9licatesse brute. \u00e0 mi-chemin entre la sculpture et le mobilier, la table pivot se veut une pi\u00e8ce graphique et exp\u00e9rimentale. produite en fibre de verre \u00e0 la main, chaque table poss\u00e8de son propre fini qu\u2019on laisse enti\u00e8rement au naturel. imperfections, marques, et irr\u00e9gularit\u00e9s sont accept\u00e9es avec plaisir. c\u2019est le but du processus: reproduire la m\u00eame table unique \u00e0 chaque fois. disponible en fibre de verre naturelle ou noire, et produite en une toute petite s\u00e9rie, cette table s\u2019inspire de la philosophie du wabi-sabi. con\u00e7ue pour les amateurs d\u2019arts!","breadcrumb":{"@id":"https:\/\/edbtestingwebsite.com\/produits\/pivot\/#breadcrumb"},"inLanguage":"en-US","potentialAction":[{"@type":"ReadAction","target":["https:\/\/edbtestingwebsite.com\/produits\/pivot\/"]}]},{"@type":"BreadcrumbList","@id":"https:\/\/edbtestingwebsite.com\/produits\/pivot\/#breadcrumb","itemListElement":[{"@type":"ListItem","position":1,"name":"Accueil","item":"https:\/\/edbtestingwebsite.com\/"},{"@type":"ListItem","position":2,"name":"Products","item":"https:\/\/edbtestingwebsite.com\/en\/products\/"},{"@type":"ListItem","position":3,"name":"PIVOT NATURAL"}]},{"@type":"WebSite","@id":"https:\/\/edbtestingwebsite.com\/#website","url":"https:\/\/edbtestingwebsite.com\/","name":"edb","description":"\u00e9l\u00e9ment de base","publisher":{"@id":"https:\/\/edbtestingwebsite.com\/#organization"},"potentialAction":[{"@type":"SearchAction","target":{"@type":"EntryPoint","urlTemplate":"https:\/\/edbtestingwebsite.com\/?s={search_term_string}"},"query-input":"required name=search_term_string"}],"inLanguage":"en-US"},{"@type":"Organization","@id":"https:\/\/edbtestingwebsite.com\/#organization","name":"\u00e9l\u00e9ment de base","url":"https:\/\/edbtestingwebsite.com\/","logo":{"@type":"ImageObject","inLanguage":"en-US","@id":"https:\/\/edbtestingwebsite.com\/#\/schema\/logo\/image\/","url":"https:\/\/edbtestingwebsite.com\/wp-content\/uploads\/2022\/10\/unnamed.png","contentUrl":"https:\/\/edbtestingwebsite.com\/wp-content\/uploads\/2022\/10\/unnamed.png","width":372,"height":368,"caption":"\u00e9l\u00e9ment de base"},"image":{"@id":"https:\/\/edbtestingwebsite.com\/#\/schema\/logo\/image\/"},"sameAs":["https:\/\/www.instagram.com\/elementdebase"]}]}},"_links":{"self":[{"href":"https:\/\/edbtestingwebsite.com\/en\/wp-json\/wp\/v2\/product\/10933"}],"collection":[{"href":"https:\/\/edbtestingwebsite.com\/en\/wp-json\/wp\/v2\/product"}],"about":[{"href":"https:\/\/edbtestingwebsite.com\/en\/wp-json\/wp\/v2\/types\/product"}],"wp:featuredmedia":[{"embeddable":true,"href":"https:\/\/edbtestingwebsite.com\/en\/wp-json\/wp\/v2\/media\/10934"}],"wp:attachment":[{"href":"https:\/\/edbtestingwebsite.com\/en\/wp-json\/wp\/v2\/media?parent=10933"}],"wp:term":[{"taxonomy":"product_cat","embeddable":true,"href":"https:\/\/edbtestingwebsite.com\/en\/wp-json\/wp\/v2\/product_cat?post=10933"},{"taxonomy":"product_tag","embeddable":true,"href":"https:\/\/edbtestingwebsite.com\/en\/wp-json\/wp\/v2\/product_tag?post=10933"}],"curies":[{"name":"wp","href":"https:\/\/api.w.org\/{rel}","templated":true}]}}