{"id":12070,"date":"2021-12-02T01:23:04","date_gmt":"2021-12-02T01:23:04","guid":{"rendered":"https:\/\/www.elementdebase.com\/Non%20cat\u00e9goris\u00e9\/expo-laf-large\/"},"modified":"2022-11-09T11:12:57","modified_gmt":"2022-11-09T16:12:57","slug":"expo-large-laf","status":"publish","type":"product","link":"https:\/\/edbtestingwebsite.com\/en\/products\/expo-large-laf\/","title":{"rendered":"EXPO LARGE LAF"},"content":{"rendered":"","protected":false},"excerpt":{"rendered":"<p>_ $3520\u00a0member price. atypical. low to the ground, puffy shapes, and deep seating sum up what the expo sectional is all about. to achieve the rounded and puffed-up silhouette, we completely wrapped the sofas in feathers, which also explains the higher price tag of this model. with detachable armrests and backrests as well and fully removable covers, the model is also practical and easy to move around. designed for unconventional seating positions, this sofa is made for those looking for a new type of comfort and ergonomics. find yours by passing by our showroom. goodbye sitting straight!<\/p>\n","protected":false},"featured_media":22033,"template":"","meta":[],"product_cat":[111,146],"product_tag":[],"translation":{"provider":"WPGlobus","version":"2.10.6","language":"en","enabled_languages":["fr","en"],"languages":{"fr":{"title":true,"content":false,"excerpt":true},"en":{"title":true,"content":false,"excerpt":true}}},"acf":[],"yoast_head":"<!-- This site is optimized with the Yoast SEO plugin v19.10 - https:\/\/yoast.com\/wordpress\/plugins\/seo\/ -->\n<title>EXPO LARGE LAF - edb<\/title>\n<meta name=\"description\" content=\"_ $3520 member price. atypical. low to the ground, puffy shapes, and deep seating sum up what the expo sectional is all about. to achieve the rounded and puffed-up silhouette, we completely wrapped the sofas in feathers, which also explains the higher price tag of this model. with detachable armrests and backrests as well and fully removable covers, the model is also practical and easy to move around. designed for unconventional seating positions, this sofa is made for those looking for a new type of comfort and ergonomics. find yours by passing by our showroom. goodbye sitting straight!\" \/>\n<meta name=\"robots\" content=\"noindex, follow, max-snippet:-1, max-image-preview:large, max-video-preview:-1\" \/>\n<meta property=\"og:locale\" content=\"en_US\" \/>\n<meta property=\"og:type\" content=\"article\" \/>\n<meta property=\"og:title\" content=\"EXPO LARGE LAF - edb\" \/>\n<meta property=\"og:description\" content=\"_ $3520 member price. atypical. low to the ground, puffy shapes, and deep seating sum up what the expo sectional is all about. to achieve the rounded and puffed-up silhouette, we completely wrapped the sofas in feathers, which also explains the higher price tag of this model. with detachable armrests and backrests as well and fully removable covers, the model is also practical and easy to move around. designed for unconventional seating positions, this sofa is made for those looking for a new type of comfort and ergonomics. find yours by passing by our showroom. goodbye sitting straight!\" \/>\n<meta property=\"og:url\" content=\"https:\/\/edbtestingwebsite.com\/produits\/expo-large-laf\/\" \/>\n<meta property=\"og:site_name\" content=\"edb\" \/>\n<meta property=\"article:modified_time\" content=\"2022-11-09T16:12:57+00:00\" \/>\n<meta property=\"og:image\" content=\"https:\/\/edbtestingwebsite.com\/wp-content\/uploads\/2021\/12\/expo-sectional-1500x920_0000_001-1-2.jpg\" \/>\n\t<meta property=\"og:image:width\" content=\"1500\" \/>\n\t<meta property=\"og:image:height\" content=\"920\" \/>\n\t<meta property=\"og:image:type\" content=\"image\/jpeg\" \/>\n<meta name=\"twitter:card\" content=\"summary_large_image\" \/>\n<script type=\"application\/ld+json\" class=\"yoast-schema-graph\">{\"@context\":\"https:\/\/schema.org\",\"@graph\":[{\"@type\":\"WebPage\",\"@id\":\"https:\/\/edbtestingwebsite.com\/produits\/expo-large-laf\/\",\"url\":\"https:\/\/edbtestingwebsite.com\/produits\/expo-large-laf\/\",\"name\":\"EXPO LARGE LAF - edb\",\"isPartOf\":{\"@id\":\"https:\/\/edbtestingwebsite.com\/#website\"},\"datePublished\":\"2021-12-02T01:23:04+00:00\",\"dateModified\":\"2022-11-09T16:12:57+00:00\",\"description\":\"_ $3520 prix membre. atypique. formes joufflues, profil bas et assises extra profondes r\u00e9sument bien l\u2019esprit du sectionnel expo. afin de cr\u00e9er la silhouette arrondie et l\u00e9g\u00e8rement gonfl\u00e9e, nous avons tout simplement enrob\u00e9 les canap\u00e9s de plumes, ce qui explique d\u2019ailleurs son prix un peu plus \u00e9lev\u00e9. avec ses accoudoirs et dossiers d\u00e9tachables ainsi que son syst\u00e8me enti\u00e8rement d\u00e9houssable, le canap\u00e9 expo se veut aussi pratique et facile \u00e0 d\u00e9placer. con\u00e7u pour les positions assises non-conventionelles, ce canap\u00e9 s\u2019adresse d\u2019abord et avant tout \u00e0 ceux et celles qui ont envie de s\u2019asseoir autrement. passer trouver votre position \u00e0 notre salle de montre et dites adieux aux assises carr\u00e9es.\",\"breadcrumb\":{\"@id\":\"https:\/\/edbtestingwebsite.com\/produits\/expo-large-laf\/#breadcrumb\"},\"inLanguage\":\"en-US\",\"potentialAction\":[{\"@type\":\"ReadAction\",\"target\":[\"https:\/\/edbtestingwebsite.com\/produits\/expo-large-laf\/\"]}]},{\"@type\":\"BreadcrumbList\",\"@id\":\"https:\/\/edbtestingwebsite.com\/produits\/expo-large-laf\/#breadcrumb\",\"itemListElement\":[{\"@type\":\"ListItem\",\"position\":1,\"name\":\"Accueil\",\"item\":\"https:\/\/edbtestingwebsite.com\/\"},{\"@type\":\"ListItem\",\"position\":2,\"name\":\"Products\",\"item\":\"https:\/\/edbtestingwebsite.com\/en\/products\/\"},{\"@type\":\"ListItem\",\"position\":3,\"name\":\"EXPO LARGE LAF\"}]},{\"@type\":\"WebSite\",\"@id\":\"https:\/\/edbtestingwebsite.com\/#website\",\"url\":\"https:\/\/edbtestingwebsite.com\/\",\"name\":\"edb\",\"description\":\"\u00e9l\u00e9ment de base\",\"publisher\":{\"@id\":\"https:\/\/edbtestingwebsite.com\/#organization\"},\"potentialAction\":[{\"@type\":\"SearchAction\",\"target\":{\"@type\":\"EntryPoint\",\"urlTemplate\":\"https:\/\/edbtestingwebsite.com\/?s={search_term_string}\"},\"query-input\":\"required name=search_term_string\"}],\"inLanguage\":\"en-US\"},{\"@type\":\"Organization\",\"@id\":\"https:\/\/edbtestingwebsite.com\/#organization\",\"name\":\"\u00e9l\u00e9ment de base\",\"url\":\"https:\/\/edbtestingwebsite.com\/\",\"logo\":{\"@type\":\"ImageObject\",\"inLanguage\":\"en-US\",\"@id\":\"https:\/\/edbtestingwebsite.com\/#\/schema\/logo\/image\/\",\"url\":\"https:\/\/edbtestingwebsite.com\/wp-content\/uploads\/2022\/10\/unnamed.png\",\"contentUrl\":\"https:\/\/edbtestingwebsite.com\/wp-content\/uploads\/2022\/10\/unnamed.png\",\"width\":372,\"height\":368,\"caption\":\"\u00e9l\u00e9ment de base\"},\"image\":{\"@id\":\"https:\/\/edbtestingwebsite.com\/#\/schema\/logo\/image\/\"},\"sameAs\":[\"https:\/\/www.instagram.com\/elementdebase\"]}]}<\/script>\n<!-- \/ Yoast SEO plugin. -->","yoast_head_json":{"title":"EXPO LARGE LAF - edb","description":"_ $3520 member price. atypical. low to the ground, puffy shapes, and deep seating sum up what the expo sectional is all about. to achieve the rounded and puffed-up silhouette, we completely wrapped the sofas in feathers, which also explains the higher price tag of this model. with detachable armrests and backrests as well and fully removable covers, the model is also practical and easy to move around. designed for unconventional seating positions, this sofa is made for those looking for a new type of comfort and ergonomics. find yours by passing by our showroom. goodbye sitting straight!","robots":{"index":"noindex","follow":"follow","max-snippet":"max-snippet:-1","max-image-preview":"max-image-preview:large","max-video-preview":"max-video-preview:-1"},"og_locale":"en_US","og_type":"article","og_title":"EXPO LARGE LAF - edb","og_description":"_ $3520 member price. atypical. low to the ground, puffy shapes, and deep seating sum up what the expo sectional is all about. to achieve the rounded and puffed-up silhouette, we completely wrapped the sofas in feathers, which also explains the higher price tag of this model. with detachable armrests and backrests as well and fully removable covers, the model is also practical and easy to move around. designed for unconventional seating positions, this sofa is made for those looking for a new type of comfort and ergonomics. find yours by passing by our showroom. goodbye sitting straight!","og_url":"https:\/\/edbtestingwebsite.com\/produits\/expo-large-laf\/","og_site_name":"edb","article_modified_time":"2022-11-09T16:12:57+00:00","og_image":[{"width":1500,"height":920,"url":"https:\/\/edbtestingwebsite.com\/wp-content\/uploads\/2021\/12\/expo-sectional-1500x920_0000_001-1-2.jpg","type":"image\/jpeg"}],"twitter_card":"summary_large_image","schema":{"@context":"https:\/\/schema.org","@graph":[{"@type":"WebPage","@id":"https:\/\/edbtestingwebsite.com\/produits\/expo-large-laf\/","url":"https:\/\/edbtestingwebsite.com\/produits\/expo-large-laf\/","name":"EXPO LARGE LAF - edb","isPartOf":{"@id":"https:\/\/edbtestingwebsite.com\/#website"},"datePublished":"2021-12-02T01:23:04+00:00","dateModified":"2022-11-09T16:12:57+00:00","description":"_ $3520 prix membre. atypique. formes joufflues, profil bas et assises extra profondes r\u00e9sument bien l\u2019esprit du sectionnel expo. afin de cr\u00e9er la silhouette arrondie et l\u00e9g\u00e8rement gonfl\u00e9e, nous avons tout simplement enrob\u00e9 les canap\u00e9s de plumes, ce qui explique d\u2019ailleurs son prix un peu plus \u00e9lev\u00e9. avec ses accoudoirs et dossiers d\u00e9tachables ainsi que son syst\u00e8me enti\u00e8rement d\u00e9houssable, le canap\u00e9 expo se veut aussi pratique et facile \u00e0 d\u00e9placer. con\u00e7u pour les positions assises non-conventionelles, ce canap\u00e9 s\u2019adresse d\u2019abord et avant tout \u00e0 ceux et celles qui ont envie de s\u2019asseoir autrement. passer trouver votre position \u00e0 notre salle de montre et dites adieux aux assises carr\u00e9es.","breadcrumb":{"@id":"https:\/\/edbtestingwebsite.com\/produits\/expo-large-laf\/#breadcrumb"},"inLanguage":"en-US","potentialAction":[{"@type":"ReadAction","target":["https:\/\/edbtestingwebsite.com\/produits\/expo-large-laf\/"]}]},{"@type":"BreadcrumbList","@id":"https:\/\/edbtestingwebsite.com\/produits\/expo-large-laf\/#breadcrumb","itemListElement":[{"@type":"ListItem","position":1,"name":"Accueil","item":"https:\/\/edbtestingwebsite.com\/"},{"@type":"ListItem","position":2,"name":"Products","item":"https:\/\/edbtestingwebsite.com\/en\/products\/"},{"@type":"ListItem","position":3,"name":"EXPO LARGE LAF"}]},{"@type":"WebSite","@id":"https:\/\/edbtestingwebsite.com\/#website","url":"https:\/\/edbtestingwebsite.com\/","name":"edb","description":"\u00e9l\u00e9ment de base","publisher":{"@id":"https:\/\/edbtestingwebsite.com\/#organization"},"potentialAction":[{"@type":"SearchAction","target":{"@type":"EntryPoint","urlTemplate":"https:\/\/edbtestingwebsite.com\/?s={search_term_string}"},"query-input":"required name=search_term_string"}],"inLanguage":"en-US"},{"@type":"Organization","@id":"https:\/\/edbtestingwebsite.com\/#organization","name":"\u00e9l\u00e9ment de base","url":"https:\/\/edbtestingwebsite.com\/","logo":{"@type":"ImageObject","inLanguage":"en-US","@id":"https:\/\/edbtestingwebsite.com\/#\/schema\/logo\/image\/","url":"https:\/\/edbtestingwebsite.com\/wp-content\/uploads\/2022\/10\/unnamed.png","contentUrl":"https:\/\/edbtestingwebsite.com\/wp-content\/uploads\/2022\/10\/unnamed.png","width":372,"height":368,"caption":"\u00e9l\u00e9ment de base"},"image":{"@id":"https:\/\/edbtestingwebsite.com\/#\/schema\/logo\/image\/"},"sameAs":["https:\/\/www.instagram.com\/elementdebase"]}]}},"_links":{"self":[{"href":"https:\/\/edbtestingwebsite.com\/en\/wp-json\/wp\/v2\/product\/12070"}],"collection":[{"href":"https:\/\/edbtestingwebsite.com\/en\/wp-json\/wp\/v2\/product"}],"about":[{"href":"https:\/\/edbtestingwebsite.com\/en\/wp-json\/wp\/v2\/types\/product"}],"wp:featuredmedia":[{"embeddable":true,"href":"https:\/\/edbtestingwebsite.com\/en\/wp-json\/wp\/v2\/media\/22033"}],"wp:attachment":[{"href":"https:\/\/edbtestingwebsite.com\/en\/wp-json\/wp\/v2\/media?parent=12070"}],"wp:term":[{"taxonomy":"product_cat","embeddable":true,"href":"https:\/\/edbtestingwebsite.com\/en\/wp-json\/wp\/v2\/product_cat?post=12070"},{"taxonomy":"product_tag","embeddable":true,"href":"https:\/\/edbtestingwebsite.com\/en\/wp-json\/wp\/v2\/product_tag?post=12070"}],"curies":[{"name":"wp","href":"https:\/\/api.w.org\/{rel}","templated":true}]}}