{"id":15056,"date":"2021-12-02T02:07:00","date_gmt":"2021-12-02T07:07:00","guid":{"rendered":"https:\/\/www.elementdebase.com\/Non%20cat\u00e9goris\u00e9\/jonc-black\/"},"modified":"2022-11-09T16:25:22","modified_gmt":"2022-11-09T21:25:22","slug":"jonc-noir","status":"publish","type":"product","link":"https:\/\/edbtestingwebsite.com\/en\/products\/jonc-black\/","title":{"rendered":"JONC BLACK"},"content":{"rendered":"","protected":false},"excerpt":{"rendered":"<p>_ $210 member price.\u00a0\u00a0the jonc counter stool incorporates industrialism and nature. taking inspiration from the classic tubular stool, this version comes with a solid american white oak top rounded at the edges. a discreet twist for a restrained, paired down and quiet design. focusing on the bare essentials : practicality, functionality, material and shape. available in black or light grey.<\/p>\n","protected":false},"featured_media":15057,"template":"","meta":[],"product_cat":[41],"product_tag":[],"translation":{"provider":"WPGlobus","version":"2.10.6","language":"en","enabled_languages":["fr","en"],"languages":{"fr":{"title":true,"content":false,"excerpt":true},"en":{"title":true,"content":false,"excerpt":true}}},"acf":[],"yoast_head":"<!-- This site is optimized with the Yoast SEO plugin v19.10 - https:\/\/yoast.com\/wordpress\/plugins\/seo\/ -->\n<title>JONC BLACK - edb<\/title>\n<meta name=\"description\" content=\"_ $210 member price. the jonc counter stool incorporates industrialism and nature. taking inspiration from the classic tubular stool, this version comes with a solid american white oak top rounded at the edges. a discreet twist for a restrained, paired down and quiet design. focusing on the bare essentials : practicality, functionality, material and shape. available in black or light grey.\" \/>\n<meta name=\"robots\" content=\"noindex, follow, max-snippet:-1, max-image-preview:large, max-video-preview:-1\" \/>\n<meta property=\"og:locale\" content=\"en_US\" \/>\n<meta property=\"og:type\" content=\"article\" \/>\n<meta property=\"og:title\" content=\"JONC BLACK - edb\" \/>\n<meta property=\"og:description\" content=\"_ $210 member price. the jonc counter stool incorporates industrialism and nature. taking inspiration from the classic tubular stool, this version comes with a solid american white oak top rounded at the edges. a discreet twist for a restrained, paired down and quiet design. focusing on the bare essentials : practicality, functionality, material and shape. available in black or light grey.\" \/>\n<meta property=\"og:url\" content=\"https:\/\/edbtestingwebsite.com\/en\/produits\/jonc-noir\/\" \/>\n<meta property=\"og:site_name\" content=\"edb\" \/>\n<meta property=\"article:modified_time\" content=\"2022-11-09T21:25:22+00:00\" \/>\n<meta property=\"og:image\" content=\"https:\/\/edbtestingwebsite.com\/wp-content\/uploads\/2021\/12\/Jonc_black2_1500x920_0000_70.jpg\" \/>\n\t<meta property=\"og:image:width\" content=\"1500\" \/>\n\t<meta property=\"og:image:height\" content=\"920\" \/>\n\t<meta property=\"og:image:type\" content=\"image\/jpeg\" \/>\n<meta name=\"twitter:card\" content=\"summary_large_image\" \/>\n<script type=\"application\/ld+json\" class=\"yoast-schema-graph\">{\"@context\":\"https:\/\/schema.org\",\"@graph\":[{\"@type\":\"WebPage\",\"@id\":\"https:\/\/edbtestingwebsite.com\/en\/produits\/jonc-noir\/\",\"url\":\"https:\/\/edbtestingwebsite.com\/en\/produits\/jonc-noir\/\",\"name\":\"JONC BLACK - edb\",\"isPartOf\":{\"@id\":\"https:\/\/edbtestingwebsite.com\/#website\"},\"datePublished\":\"2021-12-02T07:07:00+00:00\",\"dateModified\":\"2022-11-09T21:25:22+00:00\",\"description\":\"_ $210 prix membre. le tabouret de comptoir jonc int\u00e8gre l\u2019industrialisme et la nature. s\u2019inspirant du tabouret tubulaire classique, cette version est dot\u00e9e d\u2019un plateau en ch\u00eane blanc am\u00e9ricain massif arrondi sur les bords. une touche discr\u00e8te pour un design sobre et silencieux. il se concentre sur l\u2019essentiel : praticit\u00e9, fonctionnalit\u00e9, mat\u00e9riaux et forme.disponible en noir ou en gris clair.\",\"breadcrumb\":{\"@id\":\"https:\/\/edbtestingwebsite.com\/en\/produits\/jonc-noir\/#breadcrumb\"},\"inLanguage\":\"en-US\",\"potentialAction\":[{\"@type\":\"ReadAction\",\"target\":[\"https:\/\/edbtestingwebsite.com\/en\/produits\/jonc-noir\/\"]}]},{\"@type\":\"BreadcrumbList\",\"@id\":\"https:\/\/edbtestingwebsite.com\/en\/produits\/jonc-noir\/#breadcrumb\",\"itemListElement\":[{\"@type\":\"ListItem\",\"position\":1,\"name\":\"Accueil\",\"item\":\"https:\/\/edbtestingwebsite.com\/\"},{\"@type\":\"ListItem\",\"position\":2,\"name\":\"Products\",\"item\":\"https:\/\/edbtestingwebsite.com\/en\/products\/\"},{\"@type\":\"ListItem\",\"position\":3,\"name\":\"JONC BLACK\"}]},{\"@type\":\"WebSite\",\"@id\":\"https:\/\/edbtestingwebsite.com\/#website\",\"url\":\"https:\/\/edbtestingwebsite.com\/\",\"name\":\"edb\",\"description\":\"\u00e9l\u00e9ment de base\",\"publisher\":{\"@id\":\"https:\/\/edbtestingwebsite.com\/#organization\"},\"potentialAction\":[{\"@type\":\"SearchAction\",\"target\":{\"@type\":\"EntryPoint\",\"urlTemplate\":\"https:\/\/edbtestingwebsite.com\/?s={search_term_string}\"},\"query-input\":\"required name=search_term_string\"}],\"inLanguage\":\"en-US\"},{\"@type\":\"Organization\",\"@id\":\"https:\/\/edbtestingwebsite.com\/#organization\",\"name\":\"\u00e9l\u00e9ment de base\",\"url\":\"https:\/\/edbtestingwebsite.com\/\",\"logo\":{\"@type\":\"ImageObject\",\"inLanguage\":\"en-US\",\"@id\":\"https:\/\/edbtestingwebsite.com\/#\/schema\/logo\/image\/\",\"url\":\"https:\/\/edbtestingwebsite.com\/wp-content\/uploads\/2022\/10\/unnamed.png\",\"contentUrl\":\"https:\/\/edbtestingwebsite.com\/wp-content\/uploads\/2022\/10\/unnamed.png\",\"width\":372,\"height\":368,\"caption\":\"\u00e9l\u00e9ment de base\"},\"image\":{\"@id\":\"https:\/\/edbtestingwebsite.com\/#\/schema\/logo\/image\/\"},\"sameAs\":[\"https:\/\/www.instagram.com\/elementdebase\"]}]}<\/script>\n<!-- \/ Yoast SEO plugin. -->","yoast_head_json":{"title":"JONC BLACK - edb","description":"_ $210 member price. the jonc counter stool incorporates industrialism and nature. taking inspiration from the classic tubular stool, this version comes with a solid american white oak top rounded at the edges. a discreet twist for a restrained, paired down and quiet design. focusing on the bare essentials : practicality, functionality, material and shape. available in black or light grey.","robots":{"index":"noindex","follow":"follow","max-snippet":"max-snippet:-1","max-image-preview":"max-image-preview:large","max-video-preview":"max-video-preview:-1"},"og_locale":"en_US","og_type":"article","og_title":"JONC BLACK - edb","og_description":"_ $210 member price. the jonc counter stool incorporates industrialism and nature. taking inspiration from the classic tubular stool, this version comes with a solid american white oak top rounded at the edges. a discreet twist for a restrained, paired down and quiet design. focusing on the bare essentials : practicality, functionality, material and shape. available in black or light grey.","og_url":"https:\/\/edbtestingwebsite.com\/en\/produits\/jonc-noir\/","og_site_name":"edb","article_modified_time":"2022-11-09T21:25:22+00:00","og_image":[{"width":1500,"height":920,"url":"https:\/\/edbtestingwebsite.com\/wp-content\/uploads\/2021\/12\/Jonc_black2_1500x920_0000_70.jpg","type":"image\/jpeg"}],"twitter_card":"summary_large_image","schema":{"@context":"https:\/\/schema.org","@graph":[{"@type":"WebPage","@id":"https:\/\/edbtestingwebsite.com\/en\/produits\/jonc-noir\/","url":"https:\/\/edbtestingwebsite.com\/en\/produits\/jonc-noir\/","name":"JONC BLACK - edb","isPartOf":{"@id":"https:\/\/edbtestingwebsite.com\/#website"},"datePublished":"2021-12-02T07:07:00+00:00","dateModified":"2022-11-09T21:25:22+00:00","description":"_ $210 prix membre. le tabouret de comptoir jonc int\u00e8gre l\u2019industrialisme et la nature. s\u2019inspirant du tabouret tubulaire classique, cette version est dot\u00e9e d\u2019un plateau en ch\u00eane blanc am\u00e9ricain massif arrondi sur les bords. une touche discr\u00e8te pour un design sobre et silencieux. il se concentre sur l\u2019essentiel : praticit\u00e9, fonctionnalit\u00e9, mat\u00e9riaux et forme.disponible en noir ou en gris clair.","breadcrumb":{"@id":"https:\/\/edbtestingwebsite.com\/en\/produits\/jonc-noir\/#breadcrumb"},"inLanguage":"en-US","potentialAction":[{"@type":"ReadAction","target":["https:\/\/edbtestingwebsite.com\/en\/produits\/jonc-noir\/"]}]},{"@type":"BreadcrumbList","@id":"https:\/\/edbtestingwebsite.com\/en\/produits\/jonc-noir\/#breadcrumb","itemListElement":[{"@type":"ListItem","position":1,"name":"Accueil","item":"https:\/\/edbtestingwebsite.com\/"},{"@type":"ListItem","position":2,"name":"Products","item":"https:\/\/edbtestingwebsite.com\/en\/products\/"},{"@type":"ListItem","position":3,"name":"JONC BLACK"}]},{"@type":"WebSite","@id":"https:\/\/edbtestingwebsite.com\/#website","url":"https:\/\/edbtestingwebsite.com\/","name":"edb","description":"\u00e9l\u00e9ment de base","publisher":{"@id":"https:\/\/edbtestingwebsite.com\/#organization"},"potentialAction":[{"@type":"SearchAction","target":{"@type":"EntryPoint","urlTemplate":"https:\/\/edbtestingwebsite.com\/?s={search_term_string}"},"query-input":"required name=search_term_string"}],"inLanguage":"en-US"},{"@type":"Organization","@id":"https:\/\/edbtestingwebsite.com\/#organization","name":"\u00e9l\u00e9ment de base","url":"https:\/\/edbtestingwebsite.com\/","logo":{"@type":"ImageObject","inLanguage":"en-US","@id":"https:\/\/edbtestingwebsite.com\/#\/schema\/logo\/image\/","url":"https:\/\/edbtestingwebsite.com\/wp-content\/uploads\/2022\/10\/unnamed.png","contentUrl":"https:\/\/edbtestingwebsite.com\/wp-content\/uploads\/2022\/10\/unnamed.png","width":372,"height":368,"caption":"\u00e9l\u00e9ment de base"},"image":{"@id":"https:\/\/edbtestingwebsite.com\/#\/schema\/logo\/image\/"},"sameAs":["https:\/\/www.instagram.com\/elementdebase"]}]}},"_links":{"self":[{"href":"https:\/\/edbtestingwebsite.com\/en\/wp-json\/wp\/v2\/product\/15056"}],"collection":[{"href":"https:\/\/edbtestingwebsite.com\/en\/wp-json\/wp\/v2\/product"}],"about":[{"href":"https:\/\/edbtestingwebsite.com\/en\/wp-json\/wp\/v2\/types\/product"}],"wp:featuredmedia":[{"embeddable":true,"href":"https:\/\/edbtestingwebsite.com\/en\/wp-json\/wp\/v2\/media\/15057"}],"wp:attachment":[{"href":"https:\/\/edbtestingwebsite.com\/en\/wp-json\/wp\/v2\/media?parent=15056"}],"wp:term":[{"taxonomy":"product_cat","embeddable":true,"href":"https:\/\/edbtestingwebsite.com\/en\/wp-json\/wp\/v2\/product_cat?post=15056"},{"taxonomy":"product_tag","embeddable":true,"href":"https:\/\/edbtestingwebsite.com\/en\/wp-json\/wp\/v2\/product_tag?post=15056"}],"curies":[{"name":"wp","href":"https:\/\/api.w.org\/{rel}","templated":true}]}}