{"id":15373,"date":"2021-12-02T02:10:47","date_gmt":"2021-12-02T07:10:47","guid":{"rendered":"https:\/\/www.elementdebase.com\/Non%20cat\u00e9goris\u00e9\/panorama-ottoman-sq\/"},"modified":"2022-11-10T10:15:22","modified_gmt":"2022-11-10T15:15:22","slug":"panorama-ottoman-34-sq","status":"publish","type":"product","link":"https:\/\/edbtestingwebsite.com\/en\/products\/panorama-ottoman-34-sq\/","title":{"rendered":"PANORAMA OTTOMAN 34 SQ"},"content":{"rendered":"","protected":false},"excerpt":{"rendered":"<p>_ $485 member price.\u00a0\u00a0new wave. openness, fluidity and curves are the base points of the panorama. challenging the right angles, its bold volume invite to adopt new postures and unusual dialogues. its cushions filled with feathers provide a touch of softness on its minimalist profile. designed for the avant-garde in us.<\/p>\n","protected":false},"featured_media":15374,"template":"","meta":[],"product_cat":[116],"product_tag":[],"translation":{"provider":"WPGlobus","version":"2.10.6","language":"en","enabled_languages":["fr","en"],"languages":{"fr":{"title":true,"content":false,"excerpt":true},"en":{"title":true,"content":false,"excerpt":true}}},"acf":[],"yoast_head":"<!-- This site is optimized with the Yoast SEO plugin v19.10 - https:\/\/yoast.com\/wordpress\/plugins\/seo\/ -->\n<title>PANORAMA OTTOMAN 34 SQ - edb<\/title>\n<meta name=\"description\" content=\"_ $485 member price. new wave. openness, fluidity and curves are the base points of the panorama. challenging the right angles, its bold volume invite to adopt new postures and unusual dialogues. its cushions filled with feathers provide a touch of softness on its minimalist profile. designed for the avant-garde in us.\" \/>\n<meta name=\"robots\" content=\"noindex, follow, max-snippet:-1, max-image-preview:large, max-video-preview:-1\" \/>\n<meta property=\"og:locale\" content=\"en_US\" \/>\n<meta property=\"og:type\" content=\"article\" \/>\n<meta property=\"og:title\" content=\"PANORAMA OTTOMAN 34 SQ - edb\" \/>\n<meta property=\"og:description\" content=\"_ $485 member price. new wave. openness, fluidity and curves are the base points of the panorama. challenging the right angles, its bold volume invite to adopt new postures and unusual dialogues. its cushions filled with feathers provide a touch of softness on its minimalist profile. designed for the avant-garde in us.\" \/>\n<meta property=\"og:url\" content=\"https:\/\/edbtestingwebsite.com\/produits\/panorama-ottoman-34-sq\/\" \/>\n<meta property=\"og:site_name\" content=\"edb\" \/>\n<meta property=\"article:modified_time\" content=\"2022-11-10T15:15:22+00:00\" \/>\n<meta property=\"og:image\" content=\"https:\/\/edbtestingwebsite.com\/wp-content\/uploads\/2021\/12\/Panorama_sq_ottoman_1500_0000_118.jpg\" \/>\n\t<meta property=\"og:image:width\" content=\"1500\" \/>\n\t<meta property=\"og:image:height\" content=\"920\" \/>\n\t<meta property=\"og:image:type\" content=\"image\/jpeg\" \/>\n<meta name=\"twitter:card\" content=\"summary_large_image\" \/>\n<script type=\"application\/ld+json\" class=\"yoast-schema-graph\">{\"@context\":\"https:\/\/schema.org\",\"@graph\":[{\"@type\":\"WebPage\",\"@id\":\"https:\/\/edbtestingwebsite.com\/produits\/panorama-ottoman-34-sq\/\",\"url\":\"https:\/\/edbtestingwebsite.com\/produits\/panorama-ottoman-34-sq\/\",\"name\":\"PANORAMA OTTOMAN 34 SQ - edb\",\"isPartOf\":{\"@id\":\"https:\/\/edbtestingwebsite.com\/#website\"},\"datePublished\":\"2021-12-02T07:10:47+00:00\",\"dateModified\":\"2022-11-10T15:15:22+00:00\",\"description\":\"_ $485 prix membre. nouvelle vague. ouverture, fluidit\u00e9 et courbes sont les points de d\u00e9part du sectionnel panorama. d\u00e9fiant les angles droits, son volume audacieux invite \u00e0 de nouvelles postures et \u00e0 un dialogue inusit\u00e9. ses coussins de plumes apportent une touche de douceur \u00e0 son profil minimaliste. con\u00e7u pour l\u2019avant-gardiste en nous!\",\"breadcrumb\":{\"@id\":\"https:\/\/edbtestingwebsite.com\/produits\/panorama-ottoman-34-sq\/#breadcrumb\"},\"inLanguage\":\"en-US\",\"potentialAction\":[{\"@type\":\"ReadAction\",\"target\":[\"https:\/\/edbtestingwebsite.com\/produits\/panorama-ottoman-34-sq\/\"]}]},{\"@type\":\"BreadcrumbList\",\"@id\":\"https:\/\/edbtestingwebsite.com\/produits\/panorama-ottoman-34-sq\/#breadcrumb\",\"itemListElement\":[{\"@type\":\"ListItem\",\"position\":1,\"name\":\"Accueil\",\"item\":\"https:\/\/edbtestingwebsite.com\/\"},{\"@type\":\"ListItem\",\"position\":2,\"name\":\"Products\",\"item\":\"https:\/\/edbtestingwebsite.com\/en\/products\/\"},{\"@type\":\"ListItem\",\"position\":3,\"name\":\"PANORAMA OTTOMAN 34 SQ\"}]},{\"@type\":\"WebSite\",\"@id\":\"https:\/\/edbtestingwebsite.com\/#website\",\"url\":\"https:\/\/edbtestingwebsite.com\/\",\"name\":\"edb\",\"description\":\"\u00e9l\u00e9ment de base\",\"publisher\":{\"@id\":\"https:\/\/edbtestingwebsite.com\/#organization\"},\"potentialAction\":[{\"@type\":\"SearchAction\",\"target\":{\"@type\":\"EntryPoint\",\"urlTemplate\":\"https:\/\/edbtestingwebsite.com\/?s={search_term_string}\"},\"query-input\":\"required name=search_term_string\"}],\"inLanguage\":\"en-US\"},{\"@type\":\"Organization\",\"@id\":\"https:\/\/edbtestingwebsite.com\/#organization\",\"name\":\"\u00e9l\u00e9ment de base\",\"url\":\"https:\/\/edbtestingwebsite.com\/\",\"logo\":{\"@type\":\"ImageObject\",\"inLanguage\":\"en-US\",\"@id\":\"https:\/\/edbtestingwebsite.com\/#\/schema\/logo\/image\/\",\"url\":\"https:\/\/edbtestingwebsite.com\/wp-content\/uploads\/2022\/10\/unnamed.png\",\"contentUrl\":\"https:\/\/edbtestingwebsite.com\/wp-content\/uploads\/2022\/10\/unnamed.png\",\"width\":372,\"height\":368,\"caption\":\"\u00e9l\u00e9ment de base\"},\"image\":{\"@id\":\"https:\/\/edbtestingwebsite.com\/#\/schema\/logo\/image\/\"},\"sameAs\":[\"https:\/\/www.instagram.com\/elementdebase\"]}]}<\/script>\n<!-- \/ Yoast SEO plugin. -->","yoast_head_json":{"title":"PANORAMA OTTOMAN 34 SQ - edb","description":"_ $485 member price. new wave. openness, fluidity and curves are the base points of the panorama. challenging the right angles, its bold volume invite to adopt new postures and unusual dialogues. its cushions filled with feathers provide a touch of softness on its minimalist profile. designed for the avant-garde in us.","robots":{"index":"noindex","follow":"follow","max-snippet":"max-snippet:-1","max-image-preview":"max-image-preview:large","max-video-preview":"max-video-preview:-1"},"og_locale":"en_US","og_type":"article","og_title":"PANORAMA OTTOMAN 34 SQ - edb","og_description":"_ $485 member price. new wave. openness, fluidity and curves are the base points of the panorama. challenging the right angles, its bold volume invite to adopt new postures and unusual dialogues. its cushions filled with feathers provide a touch of softness on its minimalist profile. designed for the avant-garde in us.","og_url":"https:\/\/edbtestingwebsite.com\/produits\/panorama-ottoman-34-sq\/","og_site_name":"edb","article_modified_time":"2022-11-10T15:15:22+00:00","og_image":[{"width":1500,"height":920,"url":"https:\/\/edbtestingwebsite.com\/wp-content\/uploads\/2021\/12\/Panorama_sq_ottoman_1500_0000_118.jpg","type":"image\/jpeg"}],"twitter_card":"summary_large_image","schema":{"@context":"https:\/\/schema.org","@graph":[{"@type":"WebPage","@id":"https:\/\/edbtestingwebsite.com\/produits\/panorama-ottoman-34-sq\/","url":"https:\/\/edbtestingwebsite.com\/produits\/panorama-ottoman-34-sq\/","name":"PANORAMA OTTOMAN 34 SQ - edb","isPartOf":{"@id":"https:\/\/edbtestingwebsite.com\/#website"},"datePublished":"2021-12-02T07:10:47+00:00","dateModified":"2022-11-10T15:15:22+00:00","description":"_ $485 prix membre. nouvelle vague. ouverture, fluidit\u00e9 et courbes sont les points de d\u00e9part du sectionnel panorama. d\u00e9fiant les angles droits, son volume audacieux invite \u00e0 de nouvelles postures et \u00e0 un dialogue inusit\u00e9. ses coussins de plumes apportent une touche de douceur \u00e0 son profil minimaliste. con\u00e7u pour l\u2019avant-gardiste en nous!","breadcrumb":{"@id":"https:\/\/edbtestingwebsite.com\/produits\/panorama-ottoman-34-sq\/#breadcrumb"},"inLanguage":"en-US","potentialAction":[{"@type":"ReadAction","target":["https:\/\/edbtestingwebsite.com\/produits\/panorama-ottoman-34-sq\/"]}]},{"@type":"BreadcrumbList","@id":"https:\/\/edbtestingwebsite.com\/produits\/panorama-ottoman-34-sq\/#breadcrumb","itemListElement":[{"@type":"ListItem","position":1,"name":"Accueil","item":"https:\/\/edbtestingwebsite.com\/"},{"@type":"ListItem","position":2,"name":"Products","item":"https:\/\/edbtestingwebsite.com\/en\/products\/"},{"@type":"ListItem","position":3,"name":"PANORAMA OTTOMAN 34 SQ"}]},{"@type":"WebSite","@id":"https:\/\/edbtestingwebsite.com\/#website","url":"https:\/\/edbtestingwebsite.com\/","name":"edb","description":"\u00e9l\u00e9ment de base","publisher":{"@id":"https:\/\/edbtestingwebsite.com\/#organization"},"potentialAction":[{"@type":"SearchAction","target":{"@type":"EntryPoint","urlTemplate":"https:\/\/edbtestingwebsite.com\/?s={search_term_string}"},"query-input":"required name=search_term_string"}],"inLanguage":"en-US"},{"@type":"Organization","@id":"https:\/\/edbtestingwebsite.com\/#organization","name":"\u00e9l\u00e9ment de base","url":"https:\/\/edbtestingwebsite.com\/","logo":{"@type":"ImageObject","inLanguage":"en-US","@id":"https:\/\/edbtestingwebsite.com\/#\/schema\/logo\/image\/","url":"https:\/\/edbtestingwebsite.com\/wp-content\/uploads\/2022\/10\/unnamed.png","contentUrl":"https:\/\/edbtestingwebsite.com\/wp-content\/uploads\/2022\/10\/unnamed.png","width":372,"height":368,"caption":"\u00e9l\u00e9ment de base"},"image":{"@id":"https:\/\/edbtestingwebsite.com\/#\/schema\/logo\/image\/"},"sameAs":["https:\/\/www.instagram.com\/elementdebase"]}]}},"_links":{"self":[{"href":"https:\/\/edbtestingwebsite.com\/en\/wp-json\/wp\/v2\/product\/15373"}],"collection":[{"href":"https:\/\/edbtestingwebsite.com\/en\/wp-json\/wp\/v2\/product"}],"about":[{"href":"https:\/\/edbtestingwebsite.com\/en\/wp-json\/wp\/v2\/types\/product"}],"wp:featuredmedia":[{"embeddable":true,"href":"https:\/\/edbtestingwebsite.com\/en\/wp-json\/wp\/v2\/media\/15374"}],"wp:attachment":[{"href":"https:\/\/edbtestingwebsite.com\/en\/wp-json\/wp\/v2\/media?parent=15373"}],"wp:term":[{"taxonomy":"product_cat","embeddable":true,"href":"https:\/\/edbtestingwebsite.com\/en\/wp-json\/wp\/v2\/product_cat?post=15373"},{"taxonomy":"product_tag","embeddable":true,"href":"https:\/\/edbtestingwebsite.com\/en\/wp-json\/wp\/v2\/product_tag?post=15373"}],"curies":[{"name":"wp","href":"https:\/\/api.w.org\/{rel}","templated":true}]}}