{"id":15562,"date":"2021-12-02T02:12:49","date_gmt":"2021-12-02T07:12:49","guid":{"rendered":"https:\/\/www.elementdebase.com\/Non%20cat\u00e9goris\u00e9\/elephant-oak\/"},"modified":"2022-11-09T16:26:05","modified_gmt":"2022-11-09T21:26:05","slug":"elephant-oak","status":"publish","type":"product","link":"https:\/\/edbtestingwebsite.com\/en\/products\/elephant-oak\/","title":{"rendered":"elephant oak"},"content":{"rendered":"","protected":false},"excerpt":{"rendered":"<p>_ $<span style=\"font-weight: 400;\">385<\/span> member price.\u00a0\u00a0new. low stools in solid american oak. four oversized softly rounded legs slightly protruding a thick seat characterizes the elephant stool. available in two heights and two finishes. table height or counter height. entirely in solid oak or with a natural rattan cane webbing seating. no assembly required.<\/p>\n","protected":false},"featured_media":15559,"template":"","meta":[],"product_cat":[41],"product_tag":[],"translation":{"provider":"WPGlobus","version":"2.10.6","language":"en","enabled_languages":["fr","en"],"languages":{"fr":{"title":true,"content":false,"excerpt":true},"en":{"title":true,"content":false,"excerpt":true}}},"acf":[],"yoast_head":"<!-- This site is optimized with the Yoast SEO plugin v19.10 - https:\/\/yoast.com\/wordpress\/plugins\/seo\/ -->\n<title>elephant oak - edb<\/title>\n<meta name=\"description\" content=\"_ $385 member price. new. low stools in solid american oak. four oversized softly rounded legs slightly protruding a thick seat characterizes the elephant stool. available in two heights and two finishes. table height or counter height. entirely in solid oak or with a natural rattan cane webbing seating. no assembly required.\" \/>\n<meta name=\"robots\" content=\"noindex, follow, max-snippet:-1, max-image-preview:large, max-video-preview:-1\" \/>\n<meta property=\"og:locale\" content=\"en_US\" \/>\n<meta property=\"og:type\" content=\"article\" \/>\n<meta property=\"og:title\" content=\"elephant oak - edb\" \/>\n<meta property=\"og:description\" content=\"_ $385 member price. new. low stools in solid american oak. four oversized softly rounded legs slightly protruding a thick seat characterizes the elephant stool. available in two heights and two finishes. table height or counter height. entirely in solid oak or with a natural rattan cane webbing seating. no assembly required.\" \/>\n<meta property=\"og:url\" content=\"https:\/\/edbtestingwebsite.com\/en\/produits\/elephant-oak\/\" \/>\n<meta property=\"og:site_name\" content=\"edb\" \/>\n<meta property=\"article:modified_time\" content=\"2022-11-09T21:26:05+00:00\" \/>\n<meta property=\"og:image\" content=\"https:\/\/edbtestingwebsite.com\/wp-content\/uploads\/2021\/12\/EPH3_EPH4_1500X920_0003_816.jpg\" \/>\n\t<meta property=\"og:image:width\" content=\"1500\" \/>\n\t<meta property=\"og:image:height\" content=\"920\" \/>\n\t<meta property=\"og:image:type\" content=\"image\/jpeg\" \/>\n<meta name=\"twitter:card\" content=\"summary_large_image\" \/>\n<script type=\"application\/ld+json\" class=\"yoast-schema-graph\">{\"@context\":\"https:\/\/schema.org\",\"@graph\":[{\"@type\":\"WebPage\",\"@id\":\"https:\/\/edbtestingwebsite.com\/en\/produits\/elephant-oak\/\",\"url\":\"https:\/\/edbtestingwebsite.com\/en\/produits\/elephant-oak\/\",\"name\":\"elephant oak - edb\",\"isPartOf\":{\"@id\":\"https:\/\/edbtestingwebsite.com\/#website\"},\"datePublished\":\"2021-12-02T07:12:49+00:00\",\"dateModified\":\"2022-11-09T21:26:05+00:00\",\"description\":\"_ $385 prix membre. nouveau. tabourets en ch\u00eane am\u00e9ricain massif. quatre pattes surdimensionn\u00e9es, l\u00e9g\u00e8rement arrondies et d\u00e9passant l\u00e9g\u00e8rement de l\u2019\u00e9paisse assise caract\u00e9risent le tabouret elephant. disponible en deux hauteurs et deux finis. hauteur de table ou hauteur de comptoir. enti\u00e8rement en ch\u00eane massif ou avec un si\u00e8ge en cannage. aucun assemblage requis.\",\"breadcrumb\":{\"@id\":\"https:\/\/edbtestingwebsite.com\/en\/produits\/elephant-oak\/#breadcrumb\"},\"inLanguage\":\"en-US\",\"potentialAction\":[{\"@type\":\"ReadAction\",\"target\":[\"https:\/\/edbtestingwebsite.com\/en\/produits\/elephant-oak\/\"]}]},{\"@type\":\"BreadcrumbList\",\"@id\":\"https:\/\/edbtestingwebsite.com\/en\/produits\/elephant-oak\/#breadcrumb\",\"itemListElement\":[{\"@type\":\"ListItem\",\"position\":1,\"name\":\"Accueil\",\"item\":\"https:\/\/edbtestingwebsite.com\/\"},{\"@type\":\"ListItem\",\"position\":2,\"name\":\"Products\",\"item\":\"https:\/\/edbtestingwebsite.com\/en\/products\/\"},{\"@type\":\"ListItem\",\"position\":3,\"name\":\"elephant oak\"}]},{\"@type\":\"WebSite\",\"@id\":\"https:\/\/edbtestingwebsite.com\/#website\",\"url\":\"https:\/\/edbtestingwebsite.com\/\",\"name\":\"edb\",\"description\":\"\u00e9l\u00e9ment de base\",\"publisher\":{\"@id\":\"https:\/\/edbtestingwebsite.com\/#organization\"},\"potentialAction\":[{\"@type\":\"SearchAction\",\"target\":{\"@type\":\"EntryPoint\",\"urlTemplate\":\"https:\/\/edbtestingwebsite.com\/?s={search_term_string}\"},\"query-input\":\"required name=search_term_string\"}],\"inLanguage\":\"en-US\"},{\"@type\":\"Organization\",\"@id\":\"https:\/\/edbtestingwebsite.com\/#organization\",\"name\":\"\u00e9l\u00e9ment de base\",\"url\":\"https:\/\/edbtestingwebsite.com\/\",\"logo\":{\"@type\":\"ImageObject\",\"inLanguage\":\"en-US\",\"@id\":\"https:\/\/edbtestingwebsite.com\/#\/schema\/logo\/image\/\",\"url\":\"https:\/\/edbtestingwebsite.com\/wp-content\/uploads\/2022\/10\/unnamed.png\",\"contentUrl\":\"https:\/\/edbtestingwebsite.com\/wp-content\/uploads\/2022\/10\/unnamed.png\",\"width\":372,\"height\":368,\"caption\":\"\u00e9l\u00e9ment de base\"},\"image\":{\"@id\":\"https:\/\/edbtestingwebsite.com\/#\/schema\/logo\/image\/\"},\"sameAs\":[\"https:\/\/www.instagram.com\/elementdebase\"]}]}<\/script>\n<!-- \/ Yoast SEO plugin. -->","yoast_head_json":{"title":"elephant oak - edb","description":"_ $385 member price. new. low stools in solid american oak. four oversized softly rounded legs slightly protruding a thick seat characterizes the elephant stool. available in two heights and two finishes. table height or counter height. entirely in solid oak or with a natural rattan cane webbing seating. no assembly required.","robots":{"index":"noindex","follow":"follow","max-snippet":"max-snippet:-1","max-image-preview":"max-image-preview:large","max-video-preview":"max-video-preview:-1"},"og_locale":"en_US","og_type":"article","og_title":"elephant oak - edb","og_description":"_ $385 member price. new. low stools in solid american oak. four oversized softly rounded legs slightly protruding a thick seat characterizes the elephant stool. available in two heights and two finishes. table height or counter height. entirely in solid oak or with a natural rattan cane webbing seating. no assembly required.","og_url":"https:\/\/edbtestingwebsite.com\/en\/produits\/elephant-oak\/","og_site_name":"edb","article_modified_time":"2022-11-09T21:26:05+00:00","og_image":[{"width":1500,"height":920,"url":"https:\/\/edbtestingwebsite.com\/wp-content\/uploads\/2021\/12\/EPH3_EPH4_1500X920_0003_816.jpg","type":"image\/jpeg"}],"twitter_card":"summary_large_image","schema":{"@context":"https:\/\/schema.org","@graph":[{"@type":"WebPage","@id":"https:\/\/edbtestingwebsite.com\/en\/produits\/elephant-oak\/","url":"https:\/\/edbtestingwebsite.com\/en\/produits\/elephant-oak\/","name":"elephant oak - edb","isPartOf":{"@id":"https:\/\/edbtestingwebsite.com\/#website"},"datePublished":"2021-12-02T07:12:49+00:00","dateModified":"2022-11-09T21:26:05+00:00","description":"_ $385 prix membre. nouveau. tabourets en ch\u00eane am\u00e9ricain massif. quatre pattes surdimensionn\u00e9es, l\u00e9g\u00e8rement arrondies et d\u00e9passant l\u00e9g\u00e8rement de l\u2019\u00e9paisse assise caract\u00e9risent le tabouret elephant. disponible en deux hauteurs et deux finis. hauteur de table ou hauteur de comptoir. enti\u00e8rement en ch\u00eane massif ou avec un si\u00e8ge en cannage. aucun assemblage requis.","breadcrumb":{"@id":"https:\/\/edbtestingwebsite.com\/en\/produits\/elephant-oak\/#breadcrumb"},"inLanguage":"en-US","potentialAction":[{"@type":"ReadAction","target":["https:\/\/edbtestingwebsite.com\/en\/produits\/elephant-oak\/"]}]},{"@type":"BreadcrumbList","@id":"https:\/\/edbtestingwebsite.com\/en\/produits\/elephant-oak\/#breadcrumb","itemListElement":[{"@type":"ListItem","position":1,"name":"Accueil","item":"https:\/\/edbtestingwebsite.com\/"},{"@type":"ListItem","position":2,"name":"Products","item":"https:\/\/edbtestingwebsite.com\/en\/products\/"},{"@type":"ListItem","position":3,"name":"elephant oak"}]},{"@type":"WebSite","@id":"https:\/\/edbtestingwebsite.com\/#website","url":"https:\/\/edbtestingwebsite.com\/","name":"edb","description":"\u00e9l\u00e9ment de base","publisher":{"@id":"https:\/\/edbtestingwebsite.com\/#organization"},"potentialAction":[{"@type":"SearchAction","target":{"@type":"EntryPoint","urlTemplate":"https:\/\/edbtestingwebsite.com\/?s={search_term_string}"},"query-input":"required name=search_term_string"}],"inLanguage":"en-US"},{"@type":"Organization","@id":"https:\/\/edbtestingwebsite.com\/#organization","name":"\u00e9l\u00e9ment de base","url":"https:\/\/edbtestingwebsite.com\/","logo":{"@type":"ImageObject","inLanguage":"en-US","@id":"https:\/\/edbtestingwebsite.com\/#\/schema\/logo\/image\/","url":"https:\/\/edbtestingwebsite.com\/wp-content\/uploads\/2022\/10\/unnamed.png","contentUrl":"https:\/\/edbtestingwebsite.com\/wp-content\/uploads\/2022\/10\/unnamed.png","width":372,"height":368,"caption":"\u00e9l\u00e9ment de base"},"image":{"@id":"https:\/\/edbtestingwebsite.com\/#\/schema\/logo\/image\/"},"sameAs":["https:\/\/www.instagram.com\/elementdebase"]}]}},"_links":{"self":[{"href":"https:\/\/edbtestingwebsite.com\/en\/wp-json\/wp\/v2\/product\/15562"}],"collection":[{"href":"https:\/\/edbtestingwebsite.com\/en\/wp-json\/wp\/v2\/product"}],"about":[{"href":"https:\/\/edbtestingwebsite.com\/en\/wp-json\/wp\/v2\/types\/product"}],"wp:featuredmedia":[{"embeddable":true,"href":"https:\/\/edbtestingwebsite.com\/en\/wp-json\/wp\/v2\/media\/15559"}],"wp:attachment":[{"href":"https:\/\/edbtestingwebsite.com\/en\/wp-json\/wp\/v2\/media?parent=15562"}],"wp:term":[{"taxonomy":"product_cat","embeddable":true,"href":"https:\/\/edbtestingwebsite.com\/en\/wp-json\/wp\/v2\/product_cat?post=15562"},{"taxonomy":"product_tag","embeddable":true,"href":"https:\/\/edbtestingwebsite.com\/en\/wp-json\/wp\/v2\/product_tag?post=15562"}],"curies":[{"name":"wp","href":"https:\/\/api.w.org\/{rel}","templated":true}]}}