{"id":15625,"date":"2021-12-02T02:13:37","date_gmt":"2021-12-02T07:13:37","guid":{"rendered":"https:\/\/www.elementdebase.com\/Non%20cat\u00e9goris\u00e9\/panorama-monolith-pnr-21\/"},"modified":"2022-11-10T10:10:15","modified_gmt":"2022-11-10T15:10:15","slug":"panorama-monolith-pnr-21","status":"publish","type":"product","link":"https:\/\/edbtestingwebsite.com\/en\/products\/panorama-monolith-pnr-21\/","title":{"rendered":"PANORAMA MONOLITH (PNR-21)"},"content":{"rendered":"","protected":false},"excerpt":{"rendered":"<p>_ $750 member price.\u00a0\u00a0panorama monolith. the pnr-21 belongs to a group of ottomans designed in irregular and peculiar shapes. shapes recalling monolithical stones, softly curved and asymmetrical. in total 5 different models available in all edb fabrics.<\/p>\n<p>produced to complement all panorama items, this ottoman can be used on its own or paired with any other models of sofas. the pnr-21 stands out by its curved l-shaped that is designed to tightly hug\u00a0the panorama round ottoman (pnr-11) as a pair. adding the pnr-22 encloses the round ottoman from both sides.<\/p>\n","protected":false},"featured_media":15626,"template":"","meta":[],"product_cat":[116],"product_tag":[],"translation":{"provider":"WPGlobus","version":"2.10.6","language":"en","enabled_languages":["fr","en"],"languages":{"fr":{"title":true,"content":false,"excerpt":true},"en":{"title":true,"content":false,"excerpt":true}}},"acf":[],"yoast_head":"<!-- This site is optimized with the Yoast SEO plugin v19.10 - https:\/\/yoast.com\/wordpress\/plugins\/seo\/ -->\n<title>PANORAMA MONOLITH (PNR-21) - edb<\/title>\n<meta name=\"description\" content=\"_ $750 member price. panorama monolith. the pnr-21 belongs to a group of ottomans designed in irregular and peculiar shapes. shapes recalling monolithical stones, softly curved and asymmetrical. in total 5 different models available in all edb fabrics.produced to complement all panorama items, this ottoman can be used on its own or paired with any other models of sofas. the pnr-21 stands out by its curved l-shaped that is designed to tightly hug the panorama round ottoman (pnr-11) as a pair. adding the pnr-22 encloses the round ottoman from both sides.\" \/>\n<meta name=\"robots\" content=\"noindex, follow, max-snippet:-1, max-image-preview:large, max-video-preview:-1\" \/>\n<meta property=\"og:locale\" content=\"en_US\" \/>\n<meta property=\"og:type\" content=\"article\" \/>\n<meta property=\"og:title\" content=\"PANORAMA MONOLITH (PNR-21) - edb\" \/>\n<meta property=\"og:description\" content=\"_ $750 member price. panorama monolith. the pnr-21 belongs to a group of ottomans designed in irregular and peculiar shapes. shapes recalling monolithical stones, softly curved and asymmetrical. in total 5 different models available in all edb fabrics.produced to complement all panorama items, this ottoman can be used on its own or paired with any other models of sofas. the pnr-21 stands out by its curved l-shaped that is designed to tightly hug the panorama round ottoman (pnr-11) as a pair. adding the pnr-22 encloses the round ottoman from both sides.\" \/>\n<meta property=\"og:url\" content=\"https:\/\/edbtestingwebsite.com\/produits\/panorama-monolith-pnr-21\/\" \/>\n<meta property=\"og:site_name\" content=\"edb\" \/>\n<meta property=\"article:modified_time\" content=\"2022-11-10T15:10:15+00:00\" \/>\n<meta property=\"og:image\" content=\"https:\/\/edbtestingwebsite.com\/wp-content\/uploads\/2021\/12\/8953C092-612F-4AF9-9F3C-38F093F775AD.jpeg\" \/>\n\t<meta property=\"og:image:width\" content=\"1500\" \/>\n\t<meta property=\"og:image:height\" content=\"920\" \/>\n\t<meta property=\"og:image:type\" content=\"image\/jpeg\" \/>\n<meta name=\"twitter:card\" content=\"summary_large_image\" \/>\n<script type=\"application\/ld+json\" class=\"yoast-schema-graph\">{\"@context\":\"https:\/\/schema.org\",\"@graph\":[{\"@type\":\"WebPage\",\"@id\":\"https:\/\/edbtestingwebsite.com\/produits\/panorama-monolith-pnr-21\/\",\"url\":\"https:\/\/edbtestingwebsite.com\/produits\/panorama-monolith-pnr-21\/\",\"name\":\"PANORAMA MONOLITH (PNR-21) - edb\",\"isPartOf\":{\"@id\":\"https:\/\/edbtestingwebsite.com\/#website\"},\"datePublished\":\"2021-12-02T07:13:37+00:00\",\"dateModified\":\"2022-11-10T15:10:15+00:00\",\"description\":\"_ $750 prix membre. panorama monolithe. le pnr-21 fait partie d\u2019une collection d\u2019ottomans con\u00e7us dans des formes irr\u00e9guli\u00e8res et particuli\u00e8res. des formes qui rappellent les pierres monolithiques, l\u00e9g\u00e8rement courb\u00e9es et al\u00e9atoires. au total, 5 diff\u00e9rents mod\u00e8les disponibles dans tous les tissus edb.con\u00e7u pour compl\u00e9menter tous les items panorama, ce pouf peut \u00eatre utilis\u00e9 seul ou associ\u00e9 \u00e0 d\u2019autres mod\u00e8les de canap\u00e9s. le pnr-21 se distingue par sa forme en l, con\u00e7ue pour \u00e9pouser le pouf rond panorama (pnr-11) en duo complice. l\u2019ajout du pnr-22 permet de changer la dynamique et d\u2019entourer le pouf rond des deux c\u00f4t\u00e9s.\",\"breadcrumb\":{\"@id\":\"https:\/\/edbtestingwebsite.com\/produits\/panorama-monolith-pnr-21\/#breadcrumb\"},\"inLanguage\":\"en-US\",\"potentialAction\":[{\"@type\":\"ReadAction\",\"target\":[\"https:\/\/edbtestingwebsite.com\/produits\/panorama-monolith-pnr-21\/\"]}]},{\"@type\":\"BreadcrumbList\",\"@id\":\"https:\/\/edbtestingwebsite.com\/produits\/panorama-monolith-pnr-21\/#breadcrumb\",\"itemListElement\":[{\"@type\":\"ListItem\",\"position\":1,\"name\":\"Accueil\",\"item\":\"https:\/\/edbtestingwebsite.com\/\"},{\"@type\":\"ListItem\",\"position\":2,\"name\":\"Products\",\"item\":\"https:\/\/edbtestingwebsite.com\/en\/products\/\"},{\"@type\":\"ListItem\",\"position\":3,\"name\":\"PANORAMA MONOLITH (PNR-21)\"}]},{\"@type\":\"WebSite\",\"@id\":\"https:\/\/edbtestingwebsite.com\/#website\",\"url\":\"https:\/\/edbtestingwebsite.com\/\",\"name\":\"edb\",\"description\":\"\u00e9l\u00e9ment de base\",\"publisher\":{\"@id\":\"https:\/\/edbtestingwebsite.com\/#organization\"},\"potentialAction\":[{\"@type\":\"SearchAction\",\"target\":{\"@type\":\"EntryPoint\",\"urlTemplate\":\"https:\/\/edbtestingwebsite.com\/?s={search_term_string}\"},\"query-input\":\"required name=search_term_string\"}],\"inLanguage\":\"en-US\"},{\"@type\":\"Organization\",\"@id\":\"https:\/\/edbtestingwebsite.com\/#organization\",\"name\":\"\u00e9l\u00e9ment de base\",\"url\":\"https:\/\/edbtestingwebsite.com\/\",\"logo\":{\"@type\":\"ImageObject\",\"inLanguage\":\"en-US\",\"@id\":\"https:\/\/edbtestingwebsite.com\/#\/schema\/logo\/image\/\",\"url\":\"https:\/\/edbtestingwebsite.com\/wp-content\/uploads\/2022\/10\/unnamed.png\",\"contentUrl\":\"https:\/\/edbtestingwebsite.com\/wp-content\/uploads\/2022\/10\/unnamed.png\",\"width\":372,\"height\":368,\"caption\":\"\u00e9l\u00e9ment de base\"},\"image\":{\"@id\":\"https:\/\/edbtestingwebsite.com\/#\/schema\/logo\/image\/\"},\"sameAs\":[\"https:\/\/www.instagram.com\/elementdebase\"]}]}<\/script>\n<!-- \/ Yoast SEO plugin. -->","yoast_head_json":{"title":"PANORAMA MONOLITH (PNR-21) - edb","description":"_ $750 member price. panorama monolith. the pnr-21 belongs to a group of ottomans designed in irregular and peculiar shapes. shapes recalling monolithical stones, softly curved and asymmetrical. in total 5 different models available in all edb fabrics.produced to complement all panorama items, this ottoman can be used on its own or paired with any other models of sofas. the pnr-21 stands out by its curved l-shaped that is designed to tightly hug the panorama round ottoman (pnr-11) as a pair. adding the pnr-22 encloses the round ottoman from both sides.","robots":{"index":"noindex","follow":"follow","max-snippet":"max-snippet:-1","max-image-preview":"max-image-preview:large","max-video-preview":"max-video-preview:-1"},"og_locale":"en_US","og_type":"article","og_title":"PANORAMA MONOLITH (PNR-21) - edb","og_description":"_ $750 member price. panorama monolith. the pnr-21 belongs to a group of ottomans designed in irregular and peculiar shapes. shapes recalling monolithical stones, softly curved and asymmetrical. in total 5 different models available in all edb fabrics.produced to complement all panorama items, this ottoman can be used on its own or paired with any other models of sofas. the pnr-21 stands out by its curved l-shaped that is designed to tightly hug the panorama round ottoman (pnr-11) as a pair. adding the pnr-22 encloses the round ottoman from both sides.","og_url":"https:\/\/edbtestingwebsite.com\/produits\/panorama-monolith-pnr-21\/","og_site_name":"edb","article_modified_time":"2022-11-10T15:10:15+00:00","og_image":[{"width":1500,"height":920,"url":"https:\/\/edbtestingwebsite.com\/wp-content\/uploads\/2021\/12\/8953C092-612F-4AF9-9F3C-38F093F775AD.jpeg","type":"image\/jpeg"}],"twitter_card":"summary_large_image","schema":{"@context":"https:\/\/schema.org","@graph":[{"@type":"WebPage","@id":"https:\/\/edbtestingwebsite.com\/produits\/panorama-monolith-pnr-21\/","url":"https:\/\/edbtestingwebsite.com\/produits\/panorama-monolith-pnr-21\/","name":"PANORAMA MONOLITH (PNR-21) - edb","isPartOf":{"@id":"https:\/\/edbtestingwebsite.com\/#website"},"datePublished":"2021-12-02T07:13:37+00:00","dateModified":"2022-11-10T15:10:15+00:00","description":"_ $750 prix membre. panorama monolithe. le pnr-21 fait partie d\u2019une collection d\u2019ottomans con\u00e7us dans des formes irr\u00e9guli\u00e8res et particuli\u00e8res. des formes qui rappellent les pierres monolithiques, l\u00e9g\u00e8rement courb\u00e9es et al\u00e9atoires. au total, 5 diff\u00e9rents mod\u00e8les disponibles dans tous les tissus edb.con\u00e7u pour compl\u00e9menter tous les items panorama, ce pouf peut \u00eatre utilis\u00e9 seul ou associ\u00e9 \u00e0 d\u2019autres mod\u00e8les de canap\u00e9s. le pnr-21 se distingue par sa forme en l, con\u00e7ue pour \u00e9pouser le pouf rond panorama (pnr-11) en duo complice. l\u2019ajout du pnr-22 permet de changer la dynamique et d\u2019entourer le pouf rond des deux c\u00f4t\u00e9s.","breadcrumb":{"@id":"https:\/\/edbtestingwebsite.com\/produits\/panorama-monolith-pnr-21\/#breadcrumb"},"inLanguage":"en-US","potentialAction":[{"@type":"ReadAction","target":["https:\/\/edbtestingwebsite.com\/produits\/panorama-monolith-pnr-21\/"]}]},{"@type":"BreadcrumbList","@id":"https:\/\/edbtestingwebsite.com\/produits\/panorama-monolith-pnr-21\/#breadcrumb","itemListElement":[{"@type":"ListItem","position":1,"name":"Accueil","item":"https:\/\/edbtestingwebsite.com\/"},{"@type":"ListItem","position":2,"name":"Products","item":"https:\/\/edbtestingwebsite.com\/en\/products\/"},{"@type":"ListItem","position":3,"name":"PANORAMA MONOLITH (PNR-21)"}]},{"@type":"WebSite","@id":"https:\/\/edbtestingwebsite.com\/#website","url":"https:\/\/edbtestingwebsite.com\/","name":"edb","description":"\u00e9l\u00e9ment de base","publisher":{"@id":"https:\/\/edbtestingwebsite.com\/#organization"},"potentialAction":[{"@type":"SearchAction","target":{"@type":"EntryPoint","urlTemplate":"https:\/\/edbtestingwebsite.com\/?s={search_term_string}"},"query-input":"required name=search_term_string"}],"inLanguage":"en-US"},{"@type":"Organization","@id":"https:\/\/edbtestingwebsite.com\/#organization","name":"\u00e9l\u00e9ment de base","url":"https:\/\/edbtestingwebsite.com\/","logo":{"@type":"ImageObject","inLanguage":"en-US","@id":"https:\/\/edbtestingwebsite.com\/#\/schema\/logo\/image\/","url":"https:\/\/edbtestingwebsite.com\/wp-content\/uploads\/2022\/10\/unnamed.png","contentUrl":"https:\/\/edbtestingwebsite.com\/wp-content\/uploads\/2022\/10\/unnamed.png","width":372,"height":368,"caption":"\u00e9l\u00e9ment de base"},"image":{"@id":"https:\/\/edbtestingwebsite.com\/#\/schema\/logo\/image\/"},"sameAs":["https:\/\/www.instagram.com\/elementdebase"]}]}},"_links":{"self":[{"href":"https:\/\/edbtestingwebsite.com\/en\/wp-json\/wp\/v2\/product\/15625"}],"collection":[{"href":"https:\/\/edbtestingwebsite.com\/en\/wp-json\/wp\/v2\/product"}],"about":[{"href":"https:\/\/edbtestingwebsite.com\/en\/wp-json\/wp\/v2\/types\/product"}],"wp:featuredmedia":[{"embeddable":true,"href":"https:\/\/edbtestingwebsite.com\/en\/wp-json\/wp\/v2\/media\/15626"}],"wp:attachment":[{"href":"https:\/\/edbtestingwebsite.com\/en\/wp-json\/wp\/v2\/media?parent=15625"}],"wp:term":[{"taxonomy":"product_cat","embeddable":true,"href":"https:\/\/edbtestingwebsite.com\/en\/wp-json\/wp\/v2\/product_cat?post=15625"},{"taxonomy":"product_tag","embeddable":true,"href":"https:\/\/edbtestingwebsite.com\/en\/wp-json\/wp\/v2\/product_tag?post=15625"}],"curies":[{"name":"wp","href":"https:\/\/api.w.org\/{rel}","templated":true}]}}