{"id":15824,"date":"2021-12-02T02:15:26","date_gmt":"2021-12-02T07:15:26","guid":{"rendered":"https:\/\/www.elementdebase.com\/Non%20cat\u00e9goris\u00e9\/panorama-cascade-pnr-24\/"},"modified":"2022-11-09T17:08:34","modified_gmt":"2022-11-09T22:08:34","slug":"panorama-cascade-left-corner","status":"publish","type":"product","link":"https:\/\/edbtestingwebsite.com\/en\/products\/panorama-cascade-left-corner\/","title":{"rendered":"PANORAMA CASCADE LEFT CORNER"},"content":{"rendered":"","protected":false},"excerpt":{"rendered":"<div class=\"woocommerce__desciption description-default\">\n<p>_ $1870 MEMBER PRICE.\u00a0\u00a0NEW WAVE. OPENNESS, FLUIDITY AND CURVES ARE THE BASE POINTS OF THE PANORAMA. CHALLENGING THE RIGHT ANGLES, ITS BOLD VOLUME INVITE TO ADOPT NEW POSTURES AND UNUSUAL DIALOGUES. ITS CUSHIONS FILLED WITH FEATHERS PROVIDE A TOUCH OF SOFTNESS ON ITS MINIMALIST PROFILE. DESIGNED FOR THE AVANT-GARDE IN US.<\/p>\n<\/div>\n<section class=\"woocommerce__desciption__two-columns columns-media theme-block alignfull\">\n<div class=\"columns-media-col first\"><\/div>\n<\/section>\n","protected":false},"featured_media":22069,"template":"","meta":[],"product_cat":[115],"product_tag":[],"translation":{"provider":"WPGlobus","version":"2.10.6","language":"en","enabled_languages":["fr","en"],"languages":{"fr":{"title":true,"content":false,"excerpt":true},"en":{"title":true,"content":false,"excerpt":true}}},"acf":[],"yoast_head":"<!-- This site is optimized with the Yoast SEO plugin v19.10 - https:\/\/yoast.com\/wordpress\/plugins\/seo\/ -->\n<title>PANORAMA CASCADE LEFT CORNER - edb<\/title>\n<meta name=\"description\" content=\"_ $1870 MEMBER PRICE. NEW WAVE. OPENNESS, FLUIDITY AND CURVES ARE THE BASE POINTS OF THE PANORAMA. CHALLENGING THE RIGHT ANGLES, ITS BOLD VOLUME INVITE TO ADOPT NEW POSTURES AND UNUSUAL DIALOGUES. ITS CUSHIONS FILLED WITH FEATHERS PROVIDE A TOUCH OF SOFTNESS ON ITS MINIMALIST PROFILE. DESIGNED FOR THE AVANT-GARDE IN US.\" \/>\n<meta name=\"robots\" content=\"noindex, follow, max-snippet:-1, max-image-preview:large, max-video-preview:-1\" \/>\n<meta property=\"og:locale\" content=\"en_US\" \/>\n<meta property=\"og:type\" content=\"article\" \/>\n<meta property=\"og:title\" content=\"PANORAMA CASCADE LEFT CORNER - edb\" \/>\n<meta property=\"og:description\" content=\"_ $1870 MEMBER PRICE. NEW WAVE. OPENNESS, FLUIDITY AND CURVES ARE THE BASE POINTS OF THE PANORAMA. CHALLENGING THE RIGHT ANGLES, ITS BOLD VOLUME INVITE TO ADOPT NEW POSTURES AND UNUSUAL DIALOGUES. ITS CUSHIONS FILLED WITH FEATHERS PROVIDE A TOUCH OF SOFTNESS ON ITS MINIMALIST PROFILE. DESIGNED FOR THE AVANT-GARDE IN US.\" \/>\n<meta property=\"og:url\" content=\"https:\/\/edbtestingwebsite.com\/produits\/panorama-cascade-left-corner\/\" \/>\n<meta property=\"og:site_name\" content=\"edb\" \/>\n<meta property=\"article:modified_time\" content=\"2022-11-09T22:08:34+00:00\" \/>\n<meta property=\"og:image\" content=\"https:\/\/edbtestingwebsite.com\/wp-content\/uploads\/2021\/12\/PNR24_RAF_fondblanc_1500x920_0003_2731-1.jpg\" \/>\n\t<meta property=\"og:image:width\" content=\"1500\" \/>\n\t<meta property=\"og:image:height\" content=\"920\" \/>\n\t<meta property=\"og:image:type\" content=\"image\/jpeg\" \/>\n<meta name=\"twitter:card\" content=\"summary_large_image\" \/>\n<script type=\"application\/ld+json\" class=\"yoast-schema-graph\">{\"@context\":\"https:\/\/schema.org\",\"@graph\":[{\"@type\":\"WebPage\",\"@id\":\"https:\/\/edbtestingwebsite.com\/produits\/panorama-cascade-left-corner\/\",\"url\":\"https:\/\/edbtestingwebsite.com\/produits\/panorama-cascade-left-corner\/\",\"name\":\"PANORAMA CASCADE LEFT CORNER - edb\",\"isPartOf\":{\"@id\":\"https:\/\/edbtestingwebsite.com\/#website\"},\"datePublished\":\"2021-12-02T07:15:26+00:00\",\"dateModified\":\"2022-11-09T22:08:34+00:00\",\"description\":\"_ $1870 PRIX MEMBRE. NOUVELLE VAGUE. OUVERTURE, FLUIDIT\u00c9 ET COURBES SONT LES POINTS DE D\u00c9PART DU SECTIONNEL PANORAMA. D\u00c9FIANT LES ANGLES DROITS, SON VOLUME AUDACIEUX INVITE \u00c0 DE NOUVELLES POSTURES ET \u00c0 UN DIALOGUE INUSIT\u00c9. SES COUSSINS DE PLUMES APPORTENT UNE TOUCHE DE DOUCEUR \u00c0 SON PROFIL MINIMALISTE. CON\u00c7U POUR L\u2019AVANT-GARDISTE EN NOUS!\",\"breadcrumb\":{\"@id\":\"https:\/\/edbtestingwebsite.com\/produits\/panorama-cascade-left-corner\/#breadcrumb\"},\"inLanguage\":\"en-US\",\"potentialAction\":[{\"@type\":\"ReadAction\",\"target\":[\"https:\/\/edbtestingwebsite.com\/produits\/panorama-cascade-left-corner\/\"]}]},{\"@type\":\"BreadcrumbList\",\"@id\":\"https:\/\/edbtestingwebsite.com\/produits\/panorama-cascade-left-corner\/#breadcrumb\",\"itemListElement\":[{\"@type\":\"ListItem\",\"position\":1,\"name\":\"Accueil\",\"item\":\"https:\/\/edbtestingwebsite.com\/\"},{\"@type\":\"ListItem\",\"position\":2,\"name\":\"Products\",\"item\":\"https:\/\/edbtestingwebsite.com\/en\/products\/\"},{\"@type\":\"ListItem\",\"position\":3,\"name\":\"PANORAMA CASCADE LEFT CORNER\"}]},{\"@type\":\"WebSite\",\"@id\":\"https:\/\/edbtestingwebsite.com\/#website\",\"url\":\"https:\/\/edbtestingwebsite.com\/\",\"name\":\"edb\",\"description\":\"\u00e9l\u00e9ment de base\",\"publisher\":{\"@id\":\"https:\/\/edbtestingwebsite.com\/#organization\"},\"potentialAction\":[{\"@type\":\"SearchAction\",\"target\":{\"@type\":\"EntryPoint\",\"urlTemplate\":\"https:\/\/edbtestingwebsite.com\/?s={search_term_string}\"},\"query-input\":\"required name=search_term_string\"}],\"inLanguage\":\"en-US\"},{\"@type\":\"Organization\",\"@id\":\"https:\/\/edbtestingwebsite.com\/#organization\",\"name\":\"\u00e9l\u00e9ment de base\",\"url\":\"https:\/\/edbtestingwebsite.com\/\",\"logo\":{\"@type\":\"ImageObject\",\"inLanguage\":\"en-US\",\"@id\":\"https:\/\/edbtestingwebsite.com\/#\/schema\/logo\/image\/\",\"url\":\"https:\/\/edbtestingwebsite.com\/wp-content\/uploads\/2022\/10\/unnamed.png\",\"contentUrl\":\"https:\/\/edbtestingwebsite.com\/wp-content\/uploads\/2022\/10\/unnamed.png\",\"width\":372,\"height\":368,\"caption\":\"\u00e9l\u00e9ment de base\"},\"image\":{\"@id\":\"https:\/\/edbtestingwebsite.com\/#\/schema\/logo\/image\/\"},\"sameAs\":[\"https:\/\/www.instagram.com\/elementdebase\"]}]}<\/script>\n<!-- \/ Yoast SEO plugin. -->","yoast_head_json":{"title":"PANORAMA CASCADE LEFT CORNER - edb","description":"_ $1870 MEMBER PRICE. NEW WAVE. OPENNESS, FLUIDITY AND CURVES ARE THE BASE POINTS OF THE PANORAMA. CHALLENGING THE RIGHT ANGLES, ITS BOLD VOLUME INVITE TO ADOPT NEW POSTURES AND UNUSUAL DIALOGUES. ITS CUSHIONS FILLED WITH FEATHERS PROVIDE A TOUCH OF SOFTNESS ON ITS MINIMALIST PROFILE. DESIGNED FOR THE AVANT-GARDE IN US.","robots":{"index":"noindex","follow":"follow","max-snippet":"max-snippet:-1","max-image-preview":"max-image-preview:large","max-video-preview":"max-video-preview:-1"},"og_locale":"en_US","og_type":"article","og_title":"PANORAMA CASCADE LEFT CORNER - edb","og_description":"_ $1870 MEMBER PRICE. NEW WAVE. OPENNESS, FLUIDITY AND CURVES ARE THE BASE POINTS OF THE PANORAMA. CHALLENGING THE RIGHT ANGLES, ITS BOLD VOLUME INVITE TO ADOPT NEW POSTURES AND UNUSUAL DIALOGUES. ITS CUSHIONS FILLED WITH FEATHERS PROVIDE A TOUCH OF SOFTNESS ON ITS MINIMALIST PROFILE. DESIGNED FOR THE AVANT-GARDE IN US.","og_url":"https:\/\/edbtestingwebsite.com\/produits\/panorama-cascade-left-corner\/","og_site_name":"edb","article_modified_time":"2022-11-09T22:08:34+00:00","og_image":[{"width":1500,"height":920,"url":"https:\/\/edbtestingwebsite.com\/wp-content\/uploads\/2021\/12\/PNR24_RAF_fondblanc_1500x920_0003_2731-1.jpg","type":"image\/jpeg"}],"twitter_card":"summary_large_image","schema":{"@context":"https:\/\/schema.org","@graph":[{"@type":"WebPage","@id":"https:\/\/edbtestingwebsite.com\/produits\/panorama-cascade-left-corner\/","url":"https:\/\/edbtestingwebsite.com\/produits\/panorama-cascade-left-corner\/","name":"PANORAMA CASCADE LEFT CORNER - edb","isPartOf":{"@id":"https:\/\/edbtestingwebsite.com\/#website"},"datePublished":"2021-12-02T07:15:26+00:00","dateModified":"2022-11-09T22:08:34+00:00","description":"_ $1870 PRIX MEMBRE. NOUVELLE VAGUE. OUVERTURE, FLUIDIT\u00c9 ET COURBES SONT LES POINTS DE D\u00c9PART DU SECTIONNEL PANORAMA. D\u00c9FIANT LES ANGLES DROITS, SON VOLUME AUDACIEUX INVITE \u00c0 DE NOUVELLES POSTURES ET \u00c0 UN DIALOGUE INUSIT\u00c9. SES COUSSINS DE PLUMES APPORTENT UNE TOUCHE DE DOUCEUR \u00c0 SON PROFIL MINIMALISTE. CON\u00c7U POUR L\u2019AVANT-GARDISTE EN NOUS!","breadcrumb":{"@id":"https:\/\/edbtestingwebsite.com\/produits\/panorama-cascade-left-corner\/#breadcrumb"},"inLanguage":"en-US","potentialAction":[{"@type":"ReadAction","target":["https:\/\/edbtestingwebsite.com\/produits\/panorama-cascade-left-corner\/"]}]},{"@type":"BreadcrumbList","@id":"https:\/\/edbtestingwebsite.com\/produits\/panorama-cascade-left-corner\/#breadcrumb","itemListElement":[{"@type":"ListItem","position":1,"name":"Accueil","item":"https:\/\/edbtestingwebsite.com\/"},{"@type":"ListItem","position":2,"name":"Products","item":"https:\/\/edbtestingwebsite.com\/en\/products\/"},{"@type":"ListItem","position":3,"name":"PANORAMA CASCADE LEFT CORNER"}]},{"@type":"WebSite","@id":"https:\/\/edbtestingwebsite.com\/#website","url":"https:\/\/edbtestingwebsite.com\/","name":"edb","description":"\u00e9l\u00e9ment de base","publisher":{"@id":"https:\/\/edbtestingwebsite.com\/#organization"},"potentialAction":[{"@type":"SearchAction","target":{"@type":"EntryPoint","urlTemplate":"https:\/\/edbtestingwebsite.com\/?s={search_term_string}"},"query-input":"required name=search_term_string"}],"inLanguage":"en-US"},{"@type":"Organization","@id":"https:\/\/edbtestingwebsite.com\/#organization","name":"\u00e9l\u00e9ment de base","url":"https:\/\/edbtestingwebsite.com\/","logo":{"@type":"ImageObject","inLanguage":"en-US","@id":"https:\/\/edbtestingwebsite.com\/#\/schema\/logo\/image\/","url":"https:\/\/edbtestingwebsite.com\/wp-content\/uploads\/2022\/10\/unnamed.png","contentUrl":"https:\/\/edbtestingwebsite.com\/wp-content\/uploads\/2022\/10\/unnamed.png","width":372,"height":368,"caption":"\u00e9l\u00e9ment de base"},"image":{"@id":"https:\/\/edbtestingwebsite.com\/#\/schema\/logo\/image\/"},"sameAs":["https:\/\/www.instagram.com\/elementdebase"]}]}},"_links":{"self":[{"href":"https:\/\/edbtestingwebsite.com\/en\/wp-json\/wp\/v2\/product\/15824"}],"collection":[{"href":"https:\/\/edbtestingwebsite.com\/en\/wp-json\/wp\/v2\/product"}],"about":[{"href":"https:\/\/edbtestingwebsite.com\/en\/wp-json\/wp\/v2\/types\/product"}],"wp:featuredmedia":[{"embeddable":true,"href":"https:\/\/edbtestingwebsite.com\/en\/wp-json\/wp\/v2\/media\/22069"}],"wp:attachment":[{"href":"https:\/\/edbtestingwebsite.com\/en\/wp-json\/wp\/v2\/media?parent=15824"}],"wp:term":[{"taxonomy":"product_cat","embeddable":true,"href":"https:\/\/edbtestingwebsite.com\/en\/wp-json\/wp\/v2\/product_cat?post=15824"},{"taxonomy":"product_tag","embeddable":true,"href":"https:\/\/edbtestingwebsite.com\/en\/wp-json\/wp\/v2\/product_tag?post=15824"}],"curies":[{"name":"wp","href":"https:\/\/api.w.org\/{rel}","templated":true}]}}