{"id":15974,"date":"2021-12-02T02:17:14","date_gmt":"2021-12-02T02:17:14","guid":{"rendered":"https:\/\/www.elementdebase.com\/Non%20cat\u00e9goris\u00e9\/weekend\/"},"modified":"2022-11-14T15:35:26","modified_gmt":"2022-11-14T20:35:26","slug":"weekend","status":"publish","type":"product","link":"https:\/\/edbtestingwebsite.com\/en\/products\/weekend\/","title":{"rendered":"WEEKEND"},"content":{"rendered":"","protected":false},"excerpt":{"rendered":"<p>_ $2900 member price.\u00a0 an interpretation of depth, roundness and snugness. a demonstration of modularity, flexibility and generosity. an expression of freedom, play and personality. the weekend sofa system is composed of three basic modules that can be arranged and rearranged in limitless combinations of fabrics and layouts. fully removable covers.<\/p>\n","protected":false},"featured_media":22045,"template":"","meta":[],"product_cat":[114,113],"product_tag":[],"translation":{"provider":"WPGlobus","version":"2.10.6","language":"en","enabled_languages":["fr","en"],"languages":{"fr":{"title":true,"content":false,"excerpt":true},"en":{"title":true,"content":false,"excerpt":true}}},"acf":[],"yoast_head":"<!-- This site is optimized with the Yoast SEO plugin v19.10 - https:\/\/yoast.com\/wordpress\/plugins\/seo\/ -->\n<title>WEEKEND - edb<\/title>\n<meta name=\"description\" content=\"_ $2900 member price.\u00a0 an interpretation of depth, roundness and snugness. a demonstration of modularity, flexibility and generosity. an expression of freedom, play and personality. the weekend sofa system is composed of three basic modules that can be arranged and rearranged in limitless combinations of fabrics and layouts. fully removable covers.\" \/>\n<meta name=\"robots\" content=\"noindex, follow, max-snippet:-1, max-image-preview:large, max-video-preview:-1\" \/>\n<meta property=\"og:locale\" content=\"en_US\" \/>\n<meta property=\"og:type\" content=\"article\" \/>\n<meta property=\"og:title\" content=\"WEEKEND - edb\" \/>\n<meta property=\"og:description\" content=\"_ $2900 member price.\u00a0 an interpretation of depth, roundness and snugness. a demonstration of modularity, flexibility and generosity. an expression of freedom, play and personality. the weekend sofa system is composed of three basic modules that can be arranged and rearranged in limitless combinations of fabrics and layouts. fully removable covers.\" \/>\n<meta property=\"og:url\" content=\"https:\/\/edbtestingwebsite.com\/produits\/weekend\/\" \/>\n<meta property=\"og:site_name\" content=\"edb\" \/>\n<meta property=\"article:modified_time\" content=\"2022-11-14T20:35:26+00:00\" \/>\n<meta property=\"og:image\" content=\"https:\/\/edbtestingwebsite.com\/wp-content\/uploads\/2021\/12\/weekend_3pieces_1500_0000_front-1.jpg\" \/>\n\t<meta property=\"og:image:width\" content=\"1500\" \/>\n\t<meta property=\"og:image:height\" content=\"920\" \/>\n\t<meta property=\"og:image:type\" content=\"image\/jpeg\" \/>\n<meta name=\"twitter:card\" content=\"summary_large_image\" \/>\n<meta name=\"twitter:label1\" content=\"Est. reading time\" \/>\n\t<meta name=\"twitter:data1\" content=\"1 minute\" \/>\n<script type=\"application\/ld+json\" class=\"yoast-schema-graph\">{\"@context\":\"https:\/\/schema.org\",\"@graph\":[{\"@type\":\"WebPage\",\"@id\":\"https:\/\/edbtestingwebsite.com\/produits\/weekend\/\",\"url\":\"https:\/\/edbtestingwebsite.com\/produits\/weekend\/\",\"name\":\"WEEKEND - edb\",\"isPartOf\":{\"@id\":\"https:\/\/edbtestingwebsite.com\/#website\"},\"datePublished\":\"2021-12-02T02:17:14+00:00\",\"dateModified\":\"2022-11-14T20:35:26+00:00\",\"description\":\"_ $2900 prix membre.\u00a0 profondeur, rondeur, douceur. modularit\u00e9, flexibilit\u00e9, g\u00e9n\u00e9rosit\u00e9. libert\u00e9, personnalit\u00e9 individualit\u00e9. le syst\u00e8me de canap\u00e9s weekend se compose de trois modules de base qui peuvent \u00eatre arrang\u00e9s et r\u00e9arrang\u00e9s dans des combinaisons illimit\u00e9es de tissus et d\u2019agencements. housses enti\u00e8rement amovibles.\",\"breadcrumb\":{\"@id\":\"https:\/\/edbtestingwebsite.com\/produits\/weekend\/#breadcrumb\"},\"inLanguage\":\"en-US\",\"potentialAction\":[{\"@type\":\"ReadAction\",\"target\":[\"https:\/\/edbtestingwebsite.com\/produits\/weekend\/\"]}]},{\"@type\":\"BreadcrumbList\",\"@id\":\"https:\/\/edbtestingwebsite.com\/produits\/weekend\/#breadcrumb\",\"itemListElement\":[{\"@type\":\"ListItem\",\"position\":1,\"name\":\"Accueil\",\"item\":\"https:\/\/edbtestingwebsite.com\/\"},{\"@type\":\"ListItem\",\"position\":2,\"name\":\"Products\",\"item\":\"https:\/\/edbtestingwebsite.com\/en\/products\/\"},{\"@type\":\"ListItem\",\"position\":3,\"name\":\"WEEKEND\"}]},{\"@type\":\"WebSite\",\"@id\":\"https:\/\/edbtestingwebsite.com\/#website\",\"url\":\"https:\/\/edbtestingwebsite.com\/\",\"name\":\"edb\",\"description\":\"\u00e9l\u00e9ment de base\",\"publisher\":{\"@id\":\"https:\/\/edbtestingwebsite.com\/#organization\"},\"potentialAction\":[{\"@type\":\"SearchAction\",\"target\":{\"@type\":\"EntryPoint\",\"urlTemplate\":\"https:\/\/edbtestingwebsite.com\/?s={search_term_string}\"},\"query-input\":\"required name=search_term_string\"}],\"inLanguage\":\"en-US\"},{\"@type\":\"Organization\",\"@id\":\"https:\/\/edbtestingwebsite.com\/#organization\",\"name\":\"\u00e9l\u00e9ment de base\",\"url\":\"https:\/\/edbtestingwebsite.com\/\",\"logo\":{\"@type\":\"ImageObject\",\"inLanguage\":\"en-US\",\"@id\":\"https:\/\/edbtestingwebsite.com\/#\/schema\/logo\/image\/\",\"url\":\"https:\/\/edbtestingwebsite.com\/wp-content\/uploads\/2022\/10\/unnamed.png\",\"contentUrl\":\"https:\/\/edbtestingwebsite.com\/wp-content\/uploads\/2022\/10\/unnamed.png\",\"width\":372,\"height\":368,\"caption\":\"\u00e9l\u00e9ment de base\"},\"image\":{\"@id\":\"https:\/\/edbtestingwebsite.com\/#\/schema\/logo\/image\/\"},\"sameAs\":[\"https:\/\/www.instagram.com\/elementdebase\"]}]}<\/script>\n<!-- \/ Yoast SEO plugin. -->","yoast_head_json":{"title":"WEEKEND - edb","description":"_ $2900 member price.\u00a0 an interpretation of depth, roundness and snugness. a demonstration of modularity, flexibility and generosity. an expression of freedom, play and personality. the weekend sofa system is composed of three basic modules that can be arranged and rearranged in limitless combinations of fabrics and layouts. fully removable covers.","robots":{"index":"noindex","follow":"follow","max-snippet":"max-snippet:-1","max-image-preview":"max-image-preview:large","max-video-preview":"max-video-preview:-1"},"og_locale":"en_US","og_type":"article","og_title":"WEEKEND - edb","og_description":"_ $2900 member price.\u00a0 an interpretation of depth, roundness and snugness. a demonstration of modularity, flexibility and generosity. an expression of freedom, play and personality. the weekend sofa system is composed of three basic modules that can be arranged and rearranged in limitless combinations of fabrics and layouts. fully removable covers.","og_url":"https:\/\/edbtestingwebsite.com\/produits\/weekend\/","og_site_name":"edb","article_modified_time":"2022-11-14T20:35:26+00:00","og_image":[{"width":1500,"height":920,"url":"https:\/\/edbtestingwebsite.com\/wp-content\/uploads\/2021\/12\/weekend_3pieces_1500_0000_front-1.jpg","type":"image\/jpeg"}],"twitter_card":"summary_large_image","twitter_misc":{"Est. reading time":"1 minute"},"schema":{"@context":"https:\/\/schema.org","@graph":[{"@type":"WebPage","@id":"https:\/\/edbtestingwebsite.com\/produits\/weekend\/","url":"https:\/\/edbtestingwebsite.com\/produits\/weekend\/","name":"WEEKEND - edb","isPartOf":{"@id":"https:\/\/edbtestingwebsite.com\/#website"},"datePublished":"2021-12-02T02:17:14+00:00","dateModified":"2022-11-14T20:35:26+00:00","description":"_ $2900 prix membre.\u00a0 profondeur, rondeur, douceur. modularit\u00e9, flexibilit\u00e9, g\u00e9n\u00e9rosit\u00e9. libert\u00e9, personnalit\u00e9 individualit\u00e9. le syst\u00e8me de canap\u00e9s weekend se compose de trois modules de base qui peuvent \u00eatre arrang\u00e9s et r\u00e9arrang\u00e9s dans des combinaisons illimit\u00e9es de tissus et d\u2019agencements. housses enti\u00e8rement amovibles.","breadcrumb":{"@id":"https:\/\/edbtestingwebsite.com\/produits\/weekend\/#breadcrumb"},"inLanguage":"en-US","potentialAction":[{"@type":"ReadAction","target":["https:\/\/edbtestingwebsite.com\/produits\/weekend\/"]}]},{"@type":"BreadcrumbList","@id":"https:\/\/edbtestingwebsite.com\/produits\/weekend\/#breadcrumb","itemListElement":[{"@type":"ListItem","position":1,"name":"Accueil","item":"https:\/\/edbtestingwebsite.com\/"},{"@type":"ListItem","position":2,"name":"Products","item":"https:\/\/edbtestingwebsite.com\/en\/products\/"},{"@type":"ListItem","position":3,"name":"WEEKEND"}]},{"@type":"WebSite","@id":"https:\/\/edbtestingwebsite.com\/#website","url":"https:\/\/edbtestingwebsite.com\/","name":"edb","description":"\u00e9l\u00e9ment de base","publisher":{"@id":"https:\/\/edbtestingwebsite.com\/#organization"},"potentialAction":[{"@type":"SearchAction","target":{"@type":"EntryPoint","urlTemplate":"https:\/\/edbtestingwebsite.com\/?s={search_term_string}"},"query-input":"required name=search_term_string"}],"inLanguage":"en-US"},{"@type":"Organization","@id":"https:\/\/edbtestingwebsite.com\/#organization","name":"\u00e9l\u00e9ment de base","url":"https:\/\/edbtestingwebsite.com\/","logo":{"@type":"ImageObject","inLanguage":"en-US","@id":"https:\/\/edbtestingwebsite.com\/#\/schema\/logo\/image\/","url":"https:\/\/edbtestingwebsite.com\/wp-content\/uploads\/2022\/10\/unnamed.png","contentUrl":"https:\/\/edbtestingwebsite.com\/wp-content\/uploads\/2022\/10\/unnamed.png","width":372,"height":368,"caption":"\u00e9l\u00e9ment de base"},"image":{"@id":"https:\/\/edbtestingwebsite.com\/#\/schema\/logo\/image\/"},"sameAs":["https:\/\/www.instagram.com\/elementdebase"]}]}},"_links":{"self":[{"href":"https:\/\/edbtestingwebsite.com\/en\/wp-json\/wp\/v2\/product\/15974"}],"collection":[{"href":"https:\/\/edbtestingwebsite.com\/en\/wp-json\/wp\/v2\/product"}],"about":[{"href":"https:\/\/edbtestingwebsite.com\/en\/wp-json\/wp\/v2\/types\/product"}],"wp:featuredmedia":[{"embeddable":true,"href":"https:\/\/edbtestingwebsite.com\/en\/wp-json\/wp\/v2\/media\/22045"}],"wp:attachment":[{"href":"https:\/\/edbtestingwebsite.com\/en\/wp-json\/wp\/v2\/media?parent=15974"}],"wp:term":[{"taxonomy":"product_cat","embeddable":true,"href":"https:\/\/edbtestingwebsite.com\/en\/wp-json\/wp\/v2\/product_cat?post=15974"},{"taxonomy":"product_tag","embeddable":true,"href":"https:\/\/edbtestingwebsite.com\/en\/wp-json\/wp\/v2\/product_tag?post=15974"}],"curies":[{"name":"wp","href":"https:\/\/api.w.org\/{rel}","templated":true}]}}