{"id":17748,"date":"2022-05-31T12:48:23","date_gmt":"2022-05-31T17:48:23","guid":{"rendered":"https:\/\/www.elementdebase.com\/?post_type=product&#038;p=17748"},"modified":"2022-11-08T18:35:57","modified_gmt":"2022-11-08T23:35:57","slug":"coastline-laf","status":"publish","type":"product","link":"https:\/\/edbtestingwebsite.com\/en\/products\/coastline-laf\/","title":{"rendered":"COASTLINE LAF"},"content":{"rendered":"","protected":false},"excerpt":{"rendered":"<p><span style=\"font-weight: 400;\">_ $2840 member price. The graphic curved backrest is undeniably the detail that makes this collection. The sectional is composed of two identical modules. Each outfitted with solid walnut legs and three back cushions of different sizes for a dynamic composition. For custom sizes, please refer to the modules PDF provided below.<\/span><\/p>\n","protected":false},"featured_media":22006,"template":"","meta":[],"product_cat":[111,146],"product_tag":[],"translation":{"provider":"WPGlobus","version":"2.10.6","language":"en","enabled_languages":["fr","en"],"languages":{"fr":{"title":true,"content":false,"excerpt":true},"en":{"title":true,"content":false,"excerpt":true}}},"acf":[],"yoast_head":"<!-- This site is optimized with the Yoast SEO plugin v19.10 - https:\/\/yoast.com\/wordpress\/plugins\/seo\/ -->\n<title>COASTLINE LAF - edb<\/title>\n<meta name=\"description\" content=\"_ $2840 member price. The graphic curved backrest is undeniably the detail that makes this collection. The sectional is composed of two identical modules. Each outfitted with solid walnut legs and three back cushions of different sizes for a dynamic composition. For custom sizes, please refer to the modules PDF provided below.\" \/>\n<meta name=\"robots\" content=\"noindex, follow, max-snippet:-1, max-image-preview:large, max-video-preview:-1\" \/>\n<meta property=\"og:locale\" content=\"en_US\" \/>\n<meta property=\"og:type\" content=\"article\" \/>\n<meta property=\"og:title\" content=\"COASTLINE LAF - edb\" \/>\n<meta property=\"og:description\" content=\"_ $2840 member price. The graphic curved backrest is undeniably the detail that makes this collection. The sectional is composed of two identical modules. Each outfitted with solid walnut legs and three back cushions of different sizes for a dynamic composition. For custom sizes, please refer to the modules PDF provided below.\" \/>\n<meta property=\"og:url\" content=\"https:\/\/edbtestingwebsite.com\/produits\/coastline-laf\/\" \/>\n<meta property=\"og:site_name\" content=\"edb\" \/>\n<meta property=\"article:modified_time\" content=\"2022-11-08T23:35:57+00:00\" \/>\n<meta property=\"og:image\" content=\"https:\/\/edbtestingwebsite.com\/wp-content\/uploads\/2022\/05\/coastline_LAF_1500x920_0000_3417.jpg\" \/>\n\t<meta property=\"og:image:width\" content=\"1500\" \/>\n\t<meta property=\"og:image:height\" content=\"920\" \/>\n\t<meta property=\"og:image:type\" content=\"image\/jpeg\" \/>\n<meta name=\"twitter:card\" content=\"summary_large_image\" \/>\n<script type=\"application\/ld+json\" class=\"yoast-schema-graph\">{\"@context\":\"https:\/\/schema.org\",\"@graph\":[{\"@type\":\"WebPage\",\"@id\":\"https:\/\/edbtestingwebsite.com\/produits\/coastline-laf\/\",\"url\":\"https:\/\/edbtestingwebsite.com\/produits\/coastline-laf\/\",\"name\":\"COASTLINE LAF - edb\",\"isPartOf\":{\"@id\":\"https:\/\/edbtestingwebsite.com\/#website\"},\"datePublished\":\"2022-05-31T17:48:23+00:00\",\"dateModified\":\"2022-11-08T23:35:57+00:00\",\"description\":\"_ $2840 prix membre. La ligne graphique du dossier courb\u00e9 est ind\u00e9niablement le d\u00e9tail qui d\u00e9finit cette collection. Le sectionnel est compos\u00e9 de deux modules identiques. Chacun vient avec des pattes en noyer massif et trois coussins de dos de tailles diff\u00e9rentes pour une composition dynamique. Pour des dimensions vari\u00e9es, veuillez vous r\u00e9f\u00e9rer au PDF des modules fourni ci-dessous.\",\"breadcrumb\":{\"@id\":\"https:\/\/edbtestingwebsite.com\/produits\/coastline-laf\/#breadcrumb\"},\"inLanguage\":\"en-US\",\"potentialAction\":[{\"@type\":\"ReadAction\",\"target\":[\"https:\/\/edbtestingwebsite.com\/produits\/coastline-laf\/\"]}]},{\"@type\":\"BreadcrumbList\",\"@id\":\"https:\/\/edbtestingwebsite.com\/produits\/coastline-laf\/#breadcrumb\",\"itemListElement\":[{\"@type\":\"ListItem\",\"position\":1,\"name\":\"Accueil\",\"item\":\"https:\/\/edbtestingwebsite.com\/\"},{\"@type\":\"ListItem\",\"position\":2,\"name\":\"Products\",\"item\":\"https:\/\/edbtestingwebsite.com\/en\/products\/\"},{\"@type\":\"ListItem\",\"position\":3,\"name\":\"COASTLINE LAF\"}]},{\"@type\":\"WebSite\",\"@id\":\"https:\/\/edbtestingwebsite.com\/#website\",\"url\":\"https:\/\/edbtestingwebsite.com\/\",\"name\":\"edb\",\"description\":\"\u00e9l\u00e9ment de base\",\"publisher\":{\"@id\":\"https:\/\/edbtestingwebsite.com\/#organization\"},\"potentialAction\":[{\"@type\":\"SearchAction\",\"target\":{\"@type\":\"EntryPoint\",\"urlTemplate\":\"https:\/\/edbtestingwebsite.com\/?s={search_term_string}\"},\"query-input\":\"required name=search_term_string\"}],\"inLanguage\":\"en-US\"},{\"@type\":\"Organization\",\"@id\":\"https:\/\/edbtestingwebsite.com\/#organization\",\"name\":\"\u00e9l\u00e9ment de base\",\"url\":\"https:\/\/edbtestingwebsite.com\/\",\"logo\":{\"@type\":\"ImageObject\",\"inLanguage\":\"en-US\",\"@id\":\"https:\/\/edbtestingwebsite.com\/#\/schema\/logo\/image\/\",\"url\":\"https:\/\/edbtestingwebsite.com\/wp-content\/uploads\/2022\/10\/unnamed.png\",\"contentUrl\":\"https:\/\/edbtestingwebsite.com\/wp-content\/uploads\/2022\/10\/unnamed.png\",\"width\":372,\"height\":368,\"caption\":\"\u00e9l\u00e9ment de base\"},\"image\":{\"@id\":\"https:\/\/edbtestingwebsite.com\/#\/schema\/logo\/image\/\"},\"sameAs\":[\"https:\/\/www.instagram.com\/elementdebase\"]}]}<\/script>\n<!-- \/ Yoast SEO plugin. -->","yoast_head_json":{"title":"COASTLINE LAF - edb","description":"_ $2840 member price. The graphic curved backrest is undeniably the detail that makes this collection. The sectional is composed of two identical modules. Each outfitted with solid walnut legs and three back cushions of different sizes for a dynamic composition. For custom sizes, please refer to the modules PDF provided below.","robots":{"index":"noindex","follow":"follow","max-snippet":"max-snippet:-1","max-image-preview":"max-image-preview:large","max-video-preview":"max-video-preview:-1"},"og_locale":"en_US","og_type":"article","og_title":"COASTLINE LAF - edb","og_description":"_ $2840 member price. The graphic curved backrest is undeniably the detail that makes this collection. The sectional is composed of two identical modules. Each outfitted with solid walnut legs and three back cushions of different sizes for a dynamic composition. For custom sizes, please refer to the modules PDF provided below.","og_url":"https:\/\/edbtestingwebsite.com\/produits\/coastline-laf\/","og_site_name":"edb","article_modified_time":"2022-11-08T23:35:57+00:00","og_image":[{"width":1500,"height":920,"url":"https:\/\/edbtestingwebsite.com\/wp-content\/uploads\/2022\/05\/coastline_LAF_1500x920_0000_3417.jpg","type":"image\/jpeg"}],"twitter_card":"summary_large_image","schema":{"@context":"https:\/\/schema.org","@graph":[{"@type":"WebPage","@id":"https:\/\/edbtestingwebsite.com\/produits\/coastline-laf\/","url":"https:\/\/edbtestingwebsite.com\/produits\/coastline-laf\/","name":"COASTLINE LAF - edb","isPartOf":{"@id":"https:\/\/edbtestingwebsite.com\/#website"},"datePublished":"2022-05-31T17:48:23+00:00","dateModified":"2022-11-08T23:35:57+00:00","description":"_ $2840 prix membre. La ligne graphique du dossier courb\u00e9 est ind\u00e9niablement le d\u00e9tail qui d\u00e9finit cette collection. Le sectionnel est compos\u00e9 de deux modules identiques. Chacun vient avec des pattes en noyer massif et trois coussins de dos de tailles diff\u00e9rentes pour une composition dynamique. Pour des dimensions vari\u00e9es, veuillez vous r\u00e9f\u00e9rer au PDF des modules fourni ci-dessous.","breadcrumb":{"@id":"https:\/\/edbtestingwebsite.com\/produits\/coastline-laf\/#breadcrumb"},"inLanguage":"en-US","potentialAction":[{"@type":"ReadAction","target":["https:\/\/edbtestingwebsite.com\/produits\/coastline-laf\/"]}]},{"@type":"BreadcrumbList","@id":"https:\/\/edbtestingwebsite.com\/produits\/coastline-laf\/#breadcrumb","itemListElement":[{"@type":"ListItem","position":1,"name":"Accueil","item":"https:\/\/edbtestingwebsite.com\/"},{"@type":"ListItem","position":2,"name":"Products","item":"https:\/\/edbtestingwebsite.com\/en\/products\/"},{"@type":"ListItem","position":3,"name":"COASTLINE LAF"}]},{"@type":"WebSite","@id":"https:\/\/edbtestingwebsite.com\/#website","url":"https:\/\/edbtestingwebsite.com\/","name":"edb","description":"\u00e9l\u00e9ment de base","publisher":{"@id":"https:\/\/edbtestingwebsite.com\/#organization"},"potentialAction":[{"@type":"SearchAction","target":{"@type":"EntryPoint","urlTemplate":"https:\/\/edbtestingwebsite.com\/?s={search_term_string}"},"query-input":"required name=search_term_string"}],"inLanguage":"en-US"},{"@type":"Organization","@id":"https:\/\/edbtestingwebsite.com\/#organization","name":"\u00e9l\u00e9ment de base","url":"https:\/\/edbtestingwebsite.com\/","logo":{"@type":"ImageObject","inLanguage":"en-US","@id":"https:\/\/edbtestingwebsite.com\/#\/schema\/logo\/image\/","url":"https:\/\/edbtestingwebsite.com\/wp-content\/uploads\/2022\/10\/unnamed.png","contentUrl":"https:\/\/edbtestingwebsite.com\/wp-content\/uploads\/2022\/10\/unnamed.png","width":372,"height":368,"caption":"\u00e9l\u00e9ment de base"},"image":{"@id":"https:\/\/edbtestingwebsite.com\/#\/schema\/logo\/image\/"},"sameAs":["https:\/\/www.instagram.com\/elementdebase"]}]}},"_links":{"self":[{"href":"https:\/\/edbtestingwebsite.com\/en\/wp-json\/wp\/v2\/product\/17748"}],"collection":[{"href":"https:\/\/edbtestingwebsite.com\/en\/wp-json\/wp\/v2\/product"}],"about":[{"href":"https:\/\/edbtestingwebsite.com\/en\/wp-json\/wp\/v2\/types\/product"}],"wp:featuredmedia":[{"embeddable":true,"href":"https:\/\/edbtestingwebsite.com\/en\/wp-json\/wp\/v2\/media\/22006"}],"wp:attachment":[{"href":"https:\/\/edbtestingwebsite.com\/en\/wp-json\/wp\/v2\/media?parent=17748"}],"wp:term":[{"taxonomy":"product_cat","embeddable":true,"href":"https:\/\/edbtestingwebsite.com\/en\/wp-json\/wp\/v2\/product_cat?post=17748"},{"taxonomy":"product_tag","embeddable":true,"href":"https:\/\/edbtestingwebsite.com\/en\/wp-json\/wp\/v2\/product_tag?post=17748"}],"curies":[{"name":"wp","href":"https:\/\/api.w.org\/{rel}","templated":true}]}}