{"id":17811,"date":"2022-05-31T15:02:33","date_gmt":"2022-05-31T20:02:33","guid":{"rendered":"https:\/\/www.elementdebase.com\/?post_type=product&#038;p=17811"},"modified":"2022-11-08T18:07:54","modified_gmt":"2022-11-08T23:07:54","slug":"boost-raf","status":"publish","type":"product","link":"https:\/\/edbtestingwebsite.com\/en\/products\/boost-raf\/","title":{"rendered":"BOOST RAF"},"content":{"rendered":"","protected":false},"excerpt":{"rendered":"<div class=\"product-description\">\n<div class=\"product-description\">\n<p>_ $<span data-sheets-value=\"{&quot;1&quot;:3,&quot;3&quot;:3600}\" data-sheets-userformat=\"{&quot;2&quot;:513,&quot;3&quot;:{&quot;1&quot;:0},&quot;12&quot;:0}\">3230<\/span> member price.\u00a0\u00a0a hugging back rest combined with rounded and soft edges. large and puffy cushions that motivate horizontal postures. anything but formal seating. designed to spend days lazing around.<\/p>\n<p>&nbsp;<\/p>\n<\/div>\n<div class=\"product-menu\">\n<form class=\"variations_form cart\" enctype=\"multipart\/form-data\" method=\"post\" data-product_id=\"29340\" data-product_variations=\"[29341,29342,29343,29344,29345,29346,29347,29348,29349,29350,29351,29352,29353]\">\n<div class=\"product-color-choices\"><\/div>\n<\/form>\n<\/div>\n<\/div>\n","protected":false},"featured_media":22028,"template":"","meta":[],"product_cat":[110,146],"product_tag":[],"translation":{"provider":"WPGlobus","version":"2.10.6","language":"en","enabled_languages":["fr","en"],"languages":{"fr":{"title":true,"content":false,"excerpt":true},"en":{"title":true,"content":false,"excerpt":true}}},"acf":[],"yoast_head":"<!-- This site is optimized with the Yoast SEO plugin v19.10 - https:\/\/yoast.com\/wordpress\/plugins\/seo\/ -->\n<title>BOOST RAF - edb<\/title>\n<meta name=\"description\" content=\"_ $3230 member price.\u00a0\u00a0a hugging back rest combined with rounded and soft edges. large and puffy cushions that motivate horizontal postures. anything but formal seating. designed to spend days lazing around.\" \/>\n<meta name=\"robots\" content=\"noindex, follow, max-snippet:-1, max-image-preview:large, max-video-preview:-1\" \/>\n<meta property=\"og:locale\" content=\"en_US\" \/>\n<meta property=\"og:type\" content=\"article\" \/>\n<meta property=\"og:title\" content=\"BOOST RAF - edb\" \/>\n<meta property=\"og:description\" content=\"_ $3230 member price.\u00a0\u00a0a hugging back rest combined with rounded and soft edges. large and puffy cushions that motivate horizontal postures. anything but formal seating. designed to spend days lazing around.\" \/>\n<meta property=\"og:url\" content=\"https:\/\/edbtestingwebsite.com\/produits\/boost-raf\/\" \/>\n<meta property=\"og:site_name\" content=\"edb\" \/>\n<meta property=\"article:modified_time\" content=\"2022-11-08T23:07:54+00:00\" \/>\n<meta property=\"og:image\" content=\"https:\/\/edbtestingwebsite.com\/wp-content\/uploads\/2022\/05\/boost_1500x920_0002_LAF.jpg\" \/>\n\t<meta property=\"og:image:width\" content=\"1500\" \/>\n\t<meta property=\"og:image:height\" content=\"920\" \/>\n\t<meta property=\"og:image:type\" content=\"image\/jpeg\" \/>\n<meta name=\"twitter:card\" content=\"summary_large_image\" \/>\n<script type=\"application\/ld+json\" class=\"yoast-schema-graph\">{\"@context\":\"https:\/\/schema.org\",\"@graph\":[{\"@type\":\"WebPage\",\"@id\":\"https:\/\/edbtestingwebsite.com\/produits\/boost-raf\/\",\"url\":\"https:\/\/edbtestingwebsite.com\/produits\/boost-raf\/\",\"name\":\"BOOST RAF - edb\",\"isPartOf\":{\"@id\":\"https:\/\/edbtestingwebsite.com\/#website\"},\"datePublished\":\"2022-05-31T20:02:33+00:00\",\"dateModified\":\"2022-11-08T23:07:54+00:00\",\"description\":\"_ $3230 prix membre.\u00a0\u00a0un dossier enveloppant aux bords arrondis et doux. des coussins larges et bouffants qui motivent les postures horizontales. tout sauf un si\u00e8ge formel. con\u00e7u pour passer des journ\u00e9es de farniente.\",\"breadcrumb\":{\"@id\":\"https:\/\/edbtestingwebsite.com\/produits\/boost-raf\/#breadcrumb\"},\"inLanguage\":\"en-US\",\"potentialAction\":[{\"@type\":\"ReadAction\",\"target\":[\"https:\/\/edbtestingwebsite.com\/produits\/boost-raf\/\"]}]},{\"@type\":\"BreadcrumbList\",\"@id\":\"https:\/\/edbtestingwebsite.com\/produits\/boost-raf\/#breadcrumb\",\"itemListElement\":[{\"@type\":\"ListItem\",\"position\":1,\"name\":\"Accueil\",\"item\":\"https:\/\/edbtestingwebsite.com\/\"},{\"@type\":\"ListItem\",\"position\":2,\"name\":\"Products\",\"item\":\"https:\/\/edbtestingwebsite.com\/en\/products\/\"},{\"@type\":\"ListItem\",\"position\":3,\"name\":\"BOOST RAF\"}]},{\"@type\":\"WebSite\",\"@id\":\"https:\/\/edbtestingwebsite.com\/#website\",\"url\":\"https:\/\/edbtestingwebsite.com\/\",\"name\":\"edb\",\"description\":\"\u00e9l\u00e9ment de base\",\"publisher\":{\"@id\":\"https:\/\/edbtestingwebsite.com\/#organization\"},\"potentialAction\":[{\"@type\":\"SearchAction\",\"target\":{\"@type\":\"EntryPoint\",\"urlTemplate\":\"https:\/\/edbtestingwebsite.com\/?s={search_term_string}\"},\"query-input\":\"required name=search_term_string\"}],\"inLanguage\":\"en-US\"},{\"@type\":\"Organization\",\"@id\":\"https:\/\/edbtestingwebsite.com\/#organization\",\"name\":\"\u00e9l\u00e9ment de base\",\"url\":\"https:\/\/edbtestingwebsite.com\/\",\"logo\":{\"@type\":\"ImageObject\",\"inLanguage\":\"en-US\",\"@id\":\"https:\/\/edbtestingwebsite.com\/#\/schema\/logo\/image\/\",\"url\":\"https:\/\/edbtestingwebsite.com\/wp-content\/uploads\/2022\/10\/unnamed.png\",\"contentUrl\":\"https:\/\/edbtestingwebsite.com\/wp-content\/uploads\/2022\/10\/unnamed.png\",\"width\":372,\"height\":368,\"caption\":\"\u00e9l\u00e9ment de base\"},\"image\":{\"@id\":\"https:\/\/edbtestingwebsite.com\/#\/schema\/logo\/image\/\"},\"sameAs\":[\"https:\/\/www.instagram.com\/elementdebase\"]}]}<\/script>\n<!-- \/ Yoast SEO plugin. -->","yoast_head_json":{"title":"BOOST RAF - edb","description":"_ $3230 member price.\u00a0\u00a0a hugging back rest combined with rounded and soft edges. large and puffy cushions that motivate horizontal postures. anything but formal seating. designed to spend days lazing around.","robots":{"index":"noindex","follow":"follow","max-snippet":"max-snippet:-1","max-image-preview":"max-image-preview:large","max-video-preview":"max-video-preview:-1"},"og_locale":"en_US","og_type":"article","og_title":"BOOST RAF - edb","og_description":"_ $3230 member price.\u00a0\u00a0a hugging back rest combined with rounded and soft edges. large and puffy cushions that motivate horizontal postures. anything but formal seating. designed to spend days lazing around.","og_url":"https:\/\/edbtestingwebsite.com\/produits\/boost-raf\/","og_site_name":"edb","article_modified_time":"2022-11-08T23:07:54+00:00","og_image":[{"width":1500,"height":920,"url":"https:\/\/edbtestingwebsite.com\/wp-content\/uploads\/2022\/05\/boost_1500x920_0002_LAF.jpg","type":"image\/jpeg"}],"twitter_card":"summary_large_image","schema":{"@context":"https:\/\/schema.org","@graph":[{"@type":"WebPage","@id":"https:\/\/edbtestingwebsite.com\/produits\/boost-raf\/","url":"https:\/\/edbtestingwebsite.com\/produits\/boost-raf\/","name":"BOOST RAF - edb","isPartOf":{"@id":"https:\/\/edbtestingwebsite.com\/#website"},"datePublished":"2022-05-31T20:02:33+00:00","dateModified":"2022-11-08T23:07:54+00:00","description":"_ $3230 prix membre.\u00a0\u00a0un dossier enveloppant aux bords arrondis et doux. des coussins larges et bouffants qui motivent les postures horizontales. tout sauf un si\u00e8ge formel. con\u00e7u pour passer des journ\u00e9es de farniente.","breadcrumb":{"@id":"https:\/\/edbtestingwebsite.com\/produits\/boost-raf\/#breadcrumb"},"inLanguage":"en-US","potentialAction":[{"@type":"ReadAction","target":["https:\/\/edbtestingwebsite.com\/produits\/boost-raf\/"]}]},{"@type":"BreadcrumbList","@id":"https:\/\/edbtestingwebsite.com\/produits\/boost-raf\/#breadcrumb","itemListElement":[{"@type":"ListItem","position":1,"name":"Accueil","item":"https:\/\/edbtestingwebsite.com\/"},{"@type":"ListItem","position":2,"name":"Products","item":"https:\/\/edbtestingwebsite.com\/en\/products\/"},{"@type":"ListItem","position":3,"name":"BOOST RAF"}]},{"@type":"WebSite","@id":"https:\/\/edbtestingwebsite.com\/#website","url":"https:\/\/edbtestingwebsite.com\/","name":"edb","description":"\u00e9l\u00e9ment de base","publisher":{"@id":"https:\/\/edbtestingwebsite.com\/#organization"},"potentialAction":[{"@type":"SearchAction","target":{"@type":"EntryPoint","urlTemplate":"https:\/\/edbtestingwebsite.com\/?s={search_term_string}"},"query-input":"required name=search_term_string"}],"inLanguage":"en-US"},{"@type":"Organization","@id":"https:\/\/edbtestingwebsite.com\/#organization","name":"\u00e9l\u00e9ment de base","url":"https:\/\/edbtestingwebsite.com\/","logo":{"@type":"ImageObject","inLanguage":"en-US","@id":"https:\/\/edbtestingwebsite.com\/#\/schema\/logo\/image\/","url":"https:\/\/edbtestingwebsite.com\/wp-content\/uploads\/2022\/10\/unnamed.png","contentUrl":"https:\/\/edbtestingwebsite.com\/wp-content\/uploads\/2022\/10\/unnamed.png","width":372,"height":368,"caption":"\u00e9l\u00e9ment de base"},"image":{"@id":"https:\/\/edbtestingwebsite.com\/#\/schema\/logo\/image\/"},"sameAs":["https:\/\/www.instagram.com\/elementdebase"]}]}},"_links":{"self":[{"href":"https:\/\/edbtestingwebsite.com\/en\/wp-json\/wp\/v2\/product\/17811"}],"collection":[{"href":"https:\/\/edbtestingwebsite.com\/en\/wp-json\/wp\/v2\/product"}],"about":[{"href":"https:\/\/edbtestingwebsite.com\/en\/wp-json\/wp\/v2\/types\/product"}],"wp:featuredmedia":[{"embeddable":true,"href":"https:\/\/edbtestingwebsite.com\/en\/wp-json\/wp\/v2\/media\/22028"}],"wp:attachment":[{"href":"https:\/\/edbtestingwebsite.com\/en\/wp-json\/wp\/v2\/media?parent=17811"}],"wp:term":[{"taxonomy":"product_cat","embeddable":true,"href":"https:\/\/edbtestingwebsite.com\/en\/wp-json\/wp\/v2\/product_cat?post=17811"},{"taxonomy":"product_tag","embeddable":true,"href":"https:\/\/edbtestingwebsite.com\/en\/wp-json\/wp\/v2\/product_tag?post=17811"}],"curies":[{"name":"wp","href":"https:\/\/api.w.org\/{rel}","templated":true}]}}