{"id":17862,"date":"2022-05-31T16:43:08","date_gmt":"2022-05-31T21:43:08","guid":{"rendered":"https:\/\/www.elementdebase.com\/?post_type=product&#038;p=17862"},"modified":"2022-11-08T18:15:14","modified_gmt":"2022-11-08T23:15:14","slug":"canyon-laf","status":"publish","type":"product","link":"https:\/\/edbtestingwebsite.com\/en\/products\/canyon-laf\/","title":{"rendered":"CANYON LAF"},"content":{"rendered":"","protected":false},"excerpt":{"rendered":"<div class=\"product-description\">\n<div class=\"product-description\">\n<div class=\"product-description\">\n<p>_ $<span data-sheets-value=\"{&quot;1&quot;:3,&quot;3&quot;:4200}\" data-sheets-userformat=\"{&quot;2&quot;:513,&quot;3&quot;:{&quot;1&quot;:0},&quot;12&quot;:0}\">3740<\/span> member price.\u00a0 softness as the starting point. a sofa that envelops with plush seats and back cushions. randomly placed, the cushions create the sofa\u2019s identity. a personal disorder for individual spaces. the movable armrest can be placed on the left, in the center or on the right creating new dynamics. a collection designed with freedom of movement in mind. fully removable covers.<\/p>\n<p>&nbsp;<\/p>\n<\/div>\n<div class=\"product-menu\">\n<form class=\"variations_form cart\" enctype=\"multipart\/form-data\" method=\"post\" data-product_id=\"34390\" data-product_variations=\"[34391,34392,34393,34394,34395,34396,34397,34398,34399,34400,34401,34402,34403]\">\n<div class=\"product-color-choices\"><\/div>\n<\/form>\n<\/div>\n<p>&nbsp;<\/p>\n<\/div>\n<div class=\"product-menu\">\n<form class=\"variations_form cart\" enctype=\"multipart\/form-data\" method=\"post\" data-product_id=\"29340\" data-product_variations=\"[29341,29342,29343,29344,29345,29346,29347,29348,29349,29350,29351,29352,29353]\">\n<div class=\"product-color-choices\"><\/div>\n<\/form>\n<\/div>\n<\/div>\n","protected":false},"featured_media":22005,"template":"","meta":[],"product_cat":[111,146],"product_tag":[],"translation":{"provider":"WPGlobus","version":"2.10.6","language":"en","enabled_languages":["fr","en"],"languages":{"fr":{"title":true,"content":false,"excerpt":true},"en":{"title":true,"content":false,"excerpt":true}}},"acf":[],"yoast_head":"<!-- This site is optimized with the Yoast SEO plugin v19.10 - https:\/\/yoast.com\/wordpress\/plugins\/seo\/ -->\n<title>CANYON LAF - edb<\/title>\n<meta name=\"description\" content=\"_ $3740 member price.\u00a0 softness as the starting point. a sofa that envelops with plush seats and back cushions. randomly placed, the cushions create the sofa\u2019s identity. a personal disorder for individual spaces. the movable armrest can be placed on the left, in the center or on the right creating new dynamics. a collection designed with freedom of movement in mind. fully removable covers.\" \/>\n<meta name=\"robots\" content=\"noindex, follow, max-snippet:-1, max-image-preview:large, max-video-preview:-1\" \/>\n<meta property=\"og:locale\" content=\"en_US\" \/>\n<meta property=\"og:type\" content=\"article\" \/>\n<meta property=\"og:title\" content=\"CANYON LAF - edb\" \/>\n<meta property=\"og:description\" content=\"_ $3740 member price.\u00a0 softness as the starting point. a sofa that envelops with plush seats and back cushions. randomly placed, the cushions create the sofa\u2019s identity. a personal disorder for individual spaces. the movable armrest can be placed on the left, in the center or on the right creating new dynamics. a collection designed with freedom of movement in mind. fully removable covers.\" \/>\n<meta property=\"og:url\" content=\"https:\/\/edbtestingwebsite.com\/produits\/canyon-laf\/\" \/>\n<meta property=\"og:site_name\" content=\"edb\" \/>\n<meta property=\"article:modified_time\" content=\"2022-11-08T23:15:14+00:00\" \/>\n<meta property=\"og:image\" content=\"https:\/\/edbtestingwebsite.com\/wp-content\/uploads\/2022\/05\/canyon_LAF_P1_1500x920_0001_4958LAF-1.jpg\" \/>\n\t<meta property=\"og:image:width\" content=\"1500\" \/>\n\t<meta property=\"og:image:height\" content=\"920\" \/>\n\t<meta property=\"og:image:type\" content=\"image\/jpeg\" \/>\n<meta name=\"twitter:card\" content=\"summary_large_image\" \/>\n<script type=\"application\/ld+json\" class=\"yoast-schema-graph\">{\"@context\":\"https:\/\/schema.org\",\"@graph\":[{\"@type\":\"WebPage\",\"@id\":\"https:\/\/edbtestingwebsite.com\/produits\/canyon-laf\/\",\"url\":\"https:\/\/edbtestingwebsite.com\/produits\/canyon-laf\/\",\"name\":\"CANYON LAF - edb\",\"isPartOf\":{\"@id\":\"https:\/\/edbtestingwebsite.com\/#website\"},\"datePublished\":\"2022-05-31T21:43:08+00:00\",\"dateModified\":\"2022-11-08T23:15:14+00:00\",\"description\":\"_ $3740 prix membre.\u00a0 la souplesse comme point de d\u00e9part. un canap\u00e9 qui enveloppe avec des coussins d\u2019assises et de dos moelleux. plac\u00e9s de mani\u00e8re al\u00e9atoire, les coussins cr\u00e9ent l\u2019identit\u00e9 du canap\u00e9. un d\u00e9sordre personnel pour des espaces individuels. l\u2019accoudoir mobile peut \u00eatre plac\u00e9 \u00e0 gauche, au centre ou \u00e0 droite, cr\u00e9ant ainsi une nouvelle dynamique. une collection con\u00e7ue avec la libert\u00e9 de mouvement. housses enti\u00e8rement d\u00e9houssables.\",\"breadcrumb\":{\"@id\":\"https:\/\/edbtestingwebsite.com\/produits\/canyon-laf\/#breadcrumb\"},\"inLanguage\":\"en-US\",\"potentialAction\":[{\"@type\":\"ReadAction\",\"target\":[\"https:\/\/edbtestingwebsite.com\/produits\/canyon-laf\/\"]}]},{\"@type\":\"BreadcrumbList\",\"@id\":\"https:\/\/edbtestingwebsite.com\/produits\/canyon-laf\/#breadcrumb\",\"itemListElement\":[{\"@type\":\"ListItem\",\"position\":1,\"name\":\"Accueil\",\"item\":\"https:\/\/edbtestingwebsite.com\/\"},{\"@type\":\"ListItem\",\"position\":2,\"name\":\"Products\",\"item\":\"https:\/\/edbtestingwebsite.com\/en\/products\/\"},{\"@type\":\"ListItem\",\"position\":3,\"name\":\"CANYON LAF\"}]},{\"@type\":\"WebSite\",\"@id\":\"https:\/\/edbtestingwebsite.com\/#website\",\"url\":\"https:\/\/edbtestingwebsite.com\/\",\"name\":\"edb\",\"description\":\"\u00e9l\u00e9ment de base\",\"publisher\":{\"@id\":\"https:\/\/edbtestingwebsite.com\/#organization\"},\"potentialAction\":[{\"@type\":\"SearchAction\",\"target\":{\"@type\":\"EntryPoint\",\"urlTemplate\":\"https:\/\/edbtestingwebsite.com\/?s={search_term_string}\"},\"query-input\":\"required name=search_term_string\"}],\"inLanguage\":\"en-US\"},{\"@type\":\"Organization\",\"@id\":\"https:\/\/edbtestingwebsite.com\/#organization\",\"name\":\"\u00e9l\u00e9ment de base\",\"url\":\"https:\/\/edbtestingwebsite.com\/\",\"logo\":{\"@type\":\"ImageObject\",\"inLanguage\":\"en-US\",\"@id\":\"https:\/\/edbtestingwebsite.com\/#\/schema\/logo\/image\/\",\"url\":\"https:\/\/edbtestingwebsite.com\/wp-content\/uploads\/2022\/10\/unnamed.png\",\"contentUrl\":\"https:\/\/edbtestingwebsite.com\/wp-content\/uploads\/2022\/10\/unnamed.png\",\"width\":372,\"height\":368,\"caption\":\"\u00e9l\u00e9ment de base\"},\"image\":{\"@id\":\"https:\/\/edbtestingwebsite.com\/#\/schema\/logo\/image\/\"},\"sameAs\":[\"https:\/\/www.instagram.com\/elementdebase\"]}]}<\/script>\n<!-- \/ Yoast SEO plugin. -->","yoast_head_json":{"title":"CANYON LAF - edb","description":"_ $3740 member price.\u00a0 softness as the starting point. a sofa that envelops with plush seats and back cushions. randomly placed, the cushions create the sofa\u2019s identity. a personal disorder for individual spaces. the movable armrest can be placed on the left, in the center or on the right creating new dynamics. a collection designed with freedom of movement in mind. fully removable covers.","robots":{"index":"noindex","follow":"follow","max-snippet":"max-snippet:-1","max-image-preview":"max-image-preview:large","max-video-preview":"max-video-preview:-1"},"og_locale":"en_US","og_type":"article","og_title":"CANYON LAF - edb","og_description":"_ $3740 member price.\u00a0 softness as the starting point. a sofa that envelops with plush seats and back cushions. randomly placed, the cushions create the sofa\u2019s identity. a personal disorder for individual spaces. the movable armrest can be placed on the left, in the center or on the right creating new dynamics. a collection designed with freedom of movement in mind. fully removable covers.","og_url":"https:\/\/edbtestingwebsite.com\/produits\/canyon-laf\/","og_site_name":"edb","article_modified_time":"2022-11-08T23:15:14+00:00","og_image":[{"width":1500,"height":920,"url":"https:\/\/edbtestingwebsite.com\/wp-content\/uploads\/2022\/05\/canyon_LAF_P1_1500x920_0001_4958LAF-1.jpg","type":"image\/jpeg"}],"twitter_card":"summary_large_image","schema":{"@context":"https:\/\/schema.org","@graph":[{"@type":"WebPage","@id":"https:\/\/edbtestingwebsite.com\/produits\/canyon-laf\/","url":"https:\/\/edbtestingwebsite.com\/produits\/canyon-laf\/","name":"CANYON LAF - edb","isPartOf":{"@id":"https:\/\/edbtestingwebsite.com\/#website"},"datePublished":"2022-05-31T21:43:08+00:00","dateModified":"2022-11-08T23:15:14+00:00","description":"_ $3740 prix membre.\u00a0 la souplesse comme point de d\u00e9part. un canap\u00e9 qui enveloppe avec des coussins d\u2019assises et de dos moelleux. plac\u00e9s de mani\u00e8re al\u00e9atoire, les coussins cr\u00e9ent l\u2019identit\u00e9 du canap\u00e9. un d\u00e9sordre personnel pour des espaces individuels. l\u2019accoudoir mobile peut \u00eatre plac\u00e9 \u00e0 gauche, au centre ou \u00e0 droite, cr\u00e9ant ainsi une nouvelle dynamique. une collection con\u00e7ue avec la libert\u00e9 de mouvement. housses enti\u00e8rement d\u00e9houssables.","breadcrumb":{"@id":"https:\/\/edbtestingwebsite.com\/produits\/canyon-laf\/#breadcrumb"},"inLanguage":"en-US","potentialAction":[{"@type":"ReadAction","target":["https:\/\/edbtestingwebsite.com\/produits\/canyon-laf\/"]}]},{"@type":"BreadcrumbList","@id":"https:\/\/edbtestingwebsite.com\/produits\/canyon-laf\/#breadcrumb","itemListElement":[{"@type":"ListItem","position":1,"name":"Accueil","item":"https:\/\/edbtestingwebsite.com\/"},{"@type":"ListItem","position":2,"name":"Products","item":"https:\/\/edbtestingwebsite.com\/en\/products\/"},{"@type":"ListItem","position":3,"name":"CANYON LAF"}]},{"@type":"WebSite","@id":"https:\/\/edbtestingwebsite.com\/#website","url":"https:\/\/edbtestingwebsite.com\/","name":"edb","description":"\u00e9l\u00e9ment de base","publisher":{"@id":"https:\/\/edbtestingwebsite.com\/#organization"},"potentialAction":[{"@type":"SearchAction","target":{"@type":"EntryPoint","urlTemplate":"https:\/\/edbtestingwebsite.com\/?s={search_term_string}"},"query-input":"required name=search_term_string"}],"inLanguage":"en-US"},{"@type":"Organization","@id":"https:\/\/edbtestingwebsite.com\/#organization","name":"\u00e9l\u00e9ment de base","url":"https:\/\/edbtestingwebsite.com\/","logo":{"@type":"ImageObject","inLanguage":"en-US","@id":"https:\/\/edbtestingwebsite.com\/#\/schema\/logo\/image\/","url":"https:\/\/edbtestingwebsite.com\/wp-content\/uploads\/2022\/10\/unnamed.png","contentUrl":"https:\/\/edbtestingwebsite.com\/wp-content\/uploads\/2022\/10\/unnamed.png","width":372,"height":368,"caption":"\u00e9l\u00e9ment de base"},"image":{"@id":"https:\/\/edbtestingwebsite.com\/#\/schema\/logo\/image\/"},"sameAs":["https:\/\/www.instagram.com\/elementdebase"]}]}},"_links":{"self":[{"href":"https:\/\/edbtestingwebsite.com\/en\/wp-json\/wp\/v2\/product\/17862"}],"collection":[{"href":"https:\/\/edbtestingwebsite.com\/en\/wp-json\/wp\/v2\/product"}],"about":[{"href":"https:\/\/edbtestingwebsite.com\/en\/wp-json\/wp\/v2\/types\/product"}],"wp:featuredmedia":[{"embeddable":true,"href":"https:\/\/edbtestingwebsite.com\/en\/wp-json\/wp\/v2\/media\/22005"}],"wp:attachment":[{"href":"https:\/\/edbtestingwebsite.com\/en\/wp-json\/wp\/v2\/media?parent=17862"}],"wp:term":[{"taxonomy":"product_cat","embeddable":true,"href":"https:\/\/edbtestingwebsite.com\/en\/wp-json\/wp\/v2\/product_cat?post=17862"},{"taxonomy":"product_tag","embeddable":true,"href":"https:\/\/edbtestingwebsite.com\/en\/wp-json\/wp\/v2\/product_tag?post=17862"}],"curies":[{"name":"wp","href":"https:\/\/api.w.org\/{rel}","templated":true}]}}