{"id":18029,"date":"2022-06-01T14:12:23","date_gmt":"2022-06-01T19:12:23","guid":{"rendered":"https:\/\/www.elementdebase.com\/?post_type=product&#038;p=18029"},"modified":"2022-11-08T17:40:41","modified_gmt":"2022-11-08T22:40:41","slug":"dive-130-laf","status":"publish","type":"product","link":"https:\/\/edbtestingwebsite.com\/en\/products\/dive-130-laf\/","title":{"rendered":"DIVE 130 LAF"},"content":{"rendered":"","protected":false},"excerpt":{"rendered":"<div class=\"product-description\">\n<div class=\"product-description\">\n<div class=\"product-description\">\n<p>_ $<span data-sheets-value=\"{&quot;1&quot;:3,&quot;3&quot;:3620}\" data-sheets-userformat=\"{&quot;2&quot;:513,&quot;3&quot;:{&quot;1&quot;:0},&quot;12&quot;:0}\">3280<\/span> member price.\u00a0\u00a0take the plunge. designed to inspire fresh proportions and behaviours, the dive sectional is perfect for those who like to unwind, lie back, lounge and sit low to the ground. with its feather filled seat cushions and extra puffy armrests, it simply embodies comfort and cozyness. like most of our models, the dive comes with fully removable covers. to see it in person, pass by our showroom and\u2026dive in.<\/p>\n<p>&nbsp;<\/p>\n<\/div>\n<div class=\"product-menu\">\n<form class=\"variations_form cart\" enctype=\"multipart\/form-data\" method=\"post\" data-product_id=\"34390\" data-product_variations=\"[34391,34392,34393,34394,34395,34396,34397,34398,34399,34400,34401,34402,34403]\">\n<div class=\"product-color-choices\"><\/div>\n<\/form>\n<\/div>\n<p>&nbsp;<\/p>\n<\/div>\n<div class=\"product-menu\">\n<form class=\"variations_form cart\" enctype=\"multipart\/form-data\" method=\"post\" data-product_id=\"29340\" data-product_variations=\"[29341,29342,29343,29344,29345,29346,29347,29348,29349,29350,29351,29352,29353]\">\n<div class=\"product-color-choices\"><\/div>\n<\/form>\n<\/div>\n<\/div>\n","protected":false},"featured_media":22002,"template":"","meta":[],"product_cat":[111,146],"product_tag":[],"translation":{"provider":"WPGlobus","version":"2.10.6","language":"en","enabled_languages":["fr","en"],"languages":{"fr":{"title":true,"content":false,"excerpt":true},"en":{"title":true,"content":false,"excerpt":true}}},"acf":[],"yoast_head":"<!-- This site is optimized with the Yoast SEO plugin v19.10 - https:\/\/yoast.com\/wordpress\/plugins\/seo\/ -->\n<title>DIVE 130 LAF - edb<\/title>\n<meta name=\"description\" content=\"_ $3280 member price. take the plunge. designed to inspire fresh proportions and behaviours, the dive sectional is perfect for those who like to unwind, lie back, lounge and sit low to the ground. with its feather filled seat cushions and extra puffy armrests, it simply embodies comfort and cozyness. like most of our models, the dive comes with fully removable covers. to see it in person, pass by our showroom and\u2026dive in.\" \/>\n<meta name=\"robots\" content=\"noindex, follow, max-snippet:-1, max-image-preview:large, max-video-preview:-1\" \/>\n<meta property=\"og:locale\" content=\"en_US\" \/>\n<meta property=\"og:type\" content=\"article\" \/>\n<meta property=\"og:title\" content=\"DIVE 130 LAF - edb\" \/>\n<meta property=\"og:description\" content=\"_ $3280 member price. take the plunge. designed to inspire fresh proportions and behaviours, the dive sectional is perfect for those who like to unwind, lie back, lounge and sit low to the ground. with its feather filled seat cushions and extra puffy armrests, it simply embodies comfort and cozyness. like most of our models, the dive comes with fully removable covers. to see it in person, pass by our showroom and\u2026dive in.\" \/>\n<meta property=\"og:url\" content=\"https:\/\/edbtestingwebsite.com\/produits\/dive-130-laf\/\" \/>\n<meta property=\"og:site_name\" content=\"edb\" \/>\n<meta property=\"article:modified_time\" content=\"2022-11-08T22:40:41+00:00\" \/>\n<meta property=\"og:image\" content=\"https:\/\/edbtestingwebsite.com\/wp-content\/uploads\/2022\/06\/Dive130_fondblanc_1500x920_LAF_0000_0167.jpg\" \/>\n\t<meta property=\"og:image:width\" content=\"1500\" \/>\n\t<meta property=\"og:image:height\" content=\"920\" \/>\n\t<meta property=\"og:image:type\" content=\"image\/jpeg\" \/>\n<meta name=\"twitter:card\" content=\"summary_large_image\" \/>\n<script type=\"application\/ld+json\" class=\"yoast-schema-graph\">{\"@context\":\"https:\/\/schema.org\",\"@graph\":[{\"@type\":\"WebPage\",\"@id\":\"https:\/\/edbtestingwebsite.com\/produits\/dive-130-laf\/\",\"url\":\"https:\/\/edbtestingwebsite.com\/produits\/dive-130-laf\/\",\"name\":\"DIVE 130 LAF - edb\",\"isPartOf\":{\"@id\":\"https:\/\/edbtestingwebsite.com\/#website\"},\"datePublished\":\"2022-06-01T19:12:23+00:00\",\"dateModified\":\"2022-11-08T22:40:41+00:00\",\"description\":\"_ $3280 prix membre.\u00a0\u00a0le grand saut. con\u00e7u pour engager une nouvelle ergonomie et un rapport inusit\u00e9 avec l\u2019espace, le sectionnel dive est id\u00e9al pour ceux et celles qui aiment se pr\u00e9lasser, paresser, ou s\u2019\u00e9vacher. avec ses coussins d\u2019assises en plumes et ses accoudoirs extra gonfl\u00e9s, le dive inspire douceur et confort. comme la plupart de nos mod\u00e8les, il est compl\u00e8tement d\u00e9houssable! une vraie prouesse technique pour des formes aussi organiques. pour le voir en personne passez \u00e0 notre salle de montre et\u2026 plongez!\",\"breadcrumb\":{\"@id\":\"https:\/\/edbtestingwebsite.com\/produits\/dive-130-laf\/#breadcrumb\"},\"inLanguage\":\"en-US\",\"potentialAction\":[{\"@type\":\"ReadAction\",\"target\":[\"https:\/\/edbtestingwebsite.com\/produits\/dive-130-laf\/\"]}]},{\"@type\":\"BreadcrumbList\",\"@id\":\"https:\/\/edbtestingwebsite.com\/produits\/dive-130-laf\/#breadcrumb\",\"itemListElement\":[{\"@type\":\"ListItem\",\"position\":1,\"name\":\"Accueil\",\"item\":\"https:\/\/edbtestingwebsite.com\/\"},{\"@type\":\"ListItem\",\"position\":2,\"name\":\"Products\",\"item\":\"https:\/\/edbtestingwebsite.com\/en\/products\/\"},{\"@type\":\"ListItem\",\"position\":3,\"name\":\"DIVE 130 LAF\"}]},{\"@type\":\"WebSite\",\"@id\":\"https:\/\/edbtestingwebsite.com\/#website\",\"url\":\"https:\/\/edbtestingwebsite.com\/\",\"name\":\"edb\",\"description\":\"\u00e9l\u00e9ment de base\",\"publisher\":{\"@id\":\"https:\/\/edbtestingwebsite.com\/#organization\"},\"potentialAction\":[{\"@type\":\"SearchAction\",\"target\":{\"@type\":\"EntryPoint\",\"urlTemplate\":\"https:\/\/edbtestingwebsite.com\/?s={search_term_string}\"},\"query-input\":\"required name=search_term_string\"}],\"inLanguage\":\"en-US\"},{\"@type\":\"Organization\",\"@id\":\"https:\/\/edbtestingwebsite.com\/#organization\",\"name\":\"\u00e9l\u00e9ment de base\",\"url\":\"https:\/\/edbtestingwebsite.com\/\",\"logo\":{\"@type\":\"ImageObject\",\"inLanguage\":\"en-US\",\"@id\":\"https:\/\/edbtestingwebsite.com\/#\/schema\/logo\/image\/\",\"url\":\"https:\/\/edbtestingwebsite.com\/wp-content\/uploads\/2022\/10\/unnamed.png\",\"contentUrl\":\"https:\/\/edbtestingwebsite.com\/wp-content\/uploads\/2022\/10\/unnamed.png\",\"width\":372,\"height\":368,\"caption\":\"\u00e9l\u00e9ment de base\"},\"image\":{\"@id\":\"https:\/\/edbtestingwebsite.com\/#\/schema\/logo\/image\/\"},\"sameAs\":[\"https:\/\/www.instagram.com\/elementdebase\"]}]}<\/script>\n<!-- \/ Yoast SEO plugin. -->","yoast_head_json":{"title":"DIVE 130 LAF - edb","description":"_ $3280 member price. take the plunge. designed to inspire fresh proportions and behaviours, the dive sectional is perfect for those who like to unwind, lie back, lounge and sit low to the ground. with its feather filled seat cushions and extra puffy armrests, it simply embodies comfort and cozyness. like most of our models, the dive comes with fully removable covers. to see it in person, pass by our showroom and\u2026dive in.","robots":{"index":"noindex","follow":"follow","max-snippet":"max-snippet:-1","max-image-preview":"max-image-preview:large","max-video-preview":"max-video-preview:-1"},"og_locale":"en_US","og_type":"article","og_title":"DIVE 130 LAF - edb","og_description":"_ $3280 member price. take the plunge. designed to inspire fresh proportions and behaviours, the dive sectional is perfect for those who like to unwind, lie back, lounge and sit low to the ground. with its feather filled seat cushions and extra puffy armrests, it simply embodies comfort and cozyness. like most of our models, the dive comes with fully removable covers. to see it in person, pass by our showroom and\u2026dive in.","og_url":"https:\/\/edbtestingwebsite.com\/produits\/dive-130-laf\/","og_site_name":"edb","article_modified_time":"2022-11-08T22:40:41+00:00","og_image":[{"width":1500,"height":920,"url":"https:\/\/edbtestingwebsite.com\/wp-content\/uploads\/2022\/06\/Dive130_fondblanc_1500x920_LAF_0000_0167.jpg","type":"image\/jpeg"}],"twitter_card":"summary_large_image","schema":{"@context":"https:\/\/schema.org","@graph":[{"@type":"WebPage","@id":"https:\/\/edbtestingwebsite.com\/produits\/dive-130-laf\/","url":"https:\/\/edbtestingwebsite.com\/produits\/dive-130-laf\/","name":"DIVE 130 LAF - edb","isPartOf":{"@id":"https:\/\/edbtestingwebsite.com\/#website"},"datePublished":"2022-06-01T19:12:23+00:00","dateModified":"2022-11-08T22:40:41+00:00","description":"_ $3280 prix membre.\u00a0\u00a0le grand saut. con\u00e7u pour engager une nouvelle ergonomie et un rapport inusit\u00e9 avec l\u2019espace, le sectionnel dive est id\u00e9al pour ceux et celles qui aiment se pr\u00e9lasser, paresser, ou s\u2019\u00e9vacher. avec ses coussins d\u2019assises en plumes et ses accoudoirs extra gonfl\u00e9s, le dive inspire douceur et confort. comme la plupart de nos mod\u00e8les, il est compl\u00e8tement d\u00e9houssable! une vraie prouesse technique pour des formes aussi organiques. pour le voir en personne passez \u00e0 notre salle de montre et\u2026 plongez!","breadcrumb":{"@id":"https:\/\/edbtestingwebsite.com\/produits\/dive-130-laf\/#breadcrumb"},"inLanguage":"en-US","potentialAction":[{"@type":"ReadAction","target":["https:\/\/edbtestingwebsite.com\/produits\/dive-130-laf\/"]}]},{"@type":"BreadcrumbList","@id":"https:\/\/edbtestingwebsite.com\/produits\/dive-130-laf\/#breadcrumb","itemListElement":[{"@type":"ListItem","position":1,"name":"Accueil","item":"https:\/\/edbtestingwebsite.com\/"},{"@type":"ListItem","position":2,"name":"Products","item":"https:\/\/edbtestingwebsite.com\/en\/products\/"},{"@type":"ListItem","position":3,"name":"DIVE 130 LAF"}]},{"@type":"WebSite","@id":"https:\/\/edbtestingwebsite.com\/#website","url":"https:\/\/edbtestingwebsite.com\/","name":"edb","description":"\u00e9l\u00e9ment de base","publisher":{"@id":"https:\/\/edbtestingwebsite.com\/#organization"},"potentialAction":[{"@type":"SearchAction","target":{"@type":"EntryPoint","urlTemplate":"https:\/\/edbtestingwebsite.com\/?s={search_term_string}"},"query-input":"required name=search_term_string"}],"inLanguage":"en-US"},{"@type":"Organization","@id":"https:\/\/edbtestingwebsite.com\/#organization","name":"\u00e9l\u00e9ment de base","url":"https:\/\/edbtestingwebsite.com\/","logo":{"@type":"ImageObject","inLanguage":"en-US","@id":"https:\/\/edbtestingwebsite.com\/#\/schema\/logo\/image\/","url":"https:\/\/edbtestingwebsite.com\/wp-content\/uploads\/2022\/10\/unnamed.png","contentUrl":"https:\/\/edbtestingwebsite.com\/wp-content\/uploads\/2022\/10\/unnamed.png","width":372,"height":368,"caption":"\u00e9l\u00e9ment de base"},"image":{"@id":"https:\/\/edbtestingwebsite.com\/#\/schema\/logo\/image\/"},"sameAs":["https:\/\/www.instagram.com\/elementdebase"]}]}},"_links":{"self":[{"href":"https:\/\/edbtestingwebsite.com\/en\/wp-json\/wp\/v2\/product\/18029"}],"collection":[{"href":"https:\/\/edbtestingwebsite.com\/en\/wp-json\/wp\/v2\/product"}],"about":[{"href":"https:\/\/edbtestingwebsite.com\/en\/wp-json\/wp\/v2\/types\/product"}],"wp:featuredmedia":[{"embeddable":true,"href":"https:\/\/edbtestingwebsite.com\/en\/wp-json\/wp\/v2\/media\/22002"}],"wp:attachment":[{"href":"https:\/\/edbtestingwebsite.com\/en\/wp-json\/wp\/v2\/media?parent=18029"}],"wp:term":[{"taxonomy":"product_cat","embeddable":true,"href":"https:\/\/edbtestingwebsite.com\/en\/wp-json\/wp\/v2\/product_cat?post=18029"},{"taxonomy":"product_tag","embeddable":true,"href":"https:\/\/edbtestingwebsite.com\/en\/wp-json\/wp\/v2\/product_tag?post=18029"}],"curies":[{"name":"wp","href":"https:\/\/api.w.org\/{rel}","templated":true}]}}