{"id":18568,"date":"2022-06-15T09:44:03","date_gmt":"2022-06-15T14:44:03","guid":{"rendered":"https:\/\/www.elementdebase.com\/?post_type=product&#038;p=18568"},"modified":"2022-11-08T18:58:59","modified_gmt":"2022-11-08T23:58:59","slug":"grizzly-big-raf","status":"publish","type":"product","link":"https:\/\/edbtestingwebsite.com\/en\/products\/grizzly-big-raf\/","title":{"rendered":"GRIZZLY BIG RAF"},"content":{"rendered":"","protected":false},"excerpt":{"rendered":"<p class=\"x_-953613460p1\"><span class=\"x_-953613460s1\">_ $<span data-sheets-value=\"{&quot;1&quot;:3,&quot;3&quot;:4620}\" data-sheets-userformat=\"{&quot;2&quot;:513,&quot;3&quot;:{&quot;1&quot;:0},&quot;12&quot;:0}\">3780<\/span> member price.\u00a0\u00a0potato couch comfort. <\/span><span class=\"x_-953613460s1\">our new heavyweight with a soft side. to try it is to fall for it. with its oversized shapes and volumes, this model was designed with only one goal in mind : to embrace completely. the substantial and ample back cushions are generously filled with feathers and foam to provide full support from the hip to the top of the head. sold in preset combos or in individual pieces, this model\u2019s various sizes allow for a lot of freedom. consult us for the different layouts possible. like most of our sofas, the covers are fully removable for practicality.\u00a0<\/span><span class=\"x_-953613460s1\">once nestled in, it\u2019s hard to get out of it. bear hugs warmly included.\u00a0\u00a0<\/span><\/p>\n","protected":false},"featured_media":22017,"template":"","meta":[],"product_cat":[110,146],"product_tag":[],"translation":{"provider":"WPGlobus","version":"2.10.6","language":"en","enabled_languages":["fr","en"],"languages":{"fr":{"title":true,"content":false,"excerpt":true},"en":{"title":true,"content":false,"excerpt":true}}},"acf":[],"yoast_head":"<!-- This site is optimized with the Yoast SEO plugin v19.10 - https:\/\/yoast.com\/wordpress\/plugins\/seo\/ -->\n<title>GRIZZLY BIG RAF - edb<\/title>\n<meta name=\"description\" content=\"_ $3780 member price.\u00a0\u00a0potato couch comfort.\u00a0our new heavyweight with a soft side. to try it is to fall for it. with its oversized shapes and volumes, this model was designed with only one goal in mind : to embrace completely. the substantial and ample back cushions are generously filled with feathers and foam to provide full support from the hip to the top of the head. sold in preset combos or in individual pieces, this model\u2019s various sizes allow for a lot of freedom. consult us for the different layouts possible. like most of our sofas, the covers are fully removable for practicality.\u00a0once nestled in, it\u2019s hard to get out of it. bear hugs warmly included.\u00a0\u00a0\" \/>\n<meta name=\"robots\" content=\"noindex, follow, max-snippet:-1, max-image-preview:large, max-video-preview:-1\" \/>\n<meta property=\"og:locale\" content=\"en_US\" \/>\n<meta property=\"og:type\" content=\"article\" \/>\n<meta property=\"og:title\" content=\"GRIZZLY BIG RAF - edb\" \/>\n<meta property=\"og:description\" content=\"_ $3780 member price.\u00a0\u00a0potato couch comfort.\u00a0our new heavyweight with a soft side. to try it is to fall for it. with its oversized shapes and volumes, this model was designed with only one goal in mind : to embrace completely. the substantial and ample back cushions are generously filled with feathers and foam to provide full support from the hip to the top of the head. sold in preset combos or in individual pieces, this model\u2019s various sizes allow for a lot of freedom. consult us for the different layouts possible. like most of our sofas, the covers are fully removable for practicality.\u00a0once nestled in, it\u2019s hard to get out of it. bear hugs warmly included.\u00a0\u00a0\" \/>\n<meta property=\"og:url\" content=\"https:\/\/edbtestingwebsite.com\/produits\/grizzly-big-raf\/\" \/>\n<meta property=\"og:site_name\" content=\"edb\" \/>\n<meta property=\"article:modified_time\" content=\"2022-11-08T23:58:59+00:00\" \/>\n<meta property=\"og:image\" content=\"https:\/\/edbtestingwebsite.com\/wp-content\/uploads\/2022\/06\/Grizzly_BIG_1500x920_0004_332.jpg\" \/>\n\t<meta property=\"og:image:width\" content=\"1500\" \/>\n\t<meta property=\"og:image:height\" content=\"920\" \/>\n\t<meta property=\"og:image:type\" content=\"image\/jpeg\" \/>\n<meta name=\"twitter:card\" content=\"summary_large_image\" \/>\n<script type=\"application\/ld+json\" class=\"yoast-schema-graph\">{\"@context\":\"https:\/\/schema.org\",\"@graph\":[{\"@type\":\"WebPage\",\"@id\":\"https:\/\/edbtestingwebsite.com\/produits\/grizzly-big-raf\/\",\"url\":\"https:\/\/edbtestingwebsite.com\/produits\/grizzly-big-raf\/\",\"name\":\"GRIZZLY BIG RAF - edb\",\"isPartOf\":{\"@id\":\"https:\/\/edbtestingwebsite.com\/#website\"},\"datePublished\":\"2022-06-15T14:44:03+00:00\",\"dateModified\":\"2022-11-08T23:58:59+00:00\",\"description\":\"_ $3780 prix membre.\u00a0\u00a0nouveau poids lourd chez edb. l\u2019essayer, c\u2019est l\u2019adopter. avec ses formes extra-g\u00e9n\u00e9reuses, ce canap\u00e9 a \u00e9t\u00e9 con\u00e7u avec un seul objectif : nous envelopper enti\u00e8rement. les coussins de dos surdimensionn\u00e9s sont bourr\u00e9s de plumes et offrent un support dorsal jusqu\u2019\u00e0 la t\u00eate. vendu en compositions pr\u00e9-\u00e9tablies ou en modules individuels, cette collection permet une grande libert\u00e9 de jeu. comme tous nos mod\u00e8les, le canap\u00e9 grizzly est enti\u00e8rement d\u00e9houssable.une fois assis, plus personne n\u2019aura envie de se lever. vive les gros c\u00e2lins d\u2019oursons.\",\"breadcrumb\":{\"@id\":\"https:\/\/edbtestingwebsite.com\/produits\/grizzly-big-raf\/#breadcrumb\"},\"inLanguage\":\"en-US\",\"potentialAction\":[{\"@type\":\"ReadAction\",\"target\":[\"https:\/\/edbtestingwebsite.com\/produits\/grizzly-big-raf\/\"]}]},{\"@type\":\"BreadcrumbList\",\"@id\":\"https:\/\/edbtestingwebsite.com\/produits\/grizzly-big-raf\/#breadcrumb\",\"itemListElement\":[{\"@type\":\"ListItem\",\"position\":1,\"name\":\"Accueil\",\"item\":\"https:\/\/edbtestingwebsite.com\/\"},{\"@type\":\"ListItem\",\"position\":2,\"name\":\"Products\",\"item\":\"https:\/\/edbtestingwebsite.com\/en\/products\/\"},{\"@type\":\"ListItem\",\"position\":3,\"name\":\"GRIZZLY BIG RAF\"}]},{\"@type\":\"WebSite\",\"@id\":\"https:\/\/edbtestingwebsite.com\/#website\",\"url\":\"https:\/\/edbtestingwebsite.com\/\",\"name\":\"edb\",\"description\":\"\u00e9l\u00e9ment de base\",\"publisher\":{\"@id\":\"https:\/\/edbtestingwebsite.com\/#organization\"},\"potentialAction\":[{\"@type\":\"SearchAction\",\"target\":{\"@type\":\"EntryPoint\",\"urlTemplate\":\"https:\/\/edbtestingwebsite.com\/?s={search_term_string}\"},\"query-input\":\"required name=search_term_string\"}],\"inLanguage\":\"en-US\"},{\"@type\":\"Organization\",\"@id\":\"https:\/\/edbtestingwebsite.com\/#organization\",\"name\":\"\u00e9l\u00e9ment de base\",\"url\":\"https:\/\/edbtestingwebsite.com\/\",\"logo\":{\"@type\":\"ImageObject\",\"inLanguage\":\"en-US\",\"@id\":\"https:\/\/edbtestingwebsite.com\/#\/schema\/logo\/image\/\",\"url\":\"https:\/\/edbtestingwebsite.com\/wp-content\/uploads\/2022\/10\/unnamed.png\",\"contentUrl\":\"https:\/\/edbtestingwebsite.com\/wp-content\/uploads\/2022\/10\/unnamed.png\",\"width\":372,\"height\":368,\"caption\":\"\u00e9l\u00e9ment de base\"},\"image\":{\"@id\":\"https:\/\/edbtestingwebsite.com\/#\/schema\/logo\/image\/\"},\"sameAs\":[\"https:\/\/www.instagram.com\/elementdebase\"]}]}<\/script>\n<!-- \/ Yoast SEO plugin. -->","yoast_head_json":{"title":"GRIZZLY BIG RAF - edb","description":"_ $3780 member price.\u00a0\u00a0potato couch comfort.\u00a0our new heavyweight with a soft side. to try it is to fall for it. with its oversized shapes and volumes, this model was designed with only one goal in mind : to embrace completely. the substantial and ample back cushions are generously filled with feathers and foam to provide full support from the hip to the top of the head. sold in preset combos or in individual pieces, this model\u2019s various sizes allow for a lot of freedom. consult us for the different layouts possible. like most of our sofas, the covers are fully removable for practicality.\u00a0once nestled in, it\u2019s hard to get out of it. bear hugs warmly included.\u00a0\u00a0","robots":{"index":"noindex","follow":"follow","max-snippet":"max-snippet:-1","max-image-preview":"max-image-preview:large","max-video-preview":"max-video-preview:-1"},"og_locale":"en_US","og_type":"article","og_title":"GRIZZLY BIG RAF - edb","og_description":"_ $3780 member price.\u00a0\u00a0potato couch comfort.\u00a0our new heavyweight with a soft side. to try it is to fall for it. with its oversized shapes and volumes, this model was designed with only one goal in mind : to embrace completely. the substantial and ample back cushions are generously filled with feathers and foam to provide full support from the hip to the top of the head. sold in preset combos or in individual pieces, this model\u2019s various sizes allow for a lot of freedom. consult us for the different layouts possible. like most of our sofas, the covers are fully removable for practicality.\u00a0once nestled in, it\u2019s hard to get out of it. bear hugs warmly included.\u00a0\u00a0","og_url":"https:\/\/edbtestingwebsite.com\/produits\/grizzly-big-raf\/","og_site_name":"edb","article_modified_time":"2022-11-08T23:58:59+00:00","og_image":[{"width":1500,"height":920,"url":"https:\/\/edbtestingwebsite.com\/wp-content\/uploads\/2022\/06\/Grizzly_BIG_1500x920_0004_332.jpg","type":"image\/jpeg"}],"twitter_card":"summary_large_image","schema":{"@context":"https:\/\/schema.org","@graph":[{"@type":"WebPage","@id":"https:\/\/edbtestingwebsite.com\/produits\/grizzly-big-raf\/","url":"https:\/\/edbtestingwebsite.com\/produits\/grizzly-big-raf\/","name":"GRIZZLY BIG RAF - edb","isPartOf":{"@id":"https:\/\/edbtestingwebsite.com\/#website"},"datePublished":"2022-06-15T14:44:03+00:00","dateModified":"2022-11-08T23:58:59+00:00","description":"_ $3780 prix membre.\u00a0\u00a0nouveau poids lourd chez edb. l\u2019essayer, c\u2019est l\u2019adopter. avec ses formes extra-g\u00e9n\u00e9reuses, ce canap\u00e9 a \u00e9t\u00e9 con\u00e7u avec un seul objectif : nous envelopper enti\u00e8rement. les coussins de dos surdimensionn\u00e9s sont bourr\u00e9s de plumes et offrent un support dorsal jusqu\u2019\u00e0 la t\u00eate. vendu en compositions pr\u00e9-\u00e9tablies ou en modules individuels, cette collection permet une grande libert\u00e9 de jeu. comme tous nos mod\u00e8les, le canap\u00e9 grizzly est enti\u00e8rement d\u00e9houssable.une fois assis, plus personne n\u2019aura envie de se lever. vive les gros c\u00e2lins d\u2019oursons.","breadcrumb":{"@id":"https:\/\/edbtestingwebsite.com\/produits\/grizzly-big-raf\/#breadcrumb"},"inLanguage":"en-US","potentialAction":[{"@type":"ReadAction","target":["https:\/\/edbtestingwebsite.com\/produits\/grizzly-big-raf\/"]}]},{"@type":"BreadcrumbList","@id":"https:\/\/edbtestingwebsite.com\/produits\/grizzly-big-raf\/#breadcrumb","itemListElement":[{"@type":"ListItem","position":1,"name":"Accueil","item":"https:\/\/edbtestingwebsite.com\/"},{"@type":"ListItem","position":2,"name":"Products","item":"https:\/\/edbtestingwebsite.com\/en\/products\/"},{"@type":"ListItem","position":3,"name":"GRIZZLY BIG RAF"}]},{"@type":"WebSite","@id":"https:\/\/edbtestingwebsite.com\/#website","url":"https:\/\/edbtestingwebsite.com\/","name":"edb","description":"\u00e9l\u00e9ment de base","publisher":{"@id":"https:\/\/edbtestingwebsite.com\/#organization"},"potentialAction":[{"@type":"SearchAction","target":{"@type":"EntryPoint","urlTemplate":"https:\/\/edbtestingwebsite.com\/?s={search_term_string}"},"query-input":"required name=search_term_string"}],"inLanguage":"en-US"},{"@type":"Organization","@id":"https:\/\/edbtestingwebsite.com\/#organization","name":"\u00e9l\u00e9ment de base","url":"https:\/\/edbtestingwebsite.com\/","logo":{"@type":"ImageObject","inLanguage":"en-US","@id":"https:\/\/edbtestingwebsite.com\/#\/schema\/logo\/image\/","url":"https:\/\/edbtestingwebsite.com\/wp-content\/uploads\/2022\/10\/unnamed.png","contentUrl":"https:\/\/edbtestingwebsite.com\/wp-content\/uploads\/2022\/10\/unnamed.png","width":372,"height":368,"caption":"\u00e9l\u00e9ment de base"},"image":{"@id":"https:\/\/edbtestingwebsite.com\/#\/schema\/logo\/image\/"},"sameAs":["https:\/\/www.instagram.com\/elementdebase"]}]}},"_links":{"self":[{"href":"https:\/\/edbtestingwebsite.com\/en\/wp-json\/wp\/v2\/product\/18568"}],"collection":[{"href":"https:\/\/edbtestingwebsite.com\/en\/wp-json\/wp\/v2\/product"}],"about":[{"href":"https:\/\/edbtestingwebsite.com\/en\/wp-json\/wp\/v2\/types\/product"}],"wp:featuredmedia":[{"embeddable":true,"href":"https:\/\/edbtestingwebsite.com\/en\/wp-json\/wp\/v2\/media\/22017"}],"wp:attachment":[{"href":"https:\/\/edbtestingwebsite.com\/en\/wp-json\/wp\/v2\/media?parent=18568"}],"wp:term":[{"taxonomy":"product_cat","embeddable":true,"href":"https:\/\/edbtestingwebsite.com\/en\/wp-json\/wp\/v2\/product_cat?post=18568"},{"taxonomy":"product_tag","embeddable":true,"href":"https:\/\/edbtestingwebsite.com\/en\/wp-json\/wp\/v2\/product_tag?post=18568"}],"curies":[{"name":"wp","href":"https:\/\/api.w.org\/{rel}","templated":true}]}}