{"id":18705,"date":"2022-06-15T13:39:31","date_gmt":"2022-06-15T18:39:31","guid":{"rendered":"https:\/\/www.elementdebase.com\/?post_type=product&#038;p=18705"},"modified":"2022-11-09T09:36:51","modified_gmt":"2022-11-09T14:36:51","slug":"maritime-naturel-raf","status":"publish","type":"product","link":"https:\/\/edbtestingwebsite.com\/en\/products\/maritime-natural-raf\/","title":{"rendered":"MARITIME NATURAL RAF"},"content":{"rendered":"","protected":false},"excerpt":{"rendered":"<p>_ $1995 member price.\u00a0\u00a0a modern classic revisited. clean lines and timeless volumes epitomize the maritime sofa. its simplicity makes it versatile\u2014a great fit for living rooms to office lounges. available in a variety of leg and fabric options, this sofa can take on as many looks as you could possibly dream up. one sofa frame, 12 fabric options, multiple leg options: dozens of compositions. yours to discover.<\/p>\n","protected":false},"featured_media":22016,"template":"","meta":[],"product_cat":[110,146],"product_tag":[],"translation":{"provider":"WPGlobus","version":"2.10.6","language":"en","enabled_languages":["fr","en"],"languages":{"fr":{"title":true,"content":false,"excerpt":true},"en":{"title":true,"content":false,"excerpt":true}}},"acf":[],"yoast_head":"<!-- This site is optimized with the Yoast SEO plugin v19.10 - https:\/\/yoast.com\/wordpress\/plugins\/seo\/ -->\n<title>MARITIME NATURAL RAF - edb<\/title>\n<meta name=\"description\" content=\"_ $1995 member price. a modern classic revisited. clean lines and timeless volumes epitomize the maritime sofa. its simplicity makes it versatile\u2014a great fit for living rooms to office lounges. available in a variety of leg and fabric options, this sofa can take on as many looks as you could possibly dream up. one sofa frame, 12 fabric options, multiple leg options: dozens of compositions. yours to discover.\" \/>\n<meta name=\"robots\" content=\"noindex, follow, max-snippet:-1, max-image-preview:large, max-video-preview:-1\" \/>\n<meta property=\"og:locale\" content=\"en_US\" \/>\n<meta property=\"og:type\" content=\"article\" \/>\n<meta property=\"og:title\" content=\"MARITIME NATURAL RAF - edb\" \/>\n<meta property=\"og:description\" content=\"_ $1995 member price. a modern classic revisited. clean lines and timeless volumes epitomize the maritime sofa. its simplicity makes it versatile\u2014a great fit for living rooms to office lounges. available in a variety of leg and fabric options, this sofa can take on as many looks as you could possibly dream up. one sofa frame, 12 fabric options, multiple leg options: dozens of compositions. yours to discover.\" \/>\n<meta property=\"og:url\" content=\"https:\/\/edbtestingwebsite.com\/produits\/maritime-naturel-raf\/\" \/>\n<meta property=\"og:site_name\" content=\"edb\" \/>\n<meta property=\"article:modified_time\" content=\"2022-11-09T14:36:51+00:00\" \/>\n<meta property=\"og:image\" content=\"https:\/\/edbtestingwebsite.com\/wp-content\/uploads\/2022\/06\/slider-28-octobre-2016_0007_product-maritime-sectional-1.jpg\" \/>\n\t<meta property=\"og:image:width\" content=\"1500\" \/>\n\t<meta property=\"og:image:height\" content=\"920\" \/>\n\t<meta property=\"og:image:type\" content=\"image\/jpeg\" \/>\n<meta name=\"twitter:card\" content=\"summary_large_image\" \/>\n<script type=\"application\/ld+json\" class=\"yoast-schema-graph\">{\"@context\":\"https:\/\/schema.org\",\"@graph\":[{\"@type\":\"WebPage\",\"@id\":\"https:\/\/edbtestingwebsite.com\/produits\/maritime-naturel-raf\/\",\"url\":\"https:\/\/edbtestingwebsite.com\/produits\/maritime-naturel-raf\/\",\"name\":\"MARITIME NATURAL RAF - edb\",\"isPartOf\":{\"@id\":\"https:\/\/edbtestingwebsite.com\/#website\"},\"datePublished\":\"2022-06-15T18:39:31+00:00\",\"dateModified\":\"2022-11-09T14:36:51+00:00\",\"description\":\"_ $1995 prix membre. un classique r\u00e9invent\u00e9. des lignes pures et des volumes intemporels optimis\u00e9s. un canap\u00e9 minimaliste et polyvalent offert en une multitude deformes, de couleurs et de textures. une seule et m\u00eame structure, plusieurs options de pi\u00e8tements, 12 rev\u00eatements de textile\u2026 en tout, des dizaines d\u2019options de composition qui se profilent \u00e0 l\u2019horizon. le maritime se fait aussi pratique au travail qu\u2019au salon. \u00e0 vos combinaisons!\",\"breadcrumb\":{\"@id\":\"https:\/\/edbtestingwebsite.com\/produits\/maritime-naturel-raf\/#breadcrumb\"},\"inLanguage\":\"en-US\",\"potentialAction\":[{\"@type\":\"ReadAction\",\"target\":[\"https:\/\/edbtestingwebsite.com\/produits\/maritime-naturel-raf\/\"]}]},{\"@type\":\"BreadcrumbList\",\"@id\":\"https:\/\/edbtestingwebsite.com\/produits\/maritime-naturel-raf\/#breadcrumb\",\"itemListElement\":[{\"@type\":\"ListItem\",\"position\":1,\"name\":\"Accueil\",\"item\":\"https:\/\/edbtestingwebsite.com\/\"},{\"@type\":\"ListItem\",\"position\":2,\"name\":\"Products\",\"item\":\"https:\/\/edbtestingwebsite.com\/en\/products\/\"},{\"@type\":\"ListItem\",\"position\":3,\"name\":\"MARITIME NATURAL RAF\"}]},{\"@type\":\"WebSite\",\"@id\":\"https:\/\/edbtestingwebsite.com\/#website\",\"url\":\"https:\/\/edbtestingwebsite.com\/\",\"name\":\"edb\",\"description\":\"\u00e9l\u00e9ment de base\",\"publisher\":{\"@id\":\"https:\/\/edbtestingwebsite.com\/#organization\"},\"potentialAction\":[{\"@type\":\"SearchAction\",\"target\":{\"@type\":\"EntryPoint\",\"urlTemplate\":\"https:\/\/edbtestingwebsite.com\/?s={search_term_string}\"},\"query-input\":\"required name=search_term_string\"}],\"inLanguage\":\"en-US\"},{\"@type\":\"Organization\",\"@id\":\"https:\/\/edbtestingwebsite.com\/#organization\",\"name\":\"\u00e9l\u00e9ment de base\",\"url\":\"https:\/\/edbtestingwebsite.com\/\",\"logo\":{\"@type\":\"ImageObject\",\"inLanguage\":\"en-US\",\"@id\":\"https:\/\/edbtestingwebsite.com\/#\/schema\/logo\/image\/\",\"url\":\"https:\/\/edbtestingwebsite.com\/wp-content\/uploads\/2022\/10\/unnamed.png\",\"contentUrl\":\"https:\/\/edbtestingwebsite.com\/wp-content\/uploads\/2022\/10\/unnamed.png\",\"width\":372,\"height\":368,\"caption\":\"\u00e9l\u00e9ment de base\"},\"image\":{\"@id\":\"https:\/\/edbtestingwebsite.com\/#\/schema\/logo\/image\/\"},\"sameAs\":[\"https:\/\/www.instagram.com\/elementdebase\"]}]}<\/script>\n<!-- \/ Yoast SEO plugin. -->","yoast_head_json":{"title":"MARITIME NATURAL RAF - edb","description":"_ $1995 member price. a modern classic revisited. clean lines and timeless volumes epitomize the maritime sofa. its simplicity makes it versatile\u2014a great fit for living rooms to office lounges. available in a variety of leg and fabric options, this sofa can take on as many looks as you could possibly dream up. one sofa frame, 12 fabric options, multiple leg options: dozens of compositions. yours to discover.","robots":{"index":"noindex","follow":"follow","max-snippet":"max-snippet:-1","max-image-preview":"max-image-preview:large","max-video-preview":"max-video-preview:-1"},"og_locale":"en_US","og_type":"article","og_title":"MARITIME NATURAL RAF - edb","og_description":"_ $1995 member price. a modern classic revisited. clean lines and timeless volumes epitomize the maritime sofa. its simplicity makes it versatile\u2014a great fit for living rooms to office lounges. available in a variety of leg and fabric options, this sofa can take on as many looks as you could possibly dream up. one sofa frame, 12 fabric options, multiple leg options: dozens of compositions. yours to discover.","og_url":"https:\/\/edbtestingwebsite.com\/produits\/maritime-naturel-raf\/","og_site_name":"edb","article_modified_time":"2022-11-09T14:36:51+00:00","og_image":[{"width":1500,"height":920,"url":"https:\/\/edbtestingwebsite.com\/wp-content\/uploads\/2022\/06\/slider-28-octobre-2016_0007_product-maritime-sectional-1.jpg","type":"image\/jpeg"}],"twitter_card":"summary_large_image","schema":{"@context":"https:\/\/schema.org","@graph":[{"@type":"WebPage","@id":"https:\/\/edbtestingwebsite.com\/produits\/maritime-naturel-raf\/","url":"https:\/\/edbtestingwebsite.com\/produits\/maritime-naturel-raf\/","name":"MARITIME NATURAL RAF - edb","isPartOf":{"@id":"https:\/\/edbtestingwebsite.com\/#website"},"datePublished":"2022-06-15T18:39:31+00:00","dateModified":"2022-11-09T14:36:51+00:00","description":"_ $1995 prix membre. un classique r\u00e9invent\u00e9. des lignes pures et des volumes intemporels optimis\u00e9s. un canap\u00e9 minimaliste et polyvalent offert en une multitude deformes, de couleurs et de textures. une seule et m\u00eame structure, plusieurs options de pi\u00e8tements, 12 rev\u00eatements de textile\u2026 en tout, des dizaines d\u2019options de composition qui se profilent \u00e0 l\u2019horizon. le maritime se fait aussi pratique au travail qu\u2019au salon. \u00e0 vos combinaisons!","breadcrumb":{"@id":"https:\/\/edbtestingwebsite.com\/produits\/maritime-naturel-raf\/#breadcrumb"},"inLanguage":"en-US","potentialAction":[{"@type":"ReadAction","target":["https:\/\/edbtestingwebsite.com\/produits\/maritime-naturel-raf\/"]}]},{"@type":"BreadcrumbList","@id":"https:\/\/edbtestingwebsite.com\/produits\/maritime-naturel-raf\/#breadcrumb","itemListElement":[{"@type":"ListItem","position":1,"name":"Accueil","item":"https:\/\/edbtestingwebsite.com\/"},{"@type":"ListItem","position":2,"name":"Products","item":"https:\/\/edbtestingwebsite.com\/en\/products\/"},{"@type":"ListItem","position":3,"name":"MARITIME NATURAL RAF"}]},{"@type":"WebSite","@id":"https:\/\/edbtestingwebsite.com\/#website","url":"https:\/\/edbtestingwebsite.com\/","name":"edb","description":"\u00e9l\u00e9ment de base","publisher":{"@id":"https:\/\/edbtestingwebsite.com\/#organization"},"potentialAction":[{"@type":"SearchAction","target":{"@type":"EntryPoint","urlTemplate":"https:\/\/edbtestingwebsite.com\/?s={search_term_string}"},"query-input":"required name=search_term_string"}],"inLanguage":"en-US"},{"@type":"Organization","@id":"https:\/\/edbtestingwebsite.com\/#organization","name":"\u00e9l\u00e9ment de base","url":"https:\/\/edbtestingwebsite.com\/","logo":{"@type":"ImageObject","inLanguage":"en-US","@id":"https:\/\/edbtestingwebsite.com\/#\/schema\/logo\/image\/","url":"https:\/\/edbtestingwebsite.com\/wp-content\/uploads\/2022\/10\/unnamed.png","contentUrl":"https:\/\/edbtestingwebsite.com\/wp-content\/uploads\/2022\/10\/unnamed.png","width":372,"height":368,"caption":"\u00e9l\u00e9ment de base"},"image":{"@id":"https:\/\/edbtestingwebsite.com\/#\/schema\/logo\/image\/"},"sameAs":["https:\/\/www.instagram.com\/elementdebase"]}]}},"_links":{"self":[{"href":"https:\/\/edbtestingwebsite.com\/en\/wp-json\/wp\/v2\/product\/18705"}],"collection":[{"href":"https:\/\/edbtestingwebsite.com\/en\/wp-json\/wp\/v2\/product"}],"about":[{"href":"https:\/\/edbtestingwebsite.com\/en\/wp-json\/wp\/v2\/types\/product"}],"wp:featuredmedia":[{"embeddable":true,"href":"https:\/\/edbtestingwebsite.com\/en\/wp-json\/wp\/v2\/media\/22016"}],"wp:attachment":[{"href":"https:\/\/edbtestingwebsite.com\/en\/wp-json\/wp\/v2\/media?parent=18705"}],"wp:term":[{"taxonomy":"product_cat","embeddable":true,"href":"https:\/\/edbtestingwebsite.com\/en\/wp-json\/wp\/v2\/product_cat?post=18705"},{"taxonomy":"product_tag","embeddable":true,"href":"https:\/\/edbtestingwebsite.com\/en\/wp-json\/wp\/v2\/product_tag?post=18705"}],"curies":[{"name":"wp","href":"https:\/\/api.w.org\/{rel}","templated":true}]}}