{"id":18722,"date":"2022-06-15T13:50:18","date_gmt":"2022-06-15T18:50:18","guid":{"rendered":"https:\/\/www.elementdebase.com\/?post_type=product&#038;p=18722"},"modified":"2022-11-09T09:59:13","modified_gmt":"2022-11-09T14:59:13","slug":"maritime-naturel-ottoman","status":"publish","type":"product","link":"https:\/\/edbtestingwebsite.com\/en\/products\/maritime-natural-ottoman\/","title":{"rendered":"MARITIME NATURAL OTTOMAN"},"content":{"rendered":"","protected":false},"excerpt":{"rendered":"<p>_ $630 member price.\u00a0\u00a0a modern classic revisited. clean lines and timeless volumes. its simplicity makes it versatile\u2014a great fit for living rooms to office lounges. available in a variety of leg and fabric options<\/p>\n","protected":false},"featured_media":13116,"template":"","meta":[],"product_cat":[116],"product_tag":[],"translation":{"provider":"WPGlobus","version":"2.10.6","language":"en","enabled_languages":["fr","en"],"languages":{"fr":{"title":true,"content":false,"excerpt":true},"en":{"title":true,"content":false,"excerpt":true}}},"acf":[],"yoast_head":"<!-- This site is optimized with the Yoast SEO plugin v19.10 - https:\/\/yoast.com\/wordpress\/plugins\/seo\/ -->\n<title>MARITIME NATURAL OTTOMAN - edb<\/title>\n<meta name=\"description\" content=\"_ $630 member price. a modern classic revisited. clean lines and timeless volumes. its simplicity makes it versatile\u2014a great fit for living rooms to office lounges. available in a variety of leg and fabric options\" \/>\n<meta name=\"robots\" content=\"noindex, follow, max-snippet:-1, max-image-preview:large, max-video-preview:-1\" \/>\n<meta property=\"og:locale\" content=\"en_US\" \/>\n<meta property=\"og:type\" content=\"article\" \/>\n<meta property=\"og:title\" content=\"MARITIME NATURAL OTTOMAN - edb\" \/>\n<meta property=\"og:description\" content=\"_ $630 member price. a modern classic revisited. clean lines and timeless volumes. its simplicity makes it versatile\u2014a great fit for living rooms to office lounges. available in a variety of leg and fabric options\" \/>\n<meta property=\"og:url\" content=\"https:\/\/edbtestingwebsite.com\/produits\/maritime-naturel-ottoman\/\" \/>\n<meta property=\"og:site_name\" content=\"edb\" \/>\n<meta property=\"article:modified_time\" content=\"2022-11-09T14:59:13+00:00\" \/>\n<meta property=\"og:image\" content=\"https:\/\/edbtestingwebsite.com\/wp-content\/uploads\/2021\/12\/maritime_ottoman_1500x920_0000_291.jpg\" \/>\n\t<meta property=\"og:image:width\" content=\"1500\" \/>\n\t<meta property=\"og:image:height\" content=\"920\" \/>\n\t<meta property=\"og:image:type\" content=\"image\/jpeg\" \/>\n<meta name=\"twitter:card\" content=\"summary_large_image\" \/>\n<script type=\"application\/ld+json\" class=\"yoast-schema-graph\">{\"@context\":\"https:\/\/schema.org\",\"@graph\":[{\"@type\":\"WebPage\",\"@id\":\"https:\/\/edbtestingwebsite.com\/produits\/maritime-naturel-ottoman\/\",\"url\":\"https:\/\/edbtestingwebsite.com\/produits\/maritime-naturel-ottoman\/\",\"name\":\"MARITIME NATURAL OTTOMAN - edb\",\"isPartOf\":{\"@id\":\"https:\/\/edbtestingwebsite.com\/#website\"},\"datePublished\":\"2022-06-15T18:50:18+00:00\",\"dateModified\":\"2022-11-09T14:59:13+00:00\",\"description\":\"_ $630 prix membre. un classique r\u00e9invent\u00e9. des lignes pures et des volumes intemporels optimis\u00e9s. une seule et m\u00eame structure, plusieurs options de pi\u00e8tements, l\u2019ottoman maritime se fait aussi pratique au travail qu\u2019au salon.\",\"breadcrumb\":{\"@id\":\"https:\/\/edbtestingwebsite.com\/produits\/maritime-naturel-ottoman\/#breadcrumb\"},\"inLanguage\":\"en-US\",\"potentialAction\":[{\"@type\":\"ReadAction\",\"target\":[\"https:\/\/edbtestingwebsite.com\/produits\/maritime-naturel-ottoman\/\"]}]},{\"@type\":\"BreadcrumbList\",\"@id\":\"https:\/\/edbtestingwebsite.com\/produits\/maritime-naturel-ottoman\/#breadcrumb\",\"itemListElement\":[{\"@type\":\"ListItem\",\"position\":1,\"name\":\"Accueil\",\"item\":\"https:\/\/edbtestingwebsite.com\/\"},{\"@type\":\"ListItem\",\"position\":2,\"name\":\"Products\",\"item\":\"https:\/\/edbtestingwebsite.com\/en\/products\/\"},{\"@type\":\"ListItem\",\"position\":3,\"name\":\"MARITIME NATURAL OTTOMAN\"}]},{\"@type\":\"WebSite\",\"@id\":\"https:\/\/edbtestingwebsite.com\/#website\",\"url\":\"https:\/\/edbtestingwebsite.com\/\",\"name\":\"edb\",\"description\":\"\u00e9l\u00e9ment de base\",\"publisher\":{\"@id\":\"https:\/\/edbtestingwebsite.com\/#organization\"},\"potentialAction\":[{\"@type\":\"SearchAction\",\"target\":{\"@type\":\"EntryPoint\",\"urlTemplate\":\"https:\/\/edbtestingwebsite.com\/?s={search_term_string}\"},\"query-input\":\"required name=search_term_string\"}],\"inLanguage\":\"en-US\"},{\"@type\":\"Organization\",\"@id\":\"https:\/\/edbtestingwebsite.com\/#organization\",\"name\":\"\u00e9l\u00e9ment de base\",\"url\":\"https:\/\/edbtestingwebsite.com\/\",\"logo\":{\"@type\":\"ImageObject\",\"inLanguage\":\"en-US\",\"@id\":\"https:\/\/edbtestingwebsite.com\/#\/schema\/logo\/image\/\",\"url\":\"https:\/\/edbtestingwebsite.com\/wp-content\/uploads\/2022\/10\/unnamed.png\",\"contentUrl\":\"https:\/\/edbtestingwebsite.com\/wp-content\/uploads\/2022\/10\/unnamed.png\",\"width\":372,\"height\":368,\"caption\":\"\u00e9l\u00e9ment de base\"},\"image\":{\"@id\":\"https:\/\/edbtestingwebsite.com\/#\/schema\/logo\/image\/\"},\"sameAs\":[\"https:\/\/www.instagram.com\/elementdebase\"]}]}<\/script>\n<!-- \/ Yoast SEO plugin. -->","yoast_head_json":{"title":"MARITIME NATURAL OTTOMAN - edb","description":"_ $630 member price. a modern classic revisited. clean lines and timeless volumes. its simplicity makes it versatile\u2014a great fit for living rooms to office lounges. available in a variety of leg and fabric options","robots":{"index":"noindex","follow":"follow","max-snippet":"max-snippet:-1","max-image-preview":"max-image-preview:large","max-video-preview":"max-video-preview:-1"},"og_locale":"en_US","og_type":"article","og_title":"MARITIME NATURAL OTTOMAN - edb","og_description":"_ $630 member price. a modern classic revisited. clean lines and timeless volumes. its simplicity makes it versatile\u2014a great fit for living rooms to office lounges. available in a variety of leg and fabric options","og_url":"https:\/\/edbtestingwebsite.com\/produits\/maritime-naturel-ottoman\/","og_site_name":"edb","article_modified_time":"2022-11-09T14:59:13+00:00","og_image":[{"width":1500,"height":920,"url":"https:\/\/edbtestingwebsite.com\/wp-content\/uploads\/2021\/12\/maritime_ottoman_1500x920_0000_291.jpg","type":"image\/jpeg"}],"twitter_card":"summary_large_image","schema":{"@context":"https:\/\/schema.org","@graph":[{"@type":"WebPage","@id":"https:\/\/edbtestingwebsite.com\/produits\/maritime-naturel-ottoman\/","url":"https:\/\/edbtestingwebsite.com\/produits\/maritime-naturel-ottoman\/","name":"MARITIME NATURAL OTTOMAN - edb","isPartOf":{"@id":"https:\/\/edbtestingwebsite.com\/#website"},"datePublished":"2022-06-15T18:50:18+00:00","dateModified":"2022-11-09T14:59:13+00:00","description":"_ $630 prix membre. un classique r\u00e9invent\u00e9. des lignes pures et des volumes intemporels optimis\u00e9s. une seule et m\u00eame structure, plusieurs options de pi\u00e8tements, l\u2019ottoman maritime se fait aussi pratique au travail qu\u2019au salon.","breadcrumb":{"@id":"https:\/\/edbtestingwebsite.com\/produits\/maritime-naturel-ottoman\/#breadcrumb"},"inLanguage":"en-US","potentialAction":[{"@type":"ReadAction","target":["https:\/\/edbtestingwebsite.com\/produits\/maritime-naturel-ottoman\/"]}]},{"@type":"BreadcrumbList","@id":"https:\/\/edbtestingwebsite.com\/produits\/maritime-naturel-ottoman\/#breadcrumb","itemListElement":[{"@type":"ListItem","position":1,"name":"Accueil","item":"https:\/\/edbtestingwebsite.com\/"},{"@type":"ListItem","position":2,"name":"Products","item":"https:\/\/edbtestingwebsite.com\/en\/products\/"},{"@type":"ListItem","position":3,"name":"MARITIME NATURAL OTTOMAN"}]},{"@type":"WebSite","@id":"https:\/\/edbtestingwebsite.com\/#website","url":"https:\/\/edbtestingwebsite.com\/","name":"edb","description":"\u00e9l\u00e9ment de base","publisher":{"@id":"https:\/\/edbtestingwebsite.com\/#organization"},"potentialAction":[{"@type":"SearchAction","target":{"@type":"EntryPoint","urlTemplate":"https:\/\/edbtestingwebsite.com\/?s={search_term_string}"},"query-input":"required name=search_term_string"}],"inLanguage":"en-US"},{"@type":"Organization","@id":"https:\/\/edbtestingwebsite.com\/#organization","name":"\u00e9l\u00e9ment de base","url":"https:\/\/edbtestingwebsite.com\/","logo":{"@type":"ImageObject","inLanguage":"en-US","@id":"https:\/\/edbtestingwebsite.com\/#\/schema\/logo\/image\/","url":"https:\/\/edbtestingwebsite.com\/wp-content\/uploads\/2022\/10\/unnamed.png","contentUrl":"https:\/\/edbtestingwebsite.com\/wp-content\/uploads\/2022\/10\/unnamed.png","width":372,"height":368,"caption":"\u00e9l\u00e9ment de base"},"image":{"@id":"https:\/\/edbtestingwebsite.com\/#\/schema\/logo\/image\/"},"sameAs":["https:\/\/www.instagram.com\/elementdebase"]}]}},"_links":{"self":[{"href":"https:\/\/edbtestingwebsite.com\/en\/wp-json\/wp\/v2\/product\/18722"}],"collection":[{"href":"https:\/\/edbtestingwebsite.com\/en\/wp-json\/wp\/v2\/product"}],"about":[{"href":"https:\/\/edbtestingwebsite.com\/en\/wp-json\/wp\/v2\/types\/product"}],"wp:featuredmedia":[{"embeddable":true,"href":"https:\/\/edbtestingwebsite.com\/en\/wp-json\/wp\/v2\/media\/13116"}],"wp:attachment":[{"href":"https:\/\/edbtestingwebsite.com\/en\/wp-json\/wp\/v2\/media?parent=18722"}],"wp:term":[{"taxonomy":"product_cat","embeddable":true,"href":"https:\/\/edbtestingwebsite.com\/en\/wp-json\/wp\/v2\/product_cat?post=18722"},{"taxonomy":"product_tag","embeddable":true,"href":"https:\/\/edbtestingwebsite.com\/en\/wp-json\/wp\/v2\/product_tag?post=18722"}],"curies":[{"name":"wp","href":"https:\/\/api.w.org\/{rel}","templated":true}]}}