{"id":18755,"date":"2022-06-15T14:37:44","date_gmt":"2022-06-15T19:37:44","guid":{"rendered":"https:\/\/www.elementdebase.com\/?post_type=product&#038;p=18755"},"modified":"2022-11-09T09:43:19","modified_gmt":"2022-11-09T14:43:19","slug":"maritime-naturel-3p","status":"publish","type":"product","link":"https:\/\/edbtestingwebsite.com\/en\/products\/maritime-natural-3p\/","title":{"rendered":"MARITIME NATURAL 3P"},"content":{"rendered":"","protected":false},"excerpt":{"rendered":"<p>_ $1460 member price.\u00a0\u00a0a modern classic revisited. clean lines and timeless volumes epitomize the maritime sofa. its simplicity makes it versatile\u2014a great fit for living rooms to office lounges. available in a variety of leg and fabric options, this sofa can take on as many looks as you could possibly dream up. one sofa frame, 12 fabric options, multiple leg options: dozens of compositions. yours to discover.<\/p>\n","protected":false},"featured_media":22042,"template":"","meta":[],"product_cat":[114,113],"product_tag":[],"translation":{"provider":"WPGlobus","version":"2.10.6","language":"en","enabled_languages":["fr","en"],"languages":{"fr":{"title":true,"content":false,"excerpt":true},"en":{"title":true,"content":false,"excerpt":true}}},"acf":[],"yoast_head":"<!-- This site is optimized with the Yoast SEO plugin v19.10 - https:\/\/yoast.com\/wordpress\/plugins\/seo\/ -->\n<title>MARITIME NATURAL 3P - edb<\/title>\n<meta name=\"description\" content=\"_ $1460 member price. a modern classic revisited. clean lines and timeless volumes epitomize the maritime sofa. its simplicity makes it versatile\u2014a great fit for living rooms to office lounges. available in a variety of leg and fabric options, this sofa can take on as many looks as you could possibly dream up. one sofa frame, 12 fabric options, multiple leg options: dozens of compositions. yours to discover.\" \/>\n<meta name=\"robots\" content=\"noindex, follow, max-snippet:-1, max-image-preview:large, max-video-preview:-1\" \/>\n<meta property=\"og:locale\" content=\"en_US\" \/>\n<meta property=\"og:type\" content=\"article\" \/>\n<meta property=\"og:title\" content=\"MARITIME NATURAL 3P - edb\" \/>\n<meta property=\"og:description\" content=\"_ $1460 member price. a modern classic revisited. clean lines and timeless volumes epitomize the maritime sofa. its simplicity makes it versatile\u2014a great fit for living rooms to office lounges. available in a variety of leg and fabric options, this sofa can take on as many looks as you could possibly dream up. one sofa frame, 12 fabric options, multiple leg options: dozens of compositions. yours to discover.\" \/>\n<meta property=\"og:url\" content=\"https:\/\/edbtestingwebsite.com\/produits\/maritime-naturel-3p\/\" \/>\n<meta property=\"og:site_name\" content=\"edb\" \/>\n<meta property=\"article:modified_time\" content=\"2022-11-09T14:43:19+00:00\" \/>\n<meta property=\"og:image\" content=\"https:\/\/edbtestingwebsite.com\/wp-content\/uploads\/2022\/06\/maritime_natural_0000_008.jpg\" \/>\n\t<meta property=\"og:image:width\" content=\"1500\" \/>\n\t<meta property=\"og:image:height\" content=\"920\" \/>\n\t<meta property=\"og:image:type\" content=\"image\/jpeg\" \/>\n<meta name=\"twitter:card\" content=\"summary_large_image\" \/>\n<script type=\"application\/ld+json\" class=\"yoast-schema-graph\">{\"@context\":\"https:\/\/schema.org\",\"@graph\":[{\"@type\":\"WebPage\",\"@id\":\"https:\/\/edbtestingwebsite.com\/produits\/maritime-naturel-3p\/\",\"url\":\"https:\/\/edbtestingwebsite.com\/produits\/maritime-naturel-3p\/\",\"name\":\"MARITIME NATURAL 3P - edb\",\"isPartOf\":{\"@id\":\"https:\/\/edbtestingwebsite.com\/#website\"},\"datePublished\":\"2022-06-15T19:37:44+00:00\",\"dateModified\":\"2022-11-09T14:43:19+00:00\",\"description\":\"_ $1460 prix membre. un classique r\u00e9invent\u00e9. des lignes pures et des volumes intemporels optimis\u00e9s. un canap\u00e9 minimaliste et polyvalent offert en une multitude deformes, de couleurs et de textures. une seule et m\u00eame structure, plusieurs options de pi\u00e8tements, 12 rev\u00eatements de textile\u2026 en tout, des dizaines d\u2019options de composition qui se profilent \u00e0 l\u2019horizon. le maritime se fait aussi pratique au travail qu\u2019au salon. \u00e0 vos combinaisons!\",\"breadcrumb\":{\"@id\":\"https:\/\/edbtestingwebsite.com\/produits\/maritime-naturel-3p\/#breadcrumb\"},\"inLanguage\":\"en-US\",\"potentialAction\":[{\"@type\":\"ReadAction\",\"target\":[\"https:\/\/edbtestingwebsite.com\/produits\/maritime-naturel-3p\/\"]}]},{\"@type\":\"BreadcrumbList\",\"@id\":\"https:\/\/edbtestingwebsite.com\/produits\/maritime-naturel-3p\/#breadcrumb\",\"itemListElement\":[{\"@type\":\"ListItem\",\"position\":1,\"name\":\"Accueil\",\"item\":\"https:\/\/edbtestingwebsite.com\/\"},{\"@type\":\"ListItem\",\"position\":2,\"name\":\"Products\",\"item\":\"https:\/\/edbtestingwebsite.com\/en\/products\/\"},{\"@type\":\"ListItem\",\"position\":3,\"name\":\"MARITIME NATURAL 3P\"}]},{\"@type\":\"WebSite\",\"@id\":\"https:\/\/edbtestingwebsite.com\/#website\",\"url\":\"https:\/\/edbtestingwebsite.com\/\",\"name\":\"edb\",\"description\":\"\u00e9l\u00e9ment de base\",\"publisher\":{\"@id\":\"https:\/\/edbtestingwebsite.com\/#organization\"},\"potentialAction\":[{\"@type\":\"SearchAction\",\"target\":{\"@type\":\"EntryPoint\",\"urlTemplate\":\"https:\/\/edbtestingwebsite.com\/?s={search_term_string}\"},\"query-input\":\"required name=search_term_string\"}],\"inLanguage\":\"en-US\"},{\"@type\":\"Organization\",\"@id\":\"https:\/\/edbtestingwebsite.com\/#organization\",\"name\":\"\u00e9l\u00e9ment de base\",\"url\":\"https:\/\/edbtestingwebsite.com\/\",\"logo\":{\"@type\":\"ImageObject\",\"inLanguage\":\"en-US\",\"@id\":\"https:\/\/edbtestingwebsite.com\/#\/schema\/logo\/image\/\",\"url\":\"https:\/\/edbtestingwebsite.com\/wp-content\/uploads\/2022\/10\/unnamed.png\",\"contentUrl\":\"https:\/\/edbtestingwebsite.com\/wp-content\/uploads\/2022\/10\/unnamed.png\",\"width\":372,\"height\":368,\"caption\":\"\u00e9l\u00e9ment de base\"},\"image\":{\"@id\":\"https:\/\/edbtestingwebsite.com\/#\/schema\/logo\/image\/\"},\"sameAs\":[\"https:\/\/www.instagram.com\/elementdebase\"]}]}<\/script>\n<!-- \/ Yoast SEO plugin. -->","yoast_head_json":{"title":"MARITIME NATURAL 3P - edb","description":"_ $1460 member price. a modern classic revisited. clean lines and timeless volumes epitomize the maritime sofa. its simplicity makes it versatile\u2014a great fit for living rooms to office lounges. available in a variety of leg and fabric options, this sofa can take on as many looks as you could possibly dream up. one sofa frame, 12 fabric options, multiple leg options: dozens of compositions. yours to discover.","robots":{"index":"noindex","follow":"follow","max-snippet":"max-snippet:-1","max-image-preview":"max-image-preview:large","max-video-preview":"max-video-preview:-1"},"og_locale":"en_US","og_type":"article","og_title":"MARITIME NATURAL 3P - edb","og_description":"_ $1460 member price. a modern classic revisited. clean lines and timeless volumes epitomize the maritime sofa. its simplicity makes it versatile\u2014a great fit for living rooms to office lounges. available in a variety of leg and fabric options, this sofa can take on as many looks as you could possibly dream up. one sofa frame, 12 fabric options, multiple leg options: dozens of compositions. yours to discover.","og_url":"https:\/\/edbtestingwebsite.com\/produits\/maritime-naturel-3p\/","og_site_name":"edb","article_modified_time":"2022-11-09T14:43:19+00:00","og_image":[{"width":1500,"height":920,"url":"https:\/\/edbtestingwebsite.com\/wp-content\/uploads\/2022\/06\/maritime_natural_0000_008.jpg","type":"image\/jpeg"}],"twitter_card":"summary_large_image","schema":{"@context":"https:\/\/schema.org","@graph":[{"@type":"WebPage","@id":"https:\/\/edbtestingwebsite.com\/produits\/maritime-naturel-3p\/","url":"https:\/\/edbtestingwebsite.com\/produits\/maritime-naturel-3p\/","name":"MARITIME NATURAL 3P - edb","isPartOf":{"@id":"https:\/\/edbtestingwebsite.com\/#website"},"datePublished":"2022-06-15T19:37:44+00:00","dateModified":"2022-11-09T14:43:19+00:00","description":"_ $1460 prix membre. un classique r\u00e9invent\u00e9. des lignes pures et des volumes intemporels optimis\u00e9s. un canap\u00e9 minimaliste et polyvalent offert en une multitude deformes, de couleurs et de textures. une seule et m\u00eame structure, plusieurs options de pi\u00e8tements, 12 rev\u00eatements de textile\u2026 en tout, des dizaines d\u2019options de composition qui se profilent \u00e0 l\u2019horizon. le maritime se fait aussi pratique au travail qu\u2019au salon. \u00e0 vos combinaisons!","breadcrumb":{"@id":"https:\/\/edbtestingwebsite.com\/produits\/maritime-naturel-3p\/#breadcrumb"},"inLanguage":"en-US","potentialAction":[{"@type":"ReadAction","target":["https:\/\/edbtestingwebsite.com\/produits\/maritime-naturel-3p\/"]}]},{"@type":"BreadcrumbList","@id":"https:\/\/edbtestingwebsite.com\/produits\/maritime-naturel-3p\/#breadcrumb","itemListElement":[{"@type":"ListItem","position":1,"name":"Accueil","item":"https:\/\/edbtestingwebsite.com\/"},{"@type":"ListItem","position":2,"name":"Products","item":"https:\/\/edbtestingwebsite.com\/en\/products\/"},{"@type":"ListItem","position":3,"name":"MARITIME NATURAL 3P"}]},{"@type":"WebSite","@id":"https:\/\/edbtestingwebsite.com\/#website","url":"https:\/\/edbtestingwebsite.com\/","name":"edb","description":"\u00e9l\u00e9ment de base","publisher":{"@id":"https:\/\/edbtestingwebsite.com\/#organization"},"potentialAction":[{"@type":"SearchAction","target":{"@type":"EntryPoint","urlTemplate":"https:\/\/edbtestingwebsite.com\/?s={search_term_string}"},"query-input":"required name=search_term_string"}],"inLanguage":"en-US"},{"@type":"Organization","@id":"https:\/\/edbtestingwebsite.com\/#organization","name":"\u00e9l\u00e9ment de base","url":"https:\/\/edbtestingwebsite.com\/","logo":{"@type":"ImageObject","inLanguage":"en-US","@id":"https:\/\/edbtestingwebsite.com\/#\/schema\/logo\/image\/","url":"https:\/\/edbtestingwebsite.com\/wp-content\/uploads\/2022\/10\/unnamed.png","contentUrl":"https:\/\/edbtestingwebsite.com\/wp-content\/uploads\/2022\/10\/unnamed.png","width":372,"height":368,"caption":"\u00e9l\u00e9ment de base"},"image":{"@id":"https:\/\/edbtestingwebsite.com\/#\/schema\/logo\/image\/"},"sameAs":["https:\/\/www.instagram.com\/elementdebase"]}]}},"_links":{"self":[{"href":"https:\/\/edbtestingwebsite.com\/en\/wp-json\/wp\/v2\/product\/18755"}],"collection":[{"href":"https:\/\/edbtestingwebsite.com\/en\/wp-json\/wp\/v2\/product"}],"about":[{"href":"https:\/\/edbtestingwebsite.com\/en\/wp-json\/wp\/v2\/types\/product"}],"wp:featuredmedia":[{"embeddable":true,"href":"https:\/\/edbtestingwebsite.com\/en\/wp-json\/wp\/v2\/media\/22042"}],"wp:attachment":[{"href":"https:\/\/edbtestingwebsite.com\/en\/wp-json\/wp\/v2\/media?parent=18755"}],"wp:term":[{"taxonomy":"product_cat","embeddable":true,"href":"https:\/\/edbtestingwebsite.com\/en\/wp-json\/wp\/v2\/product_cat?post=18755"},{"taxonomy":"product_tag","embeddable":true,"href":"https:\/\/edbtestingwebsite.com\/en\/wp-json\/wp\/v2\/product_tag?post=18755"}],"curies":[{"name":"wp","href":"https:\/\/api.w.org\/{rel}","templated":true}]}}