{"id":18938,"date":"2022-06-17T15:24:54","date_gmt":"2022-06-17T20:24:54","guid":{"rendered":"https:\/\/www.elementdebase.com\/?post_type=product&#038;p=18938"},"modified":"2022-11-09T13:16:24","modified_gmt":"2022-11-09T18:16:24","slug":"pique-61-raf","status":"publish","type":"product","link":"https:\/\/edbtestingwebsite.com\/en\/products\/pique-61-raf\/","title":{"rendered":"PIQU\u00c9 61 RAF"},"content":{"rendered":"","protected":false},"excerpt":{"rendered":"<p>_ $1420 member price.\u00a0\u00a0modern tufting. inspired by vintage tufted sofas, the piqu\u00e9 is a fresh take on the archetype. the seat cushions and back cushions feature contemporary pulls that accentuate the sensual shape of the sofa. low to the ground, the piqu\u00e9 invites you to lounge and relax. the hand-turned, sturdy and solid wood legs add both strength and softness to the silhouette.<\/p>\n","protected":false},"featured_media":22074,"template":"","meta":[],"product_cat":[115],"product_tag":[],"translation":{"provider":"WPGlobus","version":"2.10.6","language":"en","enabled_languages":["fr","en"],"languages":{"fr":{"title":true,"content":false,"excerpt":true},"en":{"title":true,"content":false,"excerpt":true}}},"acf":[],"yoast_head":"<!-- This site is optimized with the Yoast SEO plugin v19.10 - https:\/\/yoast.com\/wordpress\/plugins\/seo\/ -->\n<title>PIQU\u00c9 61 RAF - edb<\/title>\n<meta name=\"description\" content=\"_ $1420 member price. modern tufting. inspired by vintage tufted sofas, the piqu\u00e9 is a fresh take on the archetype. the seat cushions and back cushions feature contemporary pulls that accentuate the sensual shape of the sofa. low to the ground, the piqu\u00e9 invites you to lounge and relax. the hand-turned, sturdy and solid wood legs add both strength and softness to the silhouette.\" \/>\n<meta name=\"robots\" content=\"noindex, follow, max-snippet:-1, max-image-preview:large, max-video-preview:-1\" \/>\n<meta property=\"og:locale\" content=\"en_US\" \/>\n<meta property=\"og:type\" content=\"article\" \/>\n<meta property=\"og:title\" content=\"PIQU\u00c9 61 RAF - edb\" \/>\n<meta property=\"og:description\" content=\"_ $1420 member price. modern tufting. inspired by vintage tufted sofas, the piqu\u00e9 is a fresh take on the archetype. the seat cushions and back cushions feature contemporary pulls that accentuate the sensual shape of the sofa. low to the ground, the piqu\u00e9 invites you to lounge and relax. the hand-turned, sturdy and solid wood legs add both strength and softness to the silhouette.\" \/>\n<meta property=\"og:url\" content=\"https:\/\/edbtestingwebsite.com\/produits\/pique-61-raf\/\" \/>\n<meta property=\"og:site_name\" content=\"edb\" \/>\n<meta property=\"article:modified_time\" content=\"2022-11-09T18:16:24+00:00\" \/>\n<meta property=\"og:image\" content=\"https:\/\/edbtestingwebsite.com\/wp-content\/uploads\/2022\/06\/pique61_1500x920_0002_256-1-1-1.jpg\" \/>\n\t<meta property=\"og:image:width\" content=\"1500\" \/>\n\t<meta property=\"og:image:height\" content=\"920\" \/>\n\t<meta property=\"og:image:type\" content=\"image\/jpeg\" \/>\n<meta name=\"twitter:card\" content=\"summary_large_image\" \/>\n<script type=\"application\/ld+json\" class=\"yoast-schema-graph\">{\"@context\":\"https:\/\/schema.org\",\"@graph\":[{\"@type\":\"WebPage\",\"@id\":\"https:\/\/edbtestingwebsite.com\/produits\/pique-61-raf\/\",\"url\":\"https:\/\/edbtestingwebsite.com\/produits\/pique-61-raf\/\",\"name\":\"PIQU\u00c9 61 RAF - edb\",\"isPartOf\":{\"@id\":\"https:\/\/edbtestingwebsite.com\/#website\"},\"datePublished\":\"2022-06-17T20:24:54+00:00\",\"dateModified\":\"2022-11-09T18:16:24+00:00\",\"description\":\"_ $1420 prix membre. la modernit\u00e9, capitonn\u00e9e. le piqu\u00e9 est une inspiration contemporaine de l\u2019arch\u00e9typal mobilier matelass\u00e9. coussins moelleux, formes sensuelles : il est un appel \u00e0 la volupt\u00e9. camp\u00e9 sur son pi\u00e9tement imposant et robuste tourn\u00e9 \u00e0 la main, son profil renvoie une impression compl\u00e9mentaire de force et de douceur.\",\"breadcrumb\":{\"@id\":\"https:\/\/edbtestingwebsite.com\/produits\/pique-61-raf\/#breadcrumb\"},\"inLanguage\":\"en-US\",\"potentialAction\":[{\"@type\":\"ReadAction\",\"target\":[\"https:\/\/edbtestingwebsite.com\/produits\/pique-61-raf\/\"]}]},{\"@type\":\"BreadcrumbList\",\"@id\":\"https:\/\/edbtestingwebsite.com\/produits\/pique-61-raf\/#breadcrumb\",\"itemListElement\":[{\"@type\":\"ListItem\",\"position\":1,\"name\":\"Accueil\",\"item\":\"https:\/\/edbtestingwebsite.com\/\"},{\"@type\":\"ListItem\",\"position\":2,\"name\":\"Products\",\"item\":\"https:\/\/edbtestingwebsite.com\/en\/products\/\"},{\"@type\":\"ListItem\",\"position\":3,\"name\":\"PIQU\u00c9 61 RAF\"}]},{\"@type\":\"WebSite\",\"@id\":\"https:\/\/edbtestingwebsite.com\/#website\",\"url\":\"https:\/\/edbtestingwebsite.com\/\",\"name\":\"edb\",\"description\":\"\u00e9l\u00e9ment de base\",\"publisher\":{\"@id\":\"https:\/\/edbtestingwebsite.com\/#organization\"},\"potentialAction\":[{\"@type\":\"SearchAction\",\"target\":{\"@type\":\"EntryPoint\",\"urlTemplate\":\"https:\/\/edbtestingwebsite.com\/?s={search_term_string}\"},\"query-input\":\"required name=search_term_string\"}],\"inLanguage\":\"en-US\"},{\"@type\":\"Organization\",\"@id\":\"https:\/\/edbtestingwebsite.com\/#organization\",\"name\":\"\u00e9l\u00e9ment de base\",\"url\":\"https:\/\/edbtestingwebsite.com\/\",\"logo\":{\"@type\":\"ImageObject\",\"inLanguage\":\"en-US\",\"@id\":\"https:\/\/edbtestingwebsite.com\/#\/schema\/logo\/image\/\",\"url\":\"https:\/\/edbtestingwebsite.com\/wp-content\/uploads\/2022\/10\/unnamed.png\",\"contentUrl\":\"https:\/\/edbtestingwebsite.com\/wp-content\/uploads\/2022\/10\/unnamed.png\",\"width\":372,\"height\":368,\"caption\":\"\u00e9l\u00e9ment de base\"},\"image\":{\"@id\":\"https:\/\/edbtestingwebsite.com\/#\/schema\/logo\/image\/\"},\"sameAs\":[\"https:\/\/www.instagram.com\/elementdebase\"]}]}<\/script>\n<!-- \/ Yoast SEO plugin. -->","yoast_head_json":{"title":"PIQU\u00c9 61 RAF - edb","description":"_ $1420 member price. modern tufting. inspired by vintage tufted sofas, the piqu\u00e9 is a fresh take on the archetype. the seat cushions and back cushions feature contemporary pulls that accentuate the sensual shape of the sofa. low to the ground, the piqu\u00e9 invites you to lounge and relax. the hand-turned, sturdy and solid wood legs add both strength and softness to the silhouette.","robots":{"index":"noindex","follow":"follow","max-snippet":"max-snippet:-1","max-image-preview":"max-image-preview:large","max-video-preview":"max-video-preview:-1"},"og_locale":"en_US","og_type":"article","og_title":"PIQU\u00c9 61 RAF - edb","og_description":"_ $1420 member price. modern tufting. inspired by vintage tufted sofas, the piqu\u00e9 is a fresh take on the archetype. the seat cushions and back cushions feature contemporary pulls that accentuate the sensual shape of the sofa. low to the ground, the piqu\u00e9 invites you to lounge and relax. the hand-turned, sturdy and solid wood legs add both strength and softness to the silhouette.","og_url":"https:\/\/edbtestingwebsite.com\/produits\/pique-61-raf\/","og_site_name":"edb","article_modified_time":"2022-11-09T18:16:24+00:00","og_image":[{"width":1500,"height":920,"url":"https:\/\/edbtestingwebsite.com\/wp-content\/uploads\/2022\/06\/pique61_1500x920_0002_256-1-1-1.jpg","type":"image\/jpeg"}],"twitter_card":"summary_large_image","schema":{"@context":"https:\/\/schema.org","@graph":[{"@type":"WebPage","@id":"https:\/\/edbtestingwebsite.com\/produits\/pique-61-raf\/","url":"https:\/\/edbtestingwebsite.com\/produits\/pique-61-raf\/","name":"PIQU\u00c9 61 RAF - edb","isPartOf":{"@id":"https:\/\/edbtestingwebsite.com\/#website"},"datePublished":"2022-06-17T20:24:54+00:00","dateModified":"2022-11-09T18:16:24+00:00","description":"_ $1420 prix membre. la modernit\u00e9, capitonn\u00e9e. le piqu\u00e9 est une inspiration contemporaine de l\u2019arch\u00e9typal mobilier matelass\u00e9. coussins moelleux, formes sensuelles : il est un appel \u00e0 la volupt\u00e9. camp\u00e9 sur son pi\u00e9tement imposant et robuste tourn\u00e9 \u00e0 la main, son profil renvoie une impression compl\u00e9mentaire de force et de douceur.","breadcrumb":{"@id":"https:\/\/edbtestingwebsite.com\/produits\/pique-61-raf\/#breadcrumb"},"inLanguage":"en-US","potentialAction":[{"@type":"ReadAction","target":["https:\/\/edbtestingwebsite.com\/produits\/pique-61-raf\/"]}]},{"@type":"BreadcrumbList","@id":"https:\/\/edbtestingwebsite.com\/produits\/pique-61-raf\/#breadcrumb","itemListElement":[{"@type":"ListItem","position":1,"name":"Accueil","item":"https:\/\/edbtestingwebsite.com\/"},{"@type":"ListItem","position":2,"name":"Products","item":"https:\/\/edbtestingwebsite.com\/en\/products\/"},{"@type":"ListItem","position":3,"name":"PIQU\u00c9 61 RAF"}]},{"@type":"WebSite","@id":"https:\/\/edbtestingwebsite.com\/#website","url":"https:\/\/edbtestingwebsite.com\/","name":"edb","description":"\u00e9l\u00e9ment de base","publisher":{"@id":"https:\/\/edbtestingwebsite.com\/#organization"},"potentialAction":[{"@type":"SearchAction","target":{"@type":"EntryPoint","urlTemplate":"https:\/\/edbtestingwebsite.com\/?s={search_term_string}"},"query-input":"required name=search_term_string"}],"inLanguage":"en-US"},{"@type":"Organization","@id":"https:\/\/edbtestingwebsite.com\/#organization","name":"\u00e9l\u00e9ment de base","url":"https:\/\/edbtestingwebsite.com\/","logo":{"@type":"ImageObject","inLanguage":"en-US","@id":"https:\/\/edbtestingwebsite.com\/#\/schema\/logo\/image\/","url":"https:\/\/edbtestingwebsite.com\/wp-content\/uploads\/2022\/10\/unnamed.png","contentUrl":"https:\/\/edbtestingwebsite.com\/wp-content\/uploads\/2022\/10\/unnamed.png","width":372,"height":368,"caption":"\u00e9l\u00e9ment de base"},"image":{"@id":"https:\/\/edbtestingwebsite.com\/#\/schema\/logo\/image\/"},"sameAs":["https:\/\/www.instagram.com\/elementdebase"]}]}},"_links":{"self":[{"href":"https:\/\/edbtestingwebsite.com\/en\/wp-json\/wp\/v2\/product\/18938"}],"collection":[{"href":"https:\/\/edbtestingwebsite.com\/en\/wp-json\/wp\/v2\/product"}],"about":[{"href":"https:\/\/edbtestingwebsite.com\/en\/wp-json\/wp\/v2\/types\/product"}],"wp:featuredmedia":[{"embeddable":true,"href":"https:\/\/edbtestingwebsite.com\/en\/wp-json\/wp\/v2\/media\/22074"}],"wp:attachment":[{"href":"https:\/\/edbtestingwebsite.com\/en\/wp-json\/wp\/v2\/media?parent=18938"}],"wp:term":[{"taxonomy":"product_cat","embeddable":true,"href":"https:\/\/edbtestingwebsite.com\/en\/wp-json\/wp\/v2\/product_cat?post=18938"},{"taxonomy":"product_tag","embeddable":true,"href":"https:\/\/edbtestingwebsite.com\/en\/wp-json\/wp\/v2\/product_tag?post=18938"}],"curies":[{"name":"wp","href":"https:\/\/api.w.org\/{rel}","templated":true}]}}