{"id":20201,"date":"2022-09-22T15:39:23","date_gmt":"2022-09-22T20:39:23","guid":{"rendered":"https:\/\/www.elementdebase.com\/?post_type=product&#038;p=20201"},"modified":"2022-11-01T18:36:05","modified_gmt":"2022-11-01T23:36:05","slug":"dia24","status":"publish","type":"product","link":"https:\/\/edbtestingwebsite.com\/en\/products\/dia24\/","title":{"rendered":"dia24"},"content":{"rendered":"","protected":false},"excerpt":{"rendered":"<div class=\"product-description\">\n<div class=\"product-description\">\n<div class=\"product-description\">\n<p>_ $250 member price.\u00a0\u00a0round and comfortable, our ottoman dia24 is ideal for sitting or supporting tired feet. it gives style and interest to your space. with a completely removable cover, it enables to mix and match as much as you want!<\/p>\n<p>&nbsp;<\/p>\n<\/div>\n<div class=\"product-menu\">\n<form class=\"variations_form cart\" enctype=\"multipart\/form-data\" method=\"post\" data-product_id=\"34390\" data-product_variations=\"[34391,34392,34393,34394,34395,34396,34397,34398,34399,34400,34401,34402,34403]\">\n<div class=\"product-color-choices\"><\/div>\n<\/form>\n<\/div>\n<p>&nbsp;<\/p>\n<\/div>\n<div class=\"product-menu\">\n<form class=\"variations_form cart\" enctype=\"multipart\/form-data\" method=\"post\" data-product_id=\"29340\" data-product_variations=\"[29341,29342,29343,29344,29345,29346,29347,29348,29349,29350,29351,29352,29353]\">\n<div class=\"product-color-choices\"><\/div>\n<\/form>\n<\/div>\n<\/div>\n","protected":false},"featured_media":10129,"template":"","meta":[],"product_cat":[116],"product_tag":[],"translation":{"provider":"WPGlobus","version":"2.10.6","language":"en","enabled_languages":["fr","en"],"languages":{"fr":{"title":true,"content":false,"excerpt":true},"en":{"title":true,"content":false,"excerpt":true}}},"acf":[],"yoast_head":"<!-- This site is optimized with the Yoast SEO plugin v19.10 - https:\/\/yoast.com\/wordpress\/plugins\/seo\/ -->\n<title>dia24 - edb<\/title>\n<meta name=\"description\" content=\"_ $250 member price. round and comfortable, our ottoman dia24 is ideal for sitting or supporting tired feet. it gives style and interest to your space. with a completely removable cover, it enables to mix and match as much as you want!\" \/>\n<meta name=\"robots\" content=\"noindex, follow, max-snippet:-1, max-image-preview:large, max-video-preview:-1\" \/>\n<meta property=\"og:locale\" content=\"en_US\" \/>\n<meta property=\"og:type\" content=\"article\" \/>\n<meta property=\"og:title\" content=\"dia24 - edb\" \/>\n<meta property=\"og:description\" content=\"_ $250 member price. round and comfortable, our ottoman dia24 is ideal for sitting or supporting tired feet. it gives style and interest to your space. with a completely removable cover, it enables to mix and match as much as you want!\" \/>\n<meta property=\"og:url\" content=\"https:\/\/edbtestingwebsite.com\/produits\/dia24\/\" \/>\n<meta property=\"og:site_name\" content=\"edb\" \/>\n<meta property=\"article:modified_time\" content=\"2022-11-01T23:36:05+00:00\" \/>\n<meta property=\"og:image\" content=\"https:\/\/edbtestingwebsite.com\/wp-content\/uploads\/2021\/12\/listing_1500x920_0000_listing-Dia24.jpg\" \/>\n\t<meta property=\"og:image:width\" content=\"1500\" \/>\n\t<meta property=\"og:image:height\" content=\"920\" \/>\n\t<meta property=\"og:image:type\" content=\"image\/jpeg\" \/>\n<meta name=\"twitter:card\" content=\"summary_large_image\" \/>\n<script type=\"application\/ld+json\" class=\"yoast-schema-graph\">{\"@context\":\"https:\/\/schema.org\",\"@graph\":[{\"@type\":\"WebPage\",\"@id\":\"https:\/\/edbtestingwebsite.com\/produits\/dia24\/\",\"url\":\"https:\/\/edbtestingwebsite.com\/produits\/dia24\/\",\"name\":\"dia24 - edb\",\"isPartOf\":{\"@id\":\"https:\/\/edbtestingwebsite.com\/#website\"},\"datePublished\":\"2022-09-22T20:39:23+00:00\",\"dateModified\":\"2022-11-01T23:36:05+00:00\",\"description\":\"_ $250 prix membre. notre ottoman dia24, rond et confortable, est id\u00e9al pour s\u2019asseoir ou pour soutenir des pieds fatigu\u00e9s. il ajoute un style et un int\u00e9r\u00eat \u00e0 votre pi\u00e8ce. enti\u00e8rement d\u00e9houssable, il permet de m\u00e9langer et d\u2019assortir autant que vous le souhaitez!\",\"breadcrumb\":{\"@id\":\"https:\/\/edbtestingwebsite.com\/produits\/dia24\/#breadcrumb\"},\"inLanguage\":\"en-US\",\"potentialAction\":[{\"@type\":\"ReadAction\",\"target\":[\"https:\/\/edbtestingwebsite.com\/produits\/dia24\/\"]}]},{\"@type\":\"BreadcrumbList\",\"@id\":\"https:\/\/edbtestingwebsite.com\/produits\/dia24\/#breadcrumb\",\"itemListElement\":[{\"@type\":\"ListItem\",\"position\":1,\"name\":\"Accueil\",\"item\":\"https:\/\/edbtestingwebsite.com\/\"},{\"@type\":\"ListItem\",\"position\":2,\"name\":\"Products\",\"item\":\"https:\/\/edbtestingwebsite.com\/en\/products\/\"},{\"@type\":\"ListItem\",\"position\":3,\"name\":\"dia24\"}]},{\"@type\":\"WebSite\",\"@id\":\"https:\/\/edbtestingwebsite.com\/#website\",\"url\":\"https:\/\/edbtestingwebsite.com\/\",\"name\":\"edb\",\"description\":\"\u00e9l\u00e9ment de base\",\"publisher\":{\"@id\":\"https:\/\/edbtestingwebsite.com\/#organization\"},\"potentialAction\":[{\"@type\":\"SearchAction\",\"target\":{\"@type\":\"EntryPoint\",\"urlTemplate\":\"https:\/\/edbtestingwebsite.com\/?s={search_term_string}\"},\"query-input\":\"required name=search_term_string\"}],\"inLanguage\":\"en-US\"},{\"@type\":\"Organization\",\"@id\":\"https:\/\/edbtestingwebsite.com\/#organization\",\"name\":\"\u00e9l\u00e9ment de base\",\"url\":\"https:\/\/edbtestingwebsite.com\/\",\"logo\":{\"@type\":\"ImageObject\",\"inLanguage\":\"en-US\",\"@id\":\"https:\/\/edbtestingwebsite.com\/#\/schema\/logo\/image\/\",\"url\":\"https:\/\/edbtestingwebsite.com\/wp-content\/uploads\/2022\/10\/unnamed.png\",\"contentUrl\":\"https:\/\/edbtestingwebsite.com\/wp-content\/uploads\/2022\/10\/unnamed.png\",\"width\":372,\"height\":368,\"caption\":\"\u00e9l\u00e9ment de base\"},\"image\":{\"@id\":\"https:\/\/edbtestingwebsite.com\/#\/schema\/logo\/image\/\"},\"sameAs\":[\"https:\/\/www.instagram.com\/elementdebase\"]}]}<\/script>\n<!-- \/ Yoast SEO plugin. -->","yoast_head_json":{"title":"dia24 - edb","description":"_ $250 member price. round and comfortable, our ottoman dia24 is ideal for sitting or supporting tired feet. it gives style and interest to your space. with a completely removable cover, it enables to mix and match as much as you want!","robots":{"index":"noindex","follow":"follow","max-snippet":"max-snippet:-1","max-image-preview":"max-image-preview:large","max-video-preview":"max-video-preview:-1"},"og_locale":"en_US","og_type":"article","og_title":"dia24 - edb","og_description":"_ $250 member price. round and comfortable, our ottoman dia24 is ideal for sitting or supporting tired feet. it gives style and interest to your space. with a completely removable cover, it enables to mix and match as much as you want!","og_url":"https:\/\/edbtestingwebsite.com\/produits\/dia24\/","og_site_name":"edb","article_modified_time":"2022-11-01T23:36:05+00:00","og_image":[{"width":1500,"height":920,"url":"https:\/\/edbtestingwebsite.com\/wp-content\/uploads\/2021\/12\/listing_1500x920_0000_listing-Dia24.jpg","type":"image\/jpeg"}],"twitter_card":"summary_large_image","schema":{"@context":"https:\/\/schema.org","@graph":[{"@type":"WebPage","@id":"https:\/\/edbtestingwebsite.com\/produits\/dia24\/","url":"https:\/\/edbtestingwebsite.com\/produits\/dia24\/","name":"dia24 - edb","isPartOf":{"@id":"https:\/\/edbtestingwebsite.com\/#website"},"datePublished":"2022-09-22T20:39:23+00:00","dateModified":"2022-11-01T23:36:05+00:00","description":"_ $250 prix membre. notre ottoman dia24, rond et confortable, est id\u00e9al pour s\u2019asseoir ou pour soutenir des pieds fatigu\u00e9s. il ajoute un style et un int\u00e9r\u00eat \u00e0 votre pi\u00e8ce. enti\u00e8rement d\u00e9houssable, il permet de m\u00e9langer et d\u2019assortir autant que vous le souhaitez!","breadcrumb":{"@id":"https:\/\/edbtestingwebsite.com\/produits\/dia24\/#breadcrumb"},"inLanguage":"en-US","potentialAction":[{"@type":"ReadAction","target":["https:\/\/edbtestingwebsite.com\/produits\/dia24\/"]}]},{"@type":"BreadcrumbList","@id":"https:\/\/edbtestingwebsite.com\/produits\/dia24\/#breadcrumb","itemListElement":[{"@type":"ListItem","position":1,"name":"Accueil","item":"https:\/\/edbtestingwebsite.com\/"},{"@type":"ListItem","position":2,"name":"Products","item":"https:\/\/edbtestingwebsite.com\/en\/products\/"},{"@type":"ListItem","position":3,"name":"dia24"}]},{"@type":"WebSite","@id":"https:\/\/edbtestingwebsite.com\/#website","url":"https:\/\/edbtestingwebsite.com\/","name":"edb","description":"\u00e9l\u00e9ment de base","publisher":{"@id":"https:\/\/edbtestingwebsite.com\/#organization"},"potentialAction":[{"@type":"SearchAction","target":{"@type":"EntryPoint","urlTemplate":"https:\/\/edbtestingwebsite.com\/?s={search_term_string}"},"query-input":"required name=search_term_string"}],"inLanguage":"en-US"},{"@type":"Organization","@id":"https:\/\/edbtestingwebsite.com\/#organization","name":"\u00e9l\u00e9ment de base","url":"https:\/\/edbtestingwebsite.com\/","logo":{"@type":"ImageObject","inLanguage":"en-US","@id":"https:\/\/edbtestingwebsite.com\/#\/schema\/logo\/image\/","url":"https:\/\/edbtestingwebsite.com\/wp-content\/uploads\/2022\/10\/unnamed.png","contentUrl":"https:\/\/edbtestingwebsite.com\/wp-content\/uploads\/2022\/10\/unnamed.png","width":372,"height":368,"caption":"\u00e9l\u00e9ment de base"},"image":{"@id":"https:\/\/edbtestingwebsite.com\/#\/schema\/logo\/image\/"},"sameAs":["https:\/\/www.instagram.com\/elementdebase"]}]}},"_links":{"self":[{"href":"https:\/\/edbtestingwebsite.com\/en\/wp-json\/wp\/v2\/product\/20201"}],"collection":[{"href":"https:\/\/edbtestingwebsite.com\/en\/wp-json\/wp\/v2\/product"}],"about":[{"href":"https:\/\/edbtestingwebsite.com\/en\/wp-json\/wp\/v2\/types\/product"}],"wp:featuredmedia":[{"embeddable":true,"href":"https:\/\/edbtestingwebsite.com\/en\/wp-json\/wp\/v2\/media\/10129"}],"wp:attachment":[{"href":"https:\/\/edbtestingwebsite.com\/en\/wp-json\/wp\/v2\/media?parent=20201"}],"wp:term":[{"taxonomy":"product_cat","embeddable":true,"href":"https:\/\/edbtestingwebsite.com\/en\/wp-json\/wp\/v2\/product_cat?post=20201"},{"taxonomy":"product_tag","embeddable":true,"href":"https:\/\/edbtestingwebsite.com\/en\/wp-json\/wp\/v2\/product_tag?post=20201"}],"curies":[{"name":"wp","href":"https:\/\/api.w.org\/{rel}","templated":true}]}}