{"id":20610,"date":"2022-10-04T14:12:11","date_gmt":"2022-10-04T19:12:11","guid":{"rendered":"https:\/\/www.elementdebase.com\/?post_type=product&#038;p=20610"},"modified":"2022-11-10T11:46:24","modified_gmt":"2022-11-10T16:46:24","slug":"stripes-2p","status":"publish","type":"product","link":"https:\/\/edbtestingwebsite.com\/en\/products\/stripes-2p\/","title":{"rendered":"Stripes 2P"},"content":{"rendered":"","protected":false},"excerpt":{"rendered":"<p>_ $1350 member price.\u00a0\u00a0vintage spirit. as its name describes it, the stripes sofa is defined by the vertical quilt pattern running along its back. with rounded feather-filled seat cushions, this sofa brings a touch of cosiness and retro elegance in the room. pour yourself your favorite drink, sit back and enjoy the evening lounging in stripes.<\/p>\n","protected":false},"featured_media":22061,"template":"","meta":[],"product_cat":[115],"product_tag":[],"translation":{"provider":"WPGlobus","version":"2.10.6","language":"en","enabled_languages":["fr","en"],"languages":{"fr":{"title":true,"content":false,"excerpt":true},"en":{"title":true,"content":false,"excerpt":true}}},"acf":[],"yoast_head":"<!-- This site is optimized with the Yoast SEO plugin v19.10 - https:\/\/yoast.com\/wordpress\/plugins\/seo\/ -->\n<title>Stripes 2P - edb<\/title>\n<meta name=\"description\" content=\"_ $1350 member price. vintage spirit. as its name describes it, the stripes sofa is defined by the vertical quilt pattern running along its back. with rounded feather-filled seat cushions, this sofa brings a touch of cosiness and retro elegance in the room. pour yourself your favorite drink, sit back and enjoy the evening lounging in stripes.\" \/>\n<meta name=\"robots\" content=\"noindex, follow, max-snippet:-1, max-image-preview:large, max-video-preview:-1\" \/>\n<meta property=\"og:locale\" content=\"en_US\" \/>\n<meta property=\"og:type\" content=\"article\" \/>\n<meta property=\"og:title\" content=\"Stripes 2P - edb\" \/>\n<meta property=\"og:description\" content=\"_ $1350 member price. vintage spirit. as its name describes it, the stripes sofa is defined by the vertical quilt pattern running along its back. with rounded feather-filled seat cushions, this sofa brings a touch of cosiness and retro elegance in the room. pour yourself your favorite drink, sit back and enjoy the evening lounging in stripes.\" \/>\n<meta property=\"og:url\" content=\"https:\/\/edbtestingwebsite.com\/produits\/stripes-2p\/\" \/>\n<meta property=\"og:site_name\" content=\"edb\" \/>\n<meta property=\"article:modified_time\" content=\"2022-11-10T16:46:24+00:00\" \/>\n<meta property=\"og:image\" content=\"https:\/\/edbtestingwebsite.com\/wp-content\/uploads\/2022\/10\/Stripes2P-1.jpg\" \/>\n\t<meta property=\"og:image:width\" content=\"1500\" \/>\n\t<meta property=\"og:image:height\" content=\"920\" \/>\n\t<meta property=\"og:image:type\" content=\"image\/jpeg\" \/>\n<meta name=\"twitter:card\" content=\"summary_large_image\" \/>\n<script type=\"application\/ld+json\" class=\"yoast-schema-graph\">{\"@context\":\"https:\/\/schema.org\",\"@graph\":[{\"@type\":\"WebPage\",\"@id\":\"https:\/\/edbtestingwebsite.com\/produits\/stripes-2p\/\",\"url\":\"https:\/\/edbtestingwebsite.com\/produits\/stripes-2p\/\",\"name\":\"Stripes 2P - edb\",\"isPartOf\":{\"@id\":\"https:\/\/edbtestingwebsite.com\/#website\"},\"datePublished\":\"2022-10-04T19:12:11+00:00\",\"dateModified\":\"2022-11-10T16:46:24+00:00\",\"description\":\"_ $1350 prix membre. esprit vintage. comme son nom l\u2019indique, son style se d\u00e9finit par le matelassage vertical de son dossier, \u00e9l\u00e9ment qui lui donne une bienveillante rondeur. ses coussins garnis de plumes assurent un confort cozy, accueillant. en prime, son petit air d\u2019\u00e9l\u00e9gance r\u00e9tro. on y savoure son cocktail pr\u00e9f\u00e9r\u00e9, et en bonne compagnie.\",\"breadcrumb\":{\"@id\":\"https:\/\/edbtestingwebsite.com\/produits\/stripes-2p\/#breadcrumb\"},\"inLanguage\":\"en-US\",\"potentialAction\":[{\"@type\":\"ReadAction\",\"target\":[\"https:\/\/edbtestingwebsite.com\/produits\/stripes-2p\/\"]}]},{\"@type\":\"BreadcrumbList\",\"@id\":\"https:\/\/edbtestingwebsite.com\/produits\/stripes-2p\/#breadcrumb\",\"itemListElement\":[{\"@type\":\"ListItem\",\"position\":1,\"name\":\"Accueil\",\"item\":\"https:\/\/edbtestingwebsite.com\/\"},{\"@type\":\"ListItem\",\"position\":2,\"name\":\"Products\",\"item\":\"https:\/\/edbtestingwebsite.com\/en\/products\/\"},{\"@type\":\"ListItem\",\"position\":3,\"name\":\"Stripes 2P\"}]},{\"@type\":\"WebSite\",\"@id\":\"https:\/\/edbtestingwebsite.com\/#website\",\"url\":\"https:\/\/edbtestingwebsite.com\/\",\"name\":\"edb\",\"description\":\"\u00e9l\u00e9ment de base\",\"publisher\":{\"@id\":\"https:\/\/edbtestingwebsite.com\/#organization\"},\"potentialAction\":[{\"@type\":\"SearchAction\",\"target\":{\"@type\":\"EntryPoint\",\"urlTemplate\":\"https:\/\/edbtestingwebsite.com\/?s={search_term_string}\"},\"query-input\":\"required name=search_term_string\"}],\"inLanguage\":\"en-US\"},{\"@type\":\"Organization\",\"@id\":\"https:\/\/edbtestingwebsite.com\/#organization\",\"name\":\"\u00e9l\u00e9ment de base\",\"url\":\"https:\/\/edbtestingwebsite.com\/\",\"logo\":{\"@type\":\"ImageObject\",\"inLanguage\":\"en-US\",\"@id\":\"https:\/\/edbtestingwebsite.com\/#\/schema\/logo\/image\/\",\"url\":\"https:\/\/edbtestingwebsite.com\/wp-content\/uploads\/2022\/10\/unnamed.png\",\"contentUrl\":\"https:\/\/edbtestingwebsite.com\/wp-content\/uploads\/2022\/10\/unnamed.png\",\"width\":372,\"height\":368,\"caption\":\"\u00e9l\u00e9ment de base\"},\"image\":{\"@id\":\"https:\/\/edbtestingwebsite.com\/#\/schema\/logo\/image\/\"},\"sameAs\":[\"https:\/\/www.instagram.com\/elementdebase\"]}]}<\/script>\n<!-- \/ Yoast SEO plugin. -->","yoast_head_json":{"title":"Stripes 2P - edb","description":"_ $1350 member price. vintage spirit. as its name describes it, the stripes sofa is defined by the vertical quilt pattern running along its back. with rounded feather-filled seat cushions, this sofa brings a touch of cosiness and retro elegance in the room. pour yourself your favorite drink, sit back and enjoy the evening lounging in stripes.","robots":{"index":"noindex","follow":"follow","max-snippet":"max-snippet:-1","max-image-preview":"max-image-preview:large","max-video-preview":"max-video-preview:-1"},"og_locale":"en_US","og_type":"article","og_title":"Stripes 2P - edb","og_description":"_ $1350 member price. vintage spirit. as its name describes it, the stripes sofa is defined by the vertical quilt pattern running along its back. with rounded feather-filled seat cushions, this sofa brings a touch of cosiness and retro elegance in the room. pour yourself your favorite drink, sit back and enjoy the evening lounging in stripes.","og_url":"https:\/\/edbtestingwebsite.com\/produits\/stripes-2p\/","og_site_name":"edb","article_modified_time":"2022-11-10T16:46:24+00:00","og_image":[{"width":1500,"height":920,"url":"https:\/\/edbtestingwebsite.com\/wp-content\/uploads\/2022\/10\/Stripes2P-1.jpg","type":"image\/jpeg"}],"twitter_card":"summary_large_image","schema":{"@context":"https:\/\/schema.org","@graph":[{"@type":"WebPage","@id":"https:\/\/edbtestingwebsite.com\/produits\/stripes-2p\/","url":"https:\/\/edbtestingwebsite.com\/produits\/stripes-2p\/","name":"Stripes 2P - edb","isPartOf":{"@id":"https:\/\/edbtestingwebsite.com\/#website"},"datePublished":"2022-10-04T19:12:11+00:00","dateModified":"2022-11-10T16:46:24+00:00","description":"_ $1350 prix membre. esprit vintage. comme son nom l\u2019indique, son style se d\u00e9finit par le matelassage vertical de son dossier, \u00e9l\u00e9ment qui lui donne une bienveillante rondeur. ses coussins garnis de plumes assurent un confort cozy, accueillant. en prime, son petit air d\u2019\u00e9l\u00e9gance r\u00e9tro. on y savoure son cocktail pr\u00e9f\u00e9r\u00e9, et en bonne compagnie.","breadcrumb":{"@id":"https:\/\/edbtestingwebsite.com\/produits\/stripes-2p\/#breadcrumb"},"inLanguage":"en-US","potentialAction":[{"@type":"ReadAction","target":["https:\/\/edbtestingwebsite.com\/produits\/stripes-2p\/"]}]},{"@type":"BreadcrumbList","@id":"https:\/\/edbtestingwebsite.com\/produits\/stripes-2p\/#breadcrumb","itemListElement":[{"@type":"ListItem","position":1,"name":"Accueil","item":"https:\/\/edbtestingwebsite.com\/"},{"@type":"ListItem","position":2,"name":"Products","item":"https:\/\/edbtestingwebsite.com\/en\/products\/"},{"@type":"ListItem","position":3,"name":"Stripes 2P"}]},{"@type":"WebSite","@id":"https:\/\/edbtestingwebsite.com\/#website","url":"https:\/\/edbtestingwebsite.com\/","name":"edb","description":"\u00e9l\u00e9ment de base","publisher":{"@id":"https:\/\/edbtestingwebsite.com\/#organization"},"potentialAction":[{"@type":"SearchAction","target":{"@type":"EntryPoint","urlTemplate":"https:\/\/edbtestingwebsite.com\/?s={search_term_string}"},"query-input":"required name=search_term_string"}],"inLanguage":"en-US"},{"@type":"Organization","@id":"https:\/\/edbtestingwebsite.com\/#organization","name":"\u00e9l\u00e9ment de base","url":"https:\/\/edbtestingwebsite.com\/","logo":{"@type":"ImageObject","inLanguage":"en-US","@id":"https:\/\/edbtestingwebsite.com\/#\/schema\/logo\/image\/","url":"https:\/\/edbtestingwebsite.com\/wp-content\/uploads\/2022\/10\/unnamed.png","contentUrl":"https:\/\/edbtestingwebsite.com\/wp-content\/uploads\/2022\/10\/unnamed.png","width":372,"height":368,"caption":"\u00e9l\u00e9ment de base"},"image":{"@id":"https:\/\/edbtestingwebsite.com\/#\/schema\/logo\/image\/"},"sameAs":["https:\/\/www.instagram.com\/elementdebase"]}]}},"_links":{"self":[{"href":"https:\/\/edbtestingwebsite.com\/en\/wp-json\/wp\/v2\/product\/20610"}],"collection":[{"href":"https:\/\/edbtestingwebsite.com\/en\/wp-json\/wp\/v2\/product"}],"about":[{"href":"https:\/\/edbtestingwebsite.com\/en\/wp-json\/wp\/v2\/types\/product"}],"wp:featuredmedia":[{"embeddable":true,"href":"https:\/\/edbtestingwebsite.com\/en\/wp-json\/wp\/v2\/media\/22061"}],"wp:attachment":[{"href":"https:\/\/edbtestingwebsite.com\/en\/wp-json\/wp\/v2\/media?parent=20610"}],"wp:term":[{"taxonomy":"product_cat","embeddable":true,"href":"https:\/\/edbtestingwebsite.com\/en\/wp-json\/wp\/v2\/product_cat?post=20610"},{"taxonomy":"product_tag","embeddable":true,"href":"https:\/\/edbtestingwebsite.com\/en\/wp-json\/wp\/v2\/product_tag?post=20610"}],"curies":[{"name":"wp","href":"https:\/\/api.w.org\/{rel}","templated":true}]}}