{"id":20721,"date":"2022-10-05T14:28:38","date_gmt":"2022-10-05T19:28:38","guid":{"rendered":"https:\/\/www.elementdebase.com\/?post_type=product&#038;p=20721"},"modified":"2022-11-08T14:46:56","modified_gmt":"2022-11-08T19:46:56","slug":"dive-diagonal-laf","status":"publish","type":"product","link":"https:\/\/edbtestingwebsite.com\/en\/products\/dive-diagonal-laf\/","title":{"rendered":"Dive diagonal LAF"},"content":{"rendered":"","protected":false},"excerpt":{"rendered":"<div class=\"product-description\">\n<div class=\"product-description\">\n<div class=\"product-description\">\n<p>_ $1770 member price.\u00a0\u00a0take the plunge. designed to inspire fresh proportions and behaviours, the dive sofa is perfect for those who like to unwind, lie back, lounge and sit low to the ground. with its feather filled seat cushions and extra puffy armrests, it simply embodies comfort and cozyness. like most of our models, the dive comes with fully removable covers. to see it in person, pass by our showroom and\u2026dive in.<\/p>\n<\/div>\n<\/div>\n<\/div>\n","protected":false},"featured_media":22060,"template":"","meta":[],"product_cat":[115],"product_tag":[],"translation":{"provider":"WPGlobus","version":"2.10.6","language":"en","enabled_languages":["fr","en"],"languages":{"fr":{"title":true,"content":false,"excerpt":true},"en":{"title":true,"content":false,"excerpt":true}}},"acf":[],"yoast_head":"<!-- This site is optimized with the Yoast SEO plugin v19.10 - https:\/\/yoast.com\/wordpress\/plugins\/seo\/ -->\n<title>Dive diagonal LAF - edb<\/title>\n<meta name=\"description\" content=\"_ $1770 member price. take the plunge. designed to inspire fresh proportions and behaviours, the dive sofa is perfect for those who like to unwind, lie back, lounge and sit low to the ground. with its feather filled seat cushions and extra puffy armrests, it simply embodies comfort and cozyness. like most of our models, the dive comes with fully removable covers. to see it in person, pass by our showroom and\u2026dive in.\" \/>\n<meta name=\"robots\" content=\"noindex, follow, max-snippet:-1, max-image-preview:large, max-video-preview:-1\" \/>\n<meta property=\"og:locale\" content=\"en_US\" \/>\n<meta property=\"og:type\" content=\"article\" \/>\n<meta property=\"og:title\" content=\"Dive diagonal LAF - edb\" \/>\n<meta property=\"og:description\" content=\"_ $1770 member price. take the plunge. designed to inspire fresh proportions and behaviours, the dive sofa is perfect for those who like to unwind, lie back, lounge and sit low to the ground. with its feather filled seat cushions and extra puffy armrests, it simply embodies comfort and cozyness. like most of our models, the dive comes with fully removable covers. to see it in person, pass by our showroom and\u2026dive in.\" \/>\n<meta property=\"og:url\" content=\"https:\/\/edbtestingwebsite.com\/produits\/dive-diagonal-laf\/\" \/>\n<meta property=\"og:site_name\" content=\"edb\" \/>\n<meta property=\"article:modified_time\" content=\"2022-11-08T19:46:56+00:00\" \/>\n<meta property=\"og:image\" content=\"https:\/\/edbtestingwebsite.com\/wp-content\/uploads\/2022\/10\/DSC_6723_1500x920-1.jpg\" \/>\n\t<meta property=\"og:image:width\" content=\"1500\" \/>\n\t<meta property=\"og:image:height\" content=\"920\" \/>\n\t<meta property=\"og:image:type\" content=\"image\/jpeg\" \/>\n<meta name=\"twitter:card\" content=\"summary_large_image\" \/>\n<script type=\"application\/ld+json\" class=\"yoast-schema-graph\">{\"@context\":\"https:\/\/schema.org\",\"@graph\":[{\"@type\":\"WebPage\",\"@id\":\"https:\/\/edbtestingwebsite.com\/produits\/dive-diagonal-laf\/\",\"url\":\"https:\/\/edbtestingwebsite.com\/produits\/dive-diagonal-laf\/\",\"name\":\"Dive diagonal LAF - edb\",\"isPartOf\":{\"@id\":\"https:\/\/edbtestingwebsite.com\/#website\"},\"datePublished\":\"2022-10-05T19:28:38+00:00\",\"dateModified\":\"2022-11-08T19:46:56+00:00\",\"description\":\"_ $1770 prix membre. le grand saut. con\u00e7u pour engager une nouvelle ergonomie et un rapport inusit\u00e9 avec l\u2019espace, le canap\u00e9 dive est id\u00e9al pour ceux et celles qui aiment se pr\u00e9lasser, paresser, ou s\u2019\u00e9vacher. avec ses coussins d\u2019assises en plumes et ses accoudoirs extra gonfl\u00e9s, le dive inspire douceur et confort. comme la plupart de nos mod\u00e8les, il est compl\u00e8tement d\u00e9houssable! une vraie prouesse technique pour des formes aussi organiques. pour le voir en personne passez \u00e0 notre salle de montre et\u2026 plongez!\",\"breadcrumb\":{\"@id\":\"https:\/\/edbtestingwebsite.com\/produits\/dive-diagonal-laf\/#breadcrumb\"},\"inLanguage\":\"en-US\",\"potentialAction\":[{\"@type\":\"ReadAction\",\"target\":[\"https:\/\/edbtestingwebsite.com\/produits\/dive-diagonal-laf\/\"]}]},{\"@type\":\"BreadcrumbList\",\"@id\":\"https:\/\/edbtestingwebsite.com\/produits\/dive-diagonal-laf\/#breadcrumb\",\"itemListElement\":[{\"@type\":\"ListItem\",\"position\":1,\"name\":\"Accueil\",\"item\":\"https:\/\/edbtestingwebsite.com\/\"},{\"@type\":\"ListItem\",\"position\":2,\"name\":\"Products\",\"item\":\"https:\/\/edbtestingwebsite.com\/en\/products\/\"},{\"@type\":\"ListItem\",\"position\":3,\"name\":\"Dive diagonal LAF\"}]},{\"@type\":\"WebSite\",\"@id\":\"https:\/\/edbtestingwebsite.com\/#website\",\"url\":\"https:\/\/edbtestingwebsite.com\/\",\"name\":\"edb\",\"description\":\"\u00e9l\u00e9ment de base\",\"publisher\":{\"@id\":\"https:\/\/edbtestingwebsite.com\/#organization\"},\"potentialAction\":[{\"@type\":\"SearchAction\",\"target\":{\"@type\":\"EntryPoint\",\"urlTemplate\":\"https:\/\/edbtestingwebsite.com\/?s={search_term_string}\"},\"query-input\":\"required name=search_term_string\"}],\"inLanguage\":\"en-US\"},{\"@type\":\"Organization\",\"@id\":\"https:\/\/edbtestingwebsite.com\/#organization\",\"name\":\"\u00e9l\u00e9ment de base\",\"url\":\"https:\/\/edbtestingwebsite.com\/\",\"logo\":{\"@type\":\"ImageObject\",\"inLanguage\":\"en-US\",\"@id\":\"https:\/\/edbtestingwebsite.com\/#\/schema\/logo\/image\/\",\"url\":\"https:\/\/edbtestingwebsite.com\/wp-content\/uploads\/2022\/10\/unnamed.png\",\"contentUrl\":\"https:\/\/edbtestingwebsite.com\/wp-content\/uploads\/2022\/10\/unnamed.png\",\"width\":372,\"height\":368,\"caption\":\"\u00e9l\u00e9ment de base\"},\"image\":{\"@id\":\"https:\/\/edbtestingwebsite.com\/#\/schema\/logo\/image\/\"},\"sameAs\":[\"https:\/\/www.instagram.com\/elementdebase\"]}]}<\/script>\n<!-- \/ Yoast SEO plugin. -->","yoast_head_json":{"title":"Dive diagonal LAF - edb","description":"_ $1770 member price. take the plunge. designed to inspire fresh proportions and behaviours, the dive sofa is perfect for those who like to unwind, lie back, lounge and sit low to the ground. with its feather filled seat cushions and extra puffy armrests, it simply embodies comfort and cozyness. like most of our models, the dive comes with fully removable covers. to see it in person, pass by our showroom and\u2026dive in.","robots":{"index":"noindex","follow":"follow","max-snippet":"max-snippet:-1","max-image-preview":"max-image-preview:large","max-video-preview":"max-video-preview:-1"},"og_locale":"en_US","og_type":"article","og_title":"Dive diagonal LAF - edb","og_description":"_ $1770 member price. take the plunge. designed to inspire fresh proportions and behaviours, the dive sofa is perfect for those who like to unwind, lie back, lounge and sit low to the ground. with its feather filled seat cushions and extra puffy armrests, it simply embodies comfort and cozyness. like most of our models, the dive comes with fully removable covers. to see it in person, pass by our showroom and\u2026dive in.","og_url":"https:\/\/edbtestingwebsite.com\/produits\/dive-diagonal-laf\/","og_site_name":"edb","article_modified_time":"2022-11-08T19:46:56+00:00","og_image":[{"width":1500,"height":920,"url":"https:\/\/edbtestingwebsite.com\/wp-content\/uploads\/2022\/10\/DSC_6723_1500x920-1.jpg","type":"image\/jpeg"}],"twitter_card":"summary_large_image","schema":{"@context":"https:\/\/schema.org","@graph":[{"@type":"WebPage","@id":"https:\/\/edbtestingwebsite.com\/produits\/dive-diagonal-laf\/","url":"https:\/\/edbtestingwebsite.com\/produits\/dive-diagonal-laf\/","name":"Dive diagonal LAF - edb","isPartOf":{"@id":"https:\/\/edbtestingwebsite.com\/#website"},"datePublished":"2022-10-05T19:28:38+00:00","dateModified":"2022-11-08T19:46:56+00:00","description":"_ $1770 prix membre. le grand saut. con\u00e7u pour engager une nouvelle ergonomie et un rapport inusit\u00e9 avec l\u2019espace, le canap\u00e9 dive est id\u00e9al pour ceux et celles qui aiment se pr\u00e9lasser, paresser, ou s\u2019\u00e9vacher. avec ses coussins d\u2019assises en plumes et ses accoudoirs extra gonfl\u00e9s, le dive inspire douceur et confort. comme la plupart de nos mod\u00e8les, il est compl\u00e8tement d\u00e9houssable! une vraie prouesse technique pour des formes aussi organiques. pour le voir en personne passez \u00e0 notre salle de montre et\u2026 plongez!","breadcrumb":{"@id":"https:\/\/edbtestingwebsite.com\/produits\/dive-diagonal-laf\/#breadcrumb"},"inLanguage":"en-US","potentialAction":[{"@type":"ReadAction","target":["https:\/\/edbtestingwebsite.com\/produits\/dive-diagonal-laf\/"]}]},{"@type":"BreadcrumbList","@id":"https:\/\/edbtestingwebsite.com\/produits\/dive-diagonal-laf\/#breadcrumb","itemListElement":[{"@type":"ListItem","position":1,"name":"Accueil","item":"https:\/\/edbtestingwebsite.com\/"},{"@type":"ListItem","position":2,"name":"Products","item":"https:\/\/edbtestingwebsite.com\/en\/products\/"},{"@type":"ListItem","position":3,"name":"Dive diagonal LAF"}]},{"@type":"WebSite","@id":"https:\/\/edbtestingwebsite.com\/#website","url":"https:\/\/edbtestingwebsite.com\/","name":"edb","description":"\u00e9l\u00e9ment de base","publisher":{"@id":"https:\/\/edbtestingwebsite.com\/#organization"},"potentialAction":[{"@type":"SearchAction","target":{"@type":"EntryPoint","urlTemplate":"https:\/\/edbtestingwebsite.com\/?s={search_term_string}"},"query-input":"required name=search_term_string"}],"inLanguage":"en-US"},{"@type":"Organization","@id":"https:\/\/edbtestingwebsite.com\/#organization","name":"\u00e9l\u00e9ment de base","url":"https:\/\/edbtestingwebsite.com\/","logo":{"@type":"ImageObject","inLanguage":"en-US","@id":"https:\/\/edbtestingwebsite.com\/#\/schema\/logo\/image\/","url":"https:\/\/edbtestingwebsite.com\/wp-content\/uploads\/2022\/10\/unnamed.png","contentUrl":"https:\/\/edbtestingwebsite.com\/wp-content\/uploads\/2022\/10\/unnamed.png","width":372,"height":368,"caption":"\u00e9l\u00e9ment de base"},"image":{"@id":"https:\/\/edbtestingwebsite.com\/#\/schema\/logo\/image\/"},"sameAs":["https:\/\/www.instagram.com\/elementdebase"]}]}},"_links":{"self":[{"href":"https:\/\/edbtestingwebsite.com\/en\/wp-json\/wp\/v2\/product\/20721"}],"collection":[{"href":"https:\/\/edbtestingwebsite.com\/en\/wp-json\/wp\/v2\/product"}],"about":[{"href":"https:\/\/edbtestingwebsite.com\/en\/wp-json\/wp\/v2\/types\/product"}],"wp:featuredmedia":[{"embeddable":true,"href":"https:\/\/edbtestingwebsite.com\/en\/wp-json\/wp\/v2\/media\/22060"}],"wp:attachment":[{"href":"https:\/\/edbtestingwebsite.com\/en\/wp-json\/wp\/v2\/media?parent=20721"}],"wp:term":[{"taxonomy":"product_cat","embeddable":true,"href":"https:\/\/edbtestingwebsite.com\/en\/wp-json\/wp\/v2\/product_cat?post=20721"},{"taxonomy":"product_tag","embeddable":true,"href":"https:\/\/edbtestingwebsite.com\/en\/wp-json\/wp\/v2\/product_tag?post=20721"}],"curies":[{"name":"wp","href":"https:\/\/api.w.org\/{rel}","templated":true}]}}