{"id":20894,"date":"2022-10-06T12:33:07","date_gmt":"2022-10-06T17:33:07","guid":{"rendered":"https:\/\/www.elementdebase.com\/?post_type=product&#038;p=20894"},"modified":"2022-11-09T11:43:56","modified_gmt":"2022-11-09T16:43:56","slug":"mixmix-star-raf","status":"publish","type":"product","link":"https:\/\/edbtestingwebsite.com\/en\/products\/mixmix-star-raf\/","title":{"rendered":"mixmix star RAF"},"content":{"rendered":"","protected":false},"excerpt":{"rendered":"<div class=\"product-description\">\n<div class=\"product-description\">\n<div class=\"product-description\">\n<p>_ $2295 member price.\u00a0\u00a0infinite possibilities. if there were a sofa that could morph into any conceivable shape, mixmix would win handsdown. because the mixmix collection consists of eight basic modules that offer endless configurations. clever modular design means the freedom to create new room layouts whenever the mood strikes. offered in pre-selected combos or by the piece, this model is made with transformation in mind. pick up just one or select a few modules to create your ideal space.<\/p>\n<\/div>\n<\/div>\n<\/div>\n","protected":false},"featured_media":22012,"template":"","meta":[],"product_cat":[110],"product_tag":[],"translation":{"provider":"WPGlobus","version":"2.10.6","language":"en","enabled_languages":["fr","en"],"languages":{"fr":{"title":true,"content":false,"excerpt":true},"en":{"title":true,"content":false,"excerpt":true}}},"acf":[],"yoast_head":"<!-- This site is optimized with the Yoast SEO plugin v19.10 - https:\/\/yoast.com\/wordpress\/plugins\/seo\/ -->\n<title>mixmix star RAF - edb<\/title>\n<meta name=\"description\" content=\"_ $2295 member price. infinite possibilities. if there were a sofa that could morph into any conceivable shape, mixmix would win handsdown. because the mixmix collection consists of eight basic modules that offer endless configurations. clever modular design means the freedom to create new room layouts whenever the mood strikes. offered in pre-selected combos or by the piece, this model is made with transformation in mind. pick up just one or select a few modules to create your ideal space.\" \/>\n<meta name=\"robots\" content=\"noindex, follow, max-snippet:-1, max-image-preview:large, max-video-preview:-1\" \/>\n<meta property=\"og:locale\" content=\"en_US\" \/>\n<meta property=\"og:type\" content=\"article\" \/>\n<meta property=\"og:title\" content=\"mixmix star RAF - edb\" \/>\n<meta property=\"og:description\" content=\"_ $2295 member price. infinite possibilities. if there were a sofa that could morph into any conceivable shape, mixmix would win handsdown. because the mixmix collection consists of eight basic modules that offer endless configurations. clever modular design means the freedom to create new room layouts whenever the mood strikes. offered in pre-selected combos or by the piece, this model is made with transformation in mind. pick up just one or select a few modules to create your ideal space.\" \/>\n<meta property=\"og:url\" content=\"https:\/\/edbtestingwebsite.com\/produits\/mixmix-star-raf\/\" \/>\n<meta property=\"og:site_name\" content=\"edb\" \/>\n<meta property=\"article:modified_time\" content=\"2022-11-09T16:43:56+00:00\" \/>\n<meta property=\"og:image\" content=\"https:\/\/edbtestingwebsite.com\/wp-content\/uploads\/2022\/10\/mixmix_star_corner_1500x920_LAF_0005_031-1.jpg\" \/>\n\t<meta property=\"og:image:width\" content=\"1500\" \/>\n\t<meta property=\"og:image:height\" content=\"920\" \/>\n\t<meta property=\"og:image:type\" content=\"image\/jpeg\" \/>\n<meta name=\"twitter:card\" content=\"summary_large_image\" \/>\n<script type=\"application\/ld+json\" class=\"yoast-schema-graph\">{\"@context\":\"https:\/\/schema.org\",\"@graph\":[{\"@type\":\"WebPage\",\"@id\":\"https:\/\/edbtestingwebsite.com\/produits\/mixmix-star-raf\/\",\"url\":\"https:\/\/edbtestingwebsite.com\/produits\/mixmix-star-raf\/\",\"name\":\"mixmix star RAF - edb\",\"isPartOf\":{\"@id\":\"https:\/\/edbtestingwebsite.com\/#website\"},\"datePublished\":\"2022-10-06T17:33:07+00:00\",\"dateModified\":\"2022-11-09T16:43:56+00:00\",\"description\":\"_ $2520 prix membre. la libert\u00e9 de recomposer. structur\u00e9 autour de huit formes \u00e9l\u00e9mentaires, le concept de mixmix repose sur sa flexibilit\u00e9 et sa polyvalence. comme aucun, il a la capacit\u00e9 de se moduler, de se r\u00e9incarner pour prendre \u00e0 chaque fois une forme nouvelle. sa vocation : permettre de repenser un espace aussi souvent que d\u00e9sir\u00e9. pr\u00e9levez un ou plusieurs modules propos\u00e9s \u00e0 la pi\u00e8ce ou en diverses combinaisons et laissez courir votre imagination.\",\"breadcrumb\":{\"@id\":\"https:\/\/edbtestingwebsite.com\/produits\/mixmix-star-raf\/#breadcrumb\"},\"inLanguage\":\"en-US\",\"potentialAction\":[{\"@type\":\"ReadAction\",\"target\":[\"https:\/\/edbtestingwebsite.com\/produits\/mixmix-star-raf\/\"]}]},{\"@type\":\"BreadcrumbList\",\"@id\":\"https:\/\/edbtestingwebsite.com\/produits\/mixmix-star-raf\/#breadcrumb\",\"itemListElement\":[{\"@type\":\"ListItem\",\"position\":1,\"name\":\"Accueil\",\"item\":\"https:\/\/edbtestingwebsite.com\/\"},{\"@type\":\"ListItem\",\"position\":2,\"name\":\"Products\",\"item\":\"https:\/\/edbtestingwebsite.com\/en\/products\/\"},{\"@type\":\"ListItem\",\"position\":3,\"name\":\"mixmix star RAF\"}]},{\"@type\":\"WebSite\",\"@id\":\"https:\/\/edbtestingwebsite.com\/#website\",\"url\":\"https:\/\/edbtestingwebsite.com\/\",\"name\":\"edb\",\"description\":\"\u00e9l\u00e9ment de base\",\"publisher\":{\"@id\":\"https:\/\/edbtestingwebsite.com\/#organization\"},\"potentialAction\":[{\"@type\":\"SearchAction\",\"target\":{\"@type\":\"EntryPoint\",\"urlTemplate\":\"https:\/\/edbtestingwebsite.com\/?s={search_term_string}\"},\"query-input\":\"required name=search_term_string\"}],\"inLanguage\":\"en-US\"},{\"@type\":\"Organization\",\"@id\":\"https:\/\/edbtestingwebsite.com\/#organization\",\"name\":\"\u00e9l\u00e9ment de base\",\"url\":\"https:\/\/edbtestingwebsite.com\/\",\"logo\":{\"@type\":\"ImageObject\",\"inLanguage\":\"en-US\",\"@id\":\"https:\/\/edbtestingwebsite.com\/#\/schema\/logo\/image\/\",\"url\":\"https:\/\/edbtestingwebsite.com\/wp-content\/uploads\/2022\/10\/unnamed.png\",\"contentUrl\":\"https:\/\/edbtestingwebsite.com\/wp-content\/uploads\/2022\/10\/unnamed.png\",\"width\":372,\"height\":368,\"caption\":\"\u00e9l\u00e9ment de base\"},\"image\":{\"@id\":\"https:\/\/edbtestingwebsite.com\/#\/schema\/logo\/image\/\"},\"sameAs\":[\"https:\/\/www.instagram.com\/elementdebase\"]}]}<\/script>\n<!-- \/ Yoast SEO plugin. -->","yoast_head_json":{"title":"mixmix star RAF - edb","description":"_ $2295 member price. infinite possibilities. if there were a sofa that could morph into any conceivable shape, mixmix would win handsdown. because the mixmix collection consists of eight basic modules that offer endless configurations. clever modular design means the freedom to create new room layouts whenever the mood strikes. offered in pre-selected combos or by the piece, this model is made with transformation in mind. pick up just one or select a few modules to create your ideal space.","robots":{"index":"noindex","follow":"follow","max-snippet":"max-snippet:-1","max-image-preview":"max-image-preview:large","max-video-preview":"max-video-preview:-1"},"og_locale":"en_US","og_type":"article","og_title":"mixmix star RAF - edb","og_description":"_ $2295 member price. infinite possibilities. if there were a sofa that could morph into any conceivable shape, mixmix would win handsdown. because the mixmix collection consists of eight basic modules that offer endless configurations. clever modular design means the freedom to create new room layouts whenever the mood strikes. offered in pre-selected combos or by the piece, this model is made with transformation in mind. pick up just one or select a few modules to create your ideal space.","og_url":"https:\/\/edbtestingwebsite.com\/produits\/mixmix-star-raf\/","og_site_name":"edb","article_modified_time":"2022-11-09T16:43:56+00:00","og_image":[{"width":1500,"height":920,"url":"https:\/\/edbtestingwebsite.com\/wp-content\/uploads\/2022\/10\/mixmix_star_corner_1500x920_LAF_0005_031-1.jpg","type":"image\/jpeg"}],"twitter_card":"summary_large_image","schema":{"@context":"https:\/\/schema.org","@graph":[{"@type":"WebPage","@id":"https:\/\/edbtestingwebsite.com\/produits\/mixmix-star-raf\/","url":"https:\/\/edbtestingwebsite.com\/produits\/mixmix-star-raf\/","name":"mixmix star RAF - edb","isPartOf":{"@id":"https:\/\/edbtestingwebsite.com\/#website"},"datePublished":"2022-10-06T17:33:07+00:00","dateModified":"2022-11-09T16:43:56+00:00","description":"_ $2520 prix membre. la libert\u00e9 de recomposer. structur\u00e9 autour de huit formes \u00e9l\u00e9mentaires, le concept de mixmix repose sur sa flexibilit\u00e9 et sa polyvalence. comme aucun, il a la capacit\u00e9 de se moduler, de se r\u00e9incarner pour prendre \u00e0 chaque fois une forme nouvelle. sa vocation : permettre de repenser un espace aussi souvent que d\u00e9sir\u00e9. pr\u00e9levez un ou plusieurs modules propos\u00e9s \u00e0 la pi\u00e8ce ou en diverses combinaisons et laissez courir votre imagination.","breadcrumb":{"@id":"https:\/\/edbtestingwebsite.com\/produits\/mixmix-star-raf\/#breadcrumb"},"inLanguage":"en-US","potentialAction":[{"@type":"ReadAction","target":["https:\/\/edbtestingwebsite.com\/produits\/mixmix-star-raf\/"]}]},{"@type":"BreadcrumbList","@id":"https:\/\/edbtestingwebsite.com\/produits\/mixmix-star-raf\/#breadcrumb","itemListElement":[{"@type":"ListItem","position":1,"name":"Accueil","item":"https:\/\/edbtestingwebsite.com\/"},{"@type":"ListItem","position":2,"name":"Products","item":"https:\/\/edbtestingwebsite.com\/en\/products\/"},{"@type":"ListItem","position":3,"name":"mixmix star RAF"}]},{"@type":"WebSite","@id":"https:\/\/edbtestingwebsite.com\/#website","url":"https:\/\/edbtestingwebsite.com\/","name":"edb","description":"\u00e9l\u00e9ment de base","publisher":{"@id":"https:\/\/edbtestingwebsite.com\/#organization"},"potentialAction":[{"@type":"SearchAction","target":{"@type":"EntryPoint","urlTemplate":"https:\/\/edbtestingwebsite.com\/?s={search_term_string}"},"query-input":"required name=search_term_string"}],"inLanguage":"en-US"},{"@type":"Organization","@id":"https:\/\/edbtestingwebsite.com\/#organization","name":"\u00e9l\u00e9ment de base","url":"https:\/\/edbtestingwebsite.com\/","logo":{"@type":"ImageObject","inLanguage":"en-US","@id":"https:\/\/edbtestingwebsite.com\/#\/schema\/logo\/image\/","url":"https:\/\/edbtestingwebsite.com\/wp-content\/uploads\/2022\/10\/unnamed.png","contentUrl":"https:\/\/edbtestingwebsite.com\/wp-content\/uploads\/2022\/10\/unnamed.png","width":372,"height":368,"caption":"\u00e9l\u00e9ment de base"},"image":{"@id":"https:\/\/edbtestingwebsite.com\/#\/schema\/logo\/image\/"},"sameAs":["https:\/\/www.instagram.com\/elementdebase"]}]}},"_links":{"self":[{"href":"https:\/\/edbtestingwebsite.com\/en\/wp-json\/wp\/v2\/product\/20894"}],"collection":[{"href":"https:\/\/edbtestingwebsite.com\/en\/wp-json\/wp\/v2\/product"}],"about":[{"href":"https:\/\/edbtestingwebsite.com\/en\/wp-json\/wp\/v2\/types\/product"}],"wp:featuredmedia":[{"embeddable":true,"href":"https:\/\/edbtestingwebsite.com\/en\/wp-json\/wp\/v2\/media\/22012"}],"wp:attachment":[{"href":"https:\/\/edbtestingwebsite.com\/en\/wp-json\/wp\/v2\/media?parent=20894"}],"wp:term":[{"taxonomy":"product_cat","embeddable":true,"href":"https:\/\/edbtestingwebsite.com\/en\/wp-json\/wp\/v2\/product_cat?post=20894"},{"taxonomy":"product_tag","embeddable":true,"href":"https:\/\/edbtestingwebsite.com\/en\/wp-json\/wp\/v2\/product_tag?post=20894"}],"curies":[{"name":"wp","href":"https:\/\/api.w.org\/{rel}","templated":true}]}}