{"id":21149,"date":"2022-10-07T12:57:10","date_gmt":"2022-10-07T17:57:10","guid":{"rendered":"https:\/\/www.elementdebase.com\/?post_type=product&#038;p=21149"},"modified":"2022-11-10T11:39:34","modified_gmt":"2022-11-10T16:39:34","slug":"taxi-2p","status":"publish","type":"product","link":"https:\/\/edbtestingwebsite.com\/en\/products\/taxi-2p\/","title":{"rendered":"TAXI 2P"},"content":{"rendered":"","protected":false},"excerpt":{"rendered":"<p>_ $1295 member price.\u00a0\u00a0short and sweet. designed to take as little space as possible, the taxi is characterized by its short depth\u2014just 27 inches deep. sitting on a full metal base, it projects a light, gracious profile. perfect for small spaces or rooms that require formal sitting.<\/p>\n","protected":false},"featured_media":22056,"template":"","meta":[],"product_cat":[115],"product_tag":[],"translation":{"provider":"WPGlobus","version":"2.10.6","language":"en","enabled_languages":["fr","en"],"languages":{"fr":{"title":true,"content":false,"excerpt":true},"en":{"title":true,"content":false,"excerpt":true}}},"acf":[],"yoast_head":"<!-- This site is optimized with the Yoast SEO plugin v19.10 - https:\/\/yoast.com\/wordpress\/plugins\/seo\/ -->\n<title>TAXI 2P - edb<\/title>\n<meta name=\"description\" content=\"_ $1295 member price. short and sweet. designed to take as little space as possible, the taxi is characterized by its short depth\u2014just 27 inches deep. sitting on a full metal base, it projects a light, gracious profile. perfect for small spaces or rooms that require formal sitting.\" \/>\n<meta name=\"robots\" content=\"noindex, follow, max-snippet:-1, max-image-preview:large, max-video-preview:-1\" \/>\n<meta property=\"og:locale\" content=\"en_US\" \/>\n<meta property=\"og:type\" content=\"article\" \/>\n<meta property=\"og:title\" content=\"TAXI 2P - edb\" \/>\n<meta property=\"og:description\" content=\"_ $1295 member price. short and sweet. designed to take as little space as possible, the taxi is characterized by its short depth\u2014just 27 inches deep. sitting on a full metal base, it projects a light, gracious profile. perfect for small spaces or rooms that require formal sitting.\" \/>\n<meta property=\"og:url\" content=\"https:\/\/edbtestingwebsite.com\/produits\/taxi-2p\/\" \/>\n<meta property=\"og:site_name\" content=\"edb\" \/>\n<meta property=\"article:modified_time\" content=\"2022-11-10T16:39:34+00:00\" \/>\n<meta property=\"og:image\" content=\"https:\/\/edbtestingwebsite.com\/wp-content\/uploads\/2022\/10\/sofas_2P_0002_taxi_2P_front-1.jpg\" \/>\n\t<meta property=\"og:image:width\" content=\"1500\" \/>\n\t<meta property=\"og:image:height\" content=\"920\" \/>\n\t<meta property=\"og:image:type\" content=\"image\/jpeg\" \/>\n<meta name=\"twitter:card\" content=\"summary_large_image\" \/>\n<script type=\"application\/ld+json\" class=\"yoast-schema-graph\">{\"@context\":\"https:\/\/schema.org\",\"@graph\":[{\"@type\":\"WebPage\",\"@id\":\"https:\/\/edbtestingwebsite.com\/produits\/taxi-2p\/\",\"url\":\"https:\/\/edbtestingwebsite.com\/produits\/taxi-2p\/\",\"name\":\"TAXI 2P - edb\",\"isPartOf\":{\"@id\":\"https:\/\/edbtestingwebsite.com\/#website\"},\"datePublished\":\"2022-10-07T17:57:10+00:00\",\"dateModified\":\"2022-11-10T16:39:34+00:00\",\"description\":\"_ $1350 prix membre. petit. tout petit. le taxi est le canap\u00e9 r\u00eav\u00e9 des environnements exigus, toutes vocations confondues. sa profondeur r\u00e9duite \u00e0 27 pouces am\u00e8ne \u00e0 son apog\u00e9e le concept du mobilier compact\u00e9. d\u00e9pos\u00e9 sur une base m\u00e9tallique int\u00e9grale, le taxi est discret, l\u00e9ger, gracieux.\",\"breadcrumb\":{\"@id\":\"https:\/\/edbtestingwebsite.com\/produits\/taxi-2p\/#breadcrumb\"},\"inLanguage\":\"en-US\",\"potentialAction\":[{\"@type\":\"ReadAction\",\"target\":[\"https:\/\/edbtestingwebsite.com\/produits\/taxi-2p\/\"]}]},{\"@type\":\"BreadcrumbList\",\"@id\":\"https:\/\/edbtestingwebsite.com\/produits\/taxi-2p\/#breadcrumb\",\"itemListElement\":[{\"@type\":\"ListItem\",\"position\":1,\"name\":\"Accueil\",\"item\":\"https:\/\/edbtestingwebsite.com\/\"},{\"@type\":\"ListItem\",\"position\":2,\"name\":\"Products\",\"item\":\"https:\/\/edbtestingwebsite.com\/en\/products\/\"},{\"@type\":\"ListItem\",\"position\":3,\"name\":\"TAXI 2P\"}]},{\"@type\":\"WebSite\",\"@id\":\"https:\/\/edbtestingwebsite.com\/#website\",\"url\":\"https:\/\/edbtestingwebsite.com\/\",\"name\":\"edb\",\"description\":\"\u00e9l\u00e9ment de base\",\"publisher\":{\"@id\":\"https:\/\/edbtestingwebsite.com\/#organization\"},\"potentialAction\":[{\"@type\":\"SearchAction\",\"target\":{\"@type\":\"EntryPoint\",\"urlTemplate\":\"https:\/\/edbtestingwebsite.com\/?s={search_term_string}\"},\"query-input\":\"required name=search_term_string\"}],\"inLanguage\":\"en-US\"},{\"@type\":\"Organization\",\"@id\":\"https:\/\/edbtestingwebsite.com\/#organization\",\"name\":\"\u00e9l\u00e9ment de base\",\"url\":\"https:\/\/edbtestingwebsite.com\/\",\"logo\":{\"@type\":\"ImageObject\",\"inLanguage\":\"en-US\",\"@id\":\"https:\/\/edbtestingwebsite.com\/#\/schema\/logo\/image\/\",\"url\":\"https:\/\/edbtestingwebsite.com\/wp-content\/uploads\/2022\/10\/unnamed.png\",\"contentUrl\":\"https:\/\/edbtestingwebsite.com\/wp-content\/uploads\/2022\/10\/unnamed.png\",\"width\":372,\"height\":368,\"caption\":\"\u00e9l\u00e9ment de base\"},\"image\":{\"@id\":\"https:\/\/edbtestingwebsite.com\/#\/schema\/logo\/image\/\"},\"sameAs\":[\"https:\/\/www.instagram.com\/elementdebase\"]}]}<\/script>\n<!-- \/ Yoast SEO plugin. -->","yoast_head_json":{"title":"TAXI 2P - edb","description":"_ $1295 member price. short and sweet. designed to take as little space as possible, the taxi is characterized by its short depth\u2014just 27 inches deep. sitting on a full metal base, it projects a light, gracious profile. perfect for small spaces or rooms that require formal sitting.","robots":{"index":"noindex","follow":"follow","max-snippet":"max-snippet:-1","max-image-preview":"max-image-preview:large","max-video-preview":"max-video-preview:-1"},"og_locale":"en_US","og_type":"article","og_title":"TAXI 2P - edb","og_description":"_ $1295 member price. short and sweet. designed to take as little space as possible, the taxi is characterized by its short depth\u2014just 27 inches deep. sitting on a full metal base, it projects a light, gracious profile. perfect for small spaces or rooms that require formal sitting.","og_url":"https:\/\/edbtestingwebsite.com\/produits\/taxi-2p\/","og_site_name":"edb","article_modified_time":"2022-11-10T16:39:34+00:00","og_image":[{"width":1500,"height":920,"url":"https:\/\/edbtestingwebsite.com\/wp-content\/uploads\/2022\/10\/sofas_2P_0002_taxi_2P_front-1.jpg","type":"image\/jpeg"}],"twitter_card":"summary_large_image","schema":{"@context":"https:\/\/schema.org","@graph":[{"@type":"WebPage","@id":"https:\/\/edbtestingwebsite.com\/produits\/taxi-2p\/","url":"https:\/\/edbtestingwebsite.com\/produits\/taxi-2p\/","name":"TAXI 2P - edb","isPartOf":{"@id":"https:\/\/edbtestingwebsite.com\/#website"},"datePublished":"2022-10-07T17:57:10+00:00","dateModified":"2022-11-10T16:39:34+00:00","description":"_ $1350 prix membre. petit. tout petit. le taxi est le canap\u00e9 r\u00eav\u00e9 des environnements exigus, toutes vocations confondues. sa profondeur r\u00e9duite \u00e0 27 pouces am\u00e8ne \u00e0 son apog\u00e9e le concept du mobilier compact\u00e9. d\u00e9pos\u00e9 sur une base m\u00e9tallique int\u00e9grale, le taxi est discret, l\u00e9ger, gracieux.","breadcrumb":{"@id":"https:\/\/edbtestingwebsite.com\/produits\/taxi-2p\/#breadcrumb"},"inLanguage":"en-US","potentialAction":[{"@type":"ReadAction","target":["https:\/\/edbtestingwebsite.com\/produits\/taxi-2p\/"]}]},{"@type":"BreadcrumbList","@id":"https:\/\/edbtestingwebsite.com\/produits\/taxi-2p\/#breadcrumb","itemListElement":[{"@type":"ListItem","position":1,"name":"Accueil","item":"https:\/\/edbtestingwebsite.com\/"},{"@type":"ListItem","position":2,"name":"Products","item":"https:\/\/edbtestingwebsite.com\/en\/products\/"},{"@type":"ListItem","position":3,"name":"TAXI 2P"}]},{"@type":"WebSite","@id":"https:\/\/edbtestingwebsite.com\/#website","url":"https:\/\/edbtestingwebsite.com\/","name":"edb","description":"\u00e9l\u00e9ment de base","publisher":{"@id":"https:\/\/edbtestingwebsite.com\/#organization"},"potentialAction":[{"@type":"SearchAction","target":{"@type":"EntryPoint","urlTemplate":"https:\/\/edbtestingwebsite.com\/?s={search_term_string}"},"query-input":"required name=search_term_string"}],"inLanguage":"en-US"},{"@type":"Organization","@id":"https:\/\/edbtestingwebsite.com\/#organization","name":"\u00e9l\u00e9ment de base","url":"https:\/\/edbtestingwebsite.com\/","logo":{"@type":"ImageObject","inLanguage":"en-US","@id":"https:\/\/edbtestingwebsite.com\/#\/schema\/logo\/image\/","url":"https:\/\/edbtestingwebsite.com\/wp-content\/uploads\/2022\/10\/unnamed.png","contentUrl":"https:\/\/edbtestingwebsite.com\/wp-content\/uploads\/2022\/10\/unnamed.png","width":372,"height":368,"caption":"\u00e9l\u00e9ment de base"},"image":{"@id":"https:\/\/edbtestingwebsite.com\/#\/schema\/logo\/image\/"},"sameAs":["https:\/\/www.instagram.com\/elementdebase"]}]}},"_links":{"self":[{"href":"https:\/\/edbtestingwebsite.com\/en\/wp-json\/wp\/v2\/product\/21149"}],"collection":[{"href":"https:\/\/edbtestingwebsite.com\/en\/wp-json\/wp\/v2\/product"}],"about":[{"href":"https:\/\/edbtestingwebsite.com\/en\/wp-json\/wp\/v2\/types\/product"}],"wp:featuredmedia":[{"embeddable":true,"href":"https:\/\/edbtestingwebsite.com\/en\/wp-json\/wp\/v2\/media\/22056"}],"wp:attachment":[{"href":"https:\/\/edbtestingwebsite.com\/en\/wp-json\/wp\/v2\/media?parent=21149"}],"wp:term":[{"taxonomy":"product_cat","embeddable":true,"href":"https:\/\/edbtestingwebsite.com\/en\/wp-json\/wp\/v2\/product_cat?post=21149"},{"taxonomy":"product_tag","embeddable":true,"href":"https:\/\/edbtestingwebsite.com\/en\/wp-json\/wp\/v2\/product_tag?post=21149"}],"curies":[{"name":"wp","href":"https:\/\/api.w.org\/{rel}","templated":true}]}}