{"id":21702,"date":"2022-10-20T11:26:06","date_gmt":"2022-10-20T16:26:06","guid":{"rendered":"https:\/\/www.elementdebase.com\/?post_type=product&#038;p=21702"},"modified":"2022-11-04T10:25:34","modified_gmt":"2022-11-04T15:25:34","slug":"slc-2","status":"publish","type":"product","link":"https:\/\/edbtestingwebsite.com\/en\/products\/slc-2\/","title":{"rendered":"SLC-2"},"content":{"rendered":"","protected":false},"excerpt":{"rendered":"<p>_ $1095 member price. each module is composed of three puffy slices of upholstered seats. straight, inwardly curved or backwardly curved. used as a single chair or combined to create a personal seating configuration of any length. conceived with slipcovers in mind, the edb design team came up with a detachable chair construction that can be disassembled and bolted back up whenever the need for putting on covers arises.<\/p>\n","protected":false},"featured_media":15949,"template":"","meta":[],"product_cat":[39],"product_tag":[],"translation":{"provider":"WPGlobus","version":"2.10.6","language":"en","enabled_languages":["fr","en"],"languages":{"fr":{"title":true,"content":false,"excerpt":true},"en":{"title":true,"content":false,"excerpt":true}}},"acf":[],"yoast_head":"<!-- This site is optimized with the Yoast SEO plugin v19.10 - https:\/\/yoast.com\/wordpress\/plugins\/seo\/ -->\n<title>SLC-2 - edb<\/title>\n<meta name=\"description\" content=\"_ $1095 member price. each module is composed of three puffy slices of upholstered seats. straight, inwardly curved or backwardly curved. used as a single chair or combined to create a personal seating configuration of any length. conceived with slipcovers in mind, the edb design team came up with a detachable chair construction that can be disassembled and bolted back up whenever the need for putting on covers arises.\" \/>\n<meta name=\"robots\" content=\"noindex, follow, max-snippet:-1, max-image-preview:large, max-video-preview:-1\" \/>\n<meta property=\"og:locale\" content=\"en_US\" \/>\n<meta property=\"og:type\" content=\"article\" \/>\n<meta property=\"og:title\" content=\"SLC-2 - edb\" \/>\n<meta property=\"og:description\" content=\"_ $1095 member price. each module is composed of three puffy slices of upholstered seats. straight, inwardly curved or backwardly curved. used as a single chair or combined to create a personal seating configuration of any length. conceived with slipcovers in mind, the edb design team came up with a detachable chair construction that can be disassembled and bolted back up whenever the need for putting on covers arises.\" \/>\n<meta property=\"og:url\" content=\"https:\/\/edbtestingwebsite.com\/produits\/slc-2\/\" \/>\n<meta property=\"og:site_name\" content=\"edb\" \/>\n<meta property=\"article:modified_time\" content=\"2022-11-04T15:25:34+00:00\" \/>\n<meta property=\"og:image\" content=\"https:\/\/edbtestingwebsite.com\/wp-content\/uploads\/2021\/12\/Slice_fond-blanc-1500_0003_3756.jpg\" \/>\n\t<meta property=\"og:image:width\" content=\"1500\" \/>\n\t<meta property=\"og:image:height\" content=\"920\" \/>\n\t<meta property=\"og:image:type\" content=\"image\/jpeg\" \/>\n<meta name=\"twitter:card\" content=\"summary_large_image\" \/>\n<script type=\"application\/ld+json\" class=\"yoast-schema-graph\">{\"@context\":\"https:\/\/schema.org\",\"@graph\":[{\"@type\":\"WebPage\",\"@id\":\"https:\/\/edbtestingwebsite.com\/produits\/slc-2\/\",\"url\":\"https:\/\/edbtestingwebsite.com\/produits\/slc-2\/\",\"name\":\"SLC-2 - edb\",\"isPartOf\":{\"@id\":\"https:\/\/edbtestingwebsite.com\/#website\"},\"datePublished\":\"2022-10-20T16:26:06+00:00\",\"dateModified\":\"2022-11-04T15:25:34+00:00\",\"description\":\"_ $1095 prix membre.chaque module est compos\u00e9 de trois tranches d\u2019assise rembourr\u00e9es. droit, incurv\u00e9 vers l\u2019int\u00e9rieur ou incurv\u00e9 vers l\u2019arri\u00e8re. utilis\u00e9 comme un si\u00e8ge ind\u00e9pendant ou combin\u00e9 pour cr\u00e9er une configuration personnalis\u00e9e de n\u2019importe quelle longueur. le syst\u00e8me est con\u00e7u avec le rehoussage en t\u00eate. l\u2019\u00e9quipe de design edb propose un fauteuil qui peut \u00eatre d\u00e9mont\u00e9 et remont\u00e9 afin de faciliter le d\u00e9houssage et le rehoussage de chaque morceau.\",\"breadcrumb\":{\"@id\":\"https:\/\/edbtestingwebsite.com\/produits\/slc-2\/#breadcrumb\"},\"inLanguage\":\"en-US\",\"potentialAction\":[{\"@type\":\"ReadAction\",\"target\":[\"https:\/\/edbtestingwebsite.com\/produits\/slc-2\/\"]}]},{\"@type\":\"BreadcrumbList\",\"@id\":\"https:\/\/edbtestingwebsite.com\/produits\/slc-2\/#breadcrumb\",\"itemListElement\":[{\"@type\":\"ListItem\",\"position\":1,\"name\":\"Accueil\",\"item\":\"https:\/\/edbtestingwebsite.com\/\"},{\"@type\":\"ListItem\",\"position\":2,\"name\":\"Products\",\"item\":\"https:\/\/edbtestingwebsite.com\/en\/products\/\"},{\"@type\":\"ListItem\",\"position\":3,\"name\":\"SLC-2\"}]},{\"@type\":\"WebSite\",\"@id\":\"https:\/\/edbtestingwebsite.com\/#website\",\"url\":\"https:\/\/edbtestingwebsite.com\/\",\"name\":\"edb\",\"description\":\"\u00e9l\u00e9ment de base\",\"publisher\":{\"@id\":\"https:\/\/edbtestingwebsite.com\/#organization\"},\"potentialAction\":[{\"@type\":\"SearchAction\",\"target\":{\"@type\":\"EntryPoint\",\"urlTemplate\":\"https:\/\/edbtestingwebsite.com\/?s={search_term_string}\"},\"query-input\":\"required name=search_term_string\"}],\"inLanguage\":\"en-US\"},{\"@type\":\"Organization\",\"@id\":\"https:\/\/edbtestingwebsite.com\/#organization\",\"name\":\"\u00e9l\u00e9ment de base\",\"url\":\"https:\/\/edbtestingwebsite.com\/\",\"logo\":{\"@type\":\"ImageObject\",\"inLanguage\":\"en-US\",\"@id\":\"https:\/\/edbtestingwebsite.com\/#\/schema\/logo\/image\/\",\"url\":\"https:\/\/edbtestingwebsite.com\/wp-content\/uploads\/2022\/10\/unnamed.png\",\"contentUrl\":\"https:\/\/edbtestingwebsite.com\/wp-content\/uploads\/2022\/10\/unnamed.png\",\"width\":372,\"height\":368,\"caption\":\"\u00e9l\u00e9ment de base\"},\"image\":{\"@id\":\"https:\/\/edbtestingwebsite.com\/#\/schema\/logo\/image\/\"},\"sameAs\":[\"https:\/\/www.instagram.com\/elementdebase\"]}]}<\/script>\n<!-- \/ Yoast SEO plugin. -->","yoast_head_json":{"title":"SLC-2 - edb","description":"_ $1095 member price. each module is composed of three puffy slices of upholstered seats. straight, inwardly curved or backwardly curved. used as a single chair or combined to create a personal seating configuration of any length. conceived with slipcovers in mind, the edb design team came up with a detachable chair construction that can be disassembled and bolted back up whenever the need for putting on covers arises.","robots":{"index":"noindex","follow":"follow","max-snippet":"max-snippet:-1","max-image-preview":"max-image-preview:large","max-video-preview":"max-video-preview:-1"},"og_locale":"en_US","og_type":"article","og_title":"SLC-2 - edb","og_description":"_ $1095 member price. each module is composed of three puffy slices of upholstered seats. straight, inwardly curved or backwardly curved. used as a single chair or combined to create a personal seating configuration of any length. conceived with slipcovers in mind, the edb design team came up with a detachable chair construction that can be disassembled and bolted back up whenever the need for putting on covers arises.","og_url":"https:\/\/edbtestingwebsite.com\/produits\/slc-2\/","og_site_name":"edb","article_modified_time":"2022-11-04T15:25:34+00:00","og_image":[{"width":1500,"height":920,"url":"https:\/\/edbtestingwebsite.com\/wp-content\/uploads\/2021\/12\/Slice_fond-blanc-1500_0003_3756.jpg","type":"image\/jpeg"}],"twitter_card":"summary_large_image","schema":{"@context":"https:\/\/schema.org","@graph":[{"@type":"WebPage","@id":"https:\/\/edbtestingwebsite.com\/produits\/slc-2\/","url":"https:\/\/edbtestingwebsite.com\/produits\/slc-2\/","name":"SLC-2 - edb","isPartOf":{"@id":"https:\/\/edbtestingwebsite.com\/#website"},"datePublished":"2022-10-20T16:26:06+00:00","dateModified":"2022-11-04T15:25:34+00:00","description":"_ $1095 prix membre.chaque module est compos\u00e9 de trois tranches d\u2019assise rembourr\u00e9es. droit, incurv\u00e9 vers l\u2019int\u00e9rieur ou incurv\u00e9 vers l\u2019arri\u00e8re. utilis\u00e9 comme un si\u00e8ge ind\u00e9pendant ou combin\u00e9 pour cr\u00e9er une configuration personnalis\u00e9e de n\u2019importe quelle longueur. le syst\u00e8me est con\u00e7u avec le rehoussage en t\u00eate. l\u2019\u00e9quipe de design edb propose un fauteuil qui peut \u00eatre d\u00e9mont\u00e9 et remont\u00e9 afin de faciliter le d\u00e9houssage et le rehoussage de chaque morceau.","breadcrumb":{"@id":"https:\/\/edbtestingwebsite.com\/produits\/slc-2\/#breadcrumb"},"inLanguage":"en-US","potentialAction":[{"@type":"ReadAction","target":["https:\/\/edbtestingwebsite.com\/produits\/slc-2\/"]}]},{"@type":"BreadcrumbList","@id":"https:\/\/edbtestingwebsite.com\/produits\/slc-2\/#breadcrumb","itemListElement":[{"@type":"ListItem","position":1,"name":"Accueil","item":"https:\/\/edbtestingwebsite.com\/"},{"@type":"ListItem","position":2,"name":"Products","item":"https:\/\/edbtestingwebsite.com\/en\/products\/"},{"@type":"ListItem","position":3,"name":"SLC-2"}]},{"@type":"WebSite","@id":"https:\/\/edbtestingwebsite.com\/#website","url":"https:\/\/edbtestingwebsite.com\/","name":"edb","description":"\u00e9l\u00e9ment de base","publisher":{"@id":"https:\/\/edbtestingwebsite.com\/#organization"},"potentialAction":[{"@type":"SearchAction","target":{"@type":"EntryPoint","urlTemplate":"https:\/\/edbtestingwebsite.com\/?s={search_term_string}"},"query-input":"required name=search_term_string"}],"inLanguage":"en-US"},{"@type":"Organization","@id":"https:\/\/edbtestingwebsite.com\/#organization","name":"\u00e9l\u00e9ment de base","url":"https:\/\/edbtestingwebsite.com\/","logo":{"@type":"ImageObject","inLanguage":"en-US","@id":"https:\/\/edbtestingwebsite.com\/#\/schema\/logo\/image\/","url":"https:\/\/edbtestingwebsite.com\/wp-content\/uploads\/2022\/10\/unnamed.png","contentUrl":"https:\/\/edbtestingwebsite.com\/wp-content\/uploads\/2022\/10\/unnamed.png","width":372,"height":368,"caption":"\u00e9l\u00e9ment de base"},"image":{"@id":"https:\/\/edbtestingwebsite.com\/#\/schema\/logo\/image\/"},"sameAs":["https:\/\/www.instagram.com\/elementdebase"]}]}},"_links":{"self":[{"href":"https:\/\/edbtestingwebsite.com\/en\/wp-json\/wp\/v2\/product\/21702"}],"collection":[{"href":"https:\/\/edbtestingwebsite.com\/en\/wp-json\/wp\/v2\/product"}],"about":[{"href":"https:\/\/edbtestingwebsite.com\/en\/wp-json\/wp\/v2\/types\/product"}],"wp:featuredmedia":[{"embeddable":true,"href":"https:\/\/edbtestingwebsite.com\/en\/wp-json\/wp\/v2\/media\/15949"}],"wp:attachment":[{"href":"https:\/\/edbtestingwebsite.com\/en\/wp-json\/wp\/v2\/media?parent=21702"}],"wp:term":[{"taxonomy":"product_cat","embeddable":true,"href":"https:\/\/edbtestingwebsite.com\/en\/wp-json\/wp\/v2\/product_cat?post=21702"},{"taxonomy":"product_tag","embeddable":true,"href":"https:\/\/edbtestingwebsite.com\/en\/wp-json\/wp\/v2\/product_tag?post=21702"}],"curies":[{"name":"wp","href":"https:\/\/api.w.org\/{rel}","templated":true}]}}